{"id":17081,"date":"2025-06-20T19:16:26","date_gmt":"2025-06-20T23:16:26","guid":{"rendered":"https:\/\/www.multicasa.com.br\/inicio\/?post_type=product&#038;p=17081"},"modified":"2025-08-17T19:06:46","modified_gmt":"2025-08-17T23:06:46","slug":"refletor-led-200w-ip65-preto-6-5k-avant","status":"publish","type":"product","link":"https:\/\/www.multicasa.com.br\/inicio\/produto\/refletor-led-200w-ip65-preto-6-5k-avant\/","title":{"rendered":"Refletor Led 200W Ip65 Preto 6.5K Avant"},"content":{"rendered":"<p>O refletor led Slim de 200W da AVANT \u00e9 indicada quem quer potencia, qualidade e pre\u00e7o ao mesmo tempo, sendo perfeito para ambientes grandes que necessitam grandes quantidades de ilumina\u00e7\u00e3o. em usos comerciais, residenciais e industrial.<\/p>\n","protected":false},"excerpt":{"rendered":"<h4 style=\"margin: 0px;padding: 0px 0px 16px;font-family: Lato, sans-serif;font-weight: bold;line-height: 3rem;color: var(--dark-grey3);font-size: 22px;font-style: normal;letter-spacing: normal;text-align: start;text-indent: 0px;text-transform: none\">Informa\u00e7\u00f5es t\u00e9cnicas<\/h4>\n<p><span style=\"margin: 0px;padding: 0px;font-weight: 450;font-size: 14px;line-height: 21px;color: var(--dark-grey2);font-family: Lato, sans-serif;font-style: normal;letter-spacing: normal;text-align: start;text-indent: 0px;text-transform: none\">Produto: REFLETOR LED 200W IP65 PRETO 6.5K AVANT<br \/>\nMarca: AVANT<br \/>\nCor: branco<\/p>\n<p>Caracter\u00edsticas<br \/>\n&#8211; Garantia de 1 ano;<br \/>\n&#8211; Pot\u00eancia de 200W;<br \/>\n&#8211; Fluxo luminoso: 15000lm;<br \/>\n&#8211; Corpo em alum\u00ednio e difusor em vidro.<br \/>\n&#8211; Possui driver incorporado.<br \/>\n&#8211; N\u00e3o desbota objetos (n\u00e3o emite ultravioleta).<br \/>\n&#8211; Fluxo luminoso constante em toda faixa de tens\u00e3o.<br \/>\n&#8211; Constru\u00e7\u00e3o livre de merc\u00fario.<br \/>\n&#8211; Baixo consumo de energia.<br \/>\n&#8211; Tens\u00e3o: 100V &#8211; 240V Bivolt;<br \/>\n&#8211; \u00cdndice de prote\u00e7\u00e3o: IP65;<br \/>\n&#8211; Vida \u00fatil de 25.000 horas;<br \/>\n&#8211; Uso Externo;<br \/>\n&#8211; N\u00e3o Dimerizavel;<br \/>\n&#8211; Tamanho: 600 x 360 x 60mm.<\/span><\/p>\n","protected":false},"featured_media":25898,"template":"","meta":{"_joinchat":[]},"product_brand":[],"product_cat":[145],"product_tag":[],"class_list":{"0":"post-17081","1":"product","2":"type-product","3":"status-publish","4":"has-post-thumbnail","6":"product_cat-leds-comerciais","8":"first","9":"outofstock","10":"shipping-taxable","11":"purchasable","12":"product-type-simple"},"_links":{"self":[{"href":"https:\/\/www.multicasa.com.br\/inicio\/wp-json\/wp\/v2\/product\/17081","targetHints":{"allow":["GET"]}}],"collection":[{"href":"https:\/\/www.multicasa.com.br\/inicio\/wp-json\/wp\/v2\/product"}],"about":[{"href":"https:\/\/www.multicasa.com.br\/inicio\/wp-json\/wp\/v2\/types\/product"}],"wp:featuredmedia":[{"embeddable":true,"href":"https:\/\/www.multicasa.com.br\/inicio\/wp-json\/wp\/v2\/media\/25898"}],"wp:attachment":[{"href":"https:\/\/www.multicasa.com.br\/inicio\/wp-json\/wp\/v2\/media?parent=17081"}],"wp:term":[{"taxonomy":"product_brand","embeddable":true,"href":"https:\/\/www.multicasa.com.br\/inicio\/wp-json\/wp\/v2\/product_brand?post=17081"},{"taxonomy":"product_cat","embeddable":true,"href":"https:\/\/www.multicasa.com.br\/inicio\/wp-json\/wp\/v2\/product_cat?post=17081"},{"taxonomy":"product_tag","embeddable":true,"href":"https:\/\/www.multicasa.com.br\/inicio\/wp-json\/wp\/v2\/product_tag?post=17081"}],"curies":[{"name":"wp","href":"https:\/\/api.w.org\/{rel}","templated":true}]}}