{"id":17082,"date":"2025-06-20T19:16:26","date_gmt":"2025-06-20T23:16:26","guid":{"rendered":"https:\/\/www.multicasa.com.br\/inicio\/?post_type=product&#038;p=17082"},"modified":"2025-06-23T09:52:06","modified_gmt":"2025-06-23T13:52:06","slug":"bomba-periferica-1-2cv-bivolt-lorenzetti","status":"publish","type":"product","link":"https:\/\/www.multicasa.com.br\/inicio\/produto\/bomba-periferica-1-2cv-bivolt-lorenzetti\/","title":{"rendered":"Bomba Perif\u00e9rica 1\/2Cv Bivolt Lorenzetti"},"content":{"rendered":"<p>A Lorenzetti lan\u00e7a a linha de Bombas Perif\u00e9ricas BPL-35 e BPL-50. As solu\u00e7\u00f5es s\u00e3o ideais para transfer\u00eancia de \u00e1gua limpa de cisternas, rios, reservat\u00f3rios, e para o abastecimento de resid\u00eancias, ind\u00fastrias e para o campo, em pequenas irriga\u00e7\u00f5es, e em sistemas que necessitam de press\u00f5es maiores.<\/p>\n<p>As Bombas Perif\u00e9ricas da Lorenzetti contam com prote\u00e7\u00e3o t\u00e9rmica, um termostato que desliga a bomba automaticamente no caso de superaquecimento, evitando a queima do motor.<\/p>\n<p>Ideais para abastecimento residencial e comercial, as Bombas BPL-35 e BPL-50 apresentam baixo n\u00edvel de ru\u00eddo, com vaz\u00e3o de at\u00e9 35 e 50 litros de \u00e1gua por minuto e press\u00e3o m\u00e1xima de 35 e 60 m.c.a (metros de coluna d\u00b4agua), respectivamente. Al\u00e9m disso, s\u00e3o bivolt com chave seletora e t\u00eam capacidade de suc\u00e7\u00e3o de at\u00e9 8 metros.<\/p>\n<p>Os produtos possuem f\u00e1cil instala\u00e7\u00e3o, manuten\u00e7\u00e3o pr\u00e1tica e econ\u00f4mica e s\u00e3o dur\u00e1veis, uma vez que s\u00e3o constitu\u00eddos com o corpo do motor em alum\u00ednio e o impulsor em lat\u00e3o, mat\u00e9ria-prima resistente \u00e0 corros\u00e3o.<\/p>\n<p>\u0093Efici\u00eancia e alta performance s\u00e3o as principais caracter\u00edsticas e diferenciais das Bombas Perif\u00e9ricas BPL-35 e BPL-50, solu\u00e7\u00f5es inteligentes e completas para o bombeamento de \u00e1gua limpa em resid\u00eancias, ind\u00fastrias e em irriga\u00e7\u00f5es de campos\u0094, comenta Paulo Galina, gerente de marketing da Lorenzetti.<\/p>\n","protected":false},"excerpt":{"rendered":"<h4 style=\"margin: 0px;padding: 0px 0px 16px;font-family: Lato, sans-serif;font-weight: bold;line-height: 3rem;color: var(--dark-grey3);font-size: 22px;font-style: normal;letter-spacing: normal;text-align: start;text-indent: 0px;text-transform: none\">Informa\u00e7\u00f5es t\u00e9cnicas<\/h4>\n<p><span style=\"margin: 0px;padding: 0px;font-weight: 450;font-size: 14px;line-height: 21px;color: var(--dark-grey2);font-family: Lato, sans-serif;font-style: normal;letter-spacing: normal;text-align: start;text-indent: 0px;text-transform: none\">Produto: BOMBA PERIF\u00c9RICA 1\/2CV BIVOLT<br \/>\nMarca: Lorenzetti<br \/>\nCor: vermelha<\/p>\n<p>Aplica\u00e7\u00f5es:<br \/>\n&#8211; Abastecimento comercial e residencial.<br \/>\n&#8211; Transfer\u00eancia de \u00e1gua limpa de po\u00e7os, cisternas e reservat\u00f3rios subterr\u00e2neos.<br \/>\n&#8211; Jardinagem e pequenas irriga\u00e7\u00f5es.<\/p>\n<p>Vaz\u00e3o m\u00e1xima: 35 l\/min<br \/>\n&#8211; Press\u00e3o m\u00e1xima: 30 m.c.a.<br \/>\n&#8211; Pot\u00eancia: 1\/2: CV<br \/>\n&#8211; Conex\u00f5es de entrada x sa\u00edda: 1&#8243;<\/p>\n<p>Caracter\u00edsticas:<br \/>\n&#8211; Prote\u00e7\u00e3o T\u00e9rmica: Termostato que desliga a bomba automaticamente no caso de superaquecimento.<br \/>\n&#8211; Compacta e de f\u00e1cil instala\u00e7\u00e3o.<br \/>\n&#8211; Bivolt.<\/p>\n<p>&#8211; 1 ano de garantia &#8211; v\u00e1lida somente no Brasil<br \/>\n&#8211; Baixo n\u00edvel de ru\u00eddo<br \/>\n&#8211; Corpo do motor em alum\u00ednio<br \/>\n&#8211; Impulsor em lat\u00e3o<br \/>\n&#8211; Altura de suc\u00e7\u00e3o: at\u00e9 8 metros<\/span><\/p>\n","protected":false},"featured_media":24700,"template":"","meta":{"_joinchat":[]},"product_brand":[],"product_cat":[75],"product_tag":[],"class_list":{"0":"post-17082","1":"product","2":"type-product","3":"status-publish","4":"has-post-thumbnail","6":"product_cat-bombas-e-cia","8":"first","9":"outofstock","10":"shipping-taxable","11":"product-type-simple"},"_links":{"self":[{"href":"https:\/\/www.multicasa.com.br\/inicio\/wp-json\/wp\/v2\/product\/17082","targetHints":{"allow":["GET"]}}],"collection":[{"href":"https:\/\/www.multicasa.com.br\/inicio\/wp-json\/wp\/v2\/product"}],"about":[{"href":"https:\/\/www.multicasa.com.br\/inicio\/wp-json\/wp\/v2\/types\/product"}],"wp:featuredmedia":[{"embeddable":true,"href":"https:\/\/www.multicasa.com.br\/inicio\/wp-json\/wp\/v2\/media\/24700"}],"wp:attachment":[{"href":"https:\/\/www.multicasa.com.br\/inicio\/wp-json\/wp\/v2\/media?parent=17082"}],"wp:term":[{"taxonomy":"product_brand","embeddable":true,"href":"https:\/\/www.multicasa.com.br\/inicio\/wp-json\/wp\/v2\/product_brand?post=17082"},{"taxonomy":"product_cat","embeddable":true,"href":"https:\/\/www.multicasa.com.br\/inicio\/wp-json\/wp\/v2\/product_cat?post=17082"},{"taxonomy":"product_tag","embeddable":true,"href":"https:\/\/www.multicasa.com.br\/inicio\/wp-json\/wp\/v2\/product_tag?post=17082"}],"curies":[{"name":"wp","href":"https:\/\/api.w.org\/{rel}","templated":true}]}}