{"id":17083,"date":"2025-06-20T19:16:27","date_gmt":"2025-06-20T23:16:27","guid":{"rendered":"https:\/\/www.multicasa.com.br\/inicio\/?post_type=product&#038;p=17083"},"modified":"2026-03-10T12:30:13","modified_gmt":"2026-03-10T16:30:13","slug":"caixa-de-ferramentas-sanfonada-5-gavetas-tramontina","status":"publish","type":"product","link":"https:\/\/www.multicasa.com.br\/inicio\/produto\/caixa-de-ferramentas-sanfonada-5-gavetas-tramontina\/","title":{"rendered":"Caixa de ferramentas sanfonada 5 gavetas Tramontina"},"content":{"rendered":"<p>A Caixa Sanfonada para Ferramentas Tramontina com 5 gavetas e Al\u00e7as Fixas possui pintura eletrost\u00e1tica, garantindo um acabamento excelente e maior resist\u00eancia \u00e0 corros\u00e3o. A pintura forma uma pel\u00edcula protetiva tornando o produto ainda mais dur\u00e1vel. Devido a sua constru\u00e7\u00e3o, ela \u00e9 muito pr\u00e1tica e de f\u00e1cil movimenta\u00e7\u00e3o. Al\u00e9m disso, proporciona o armazenamento e transporte de ferramentas manuais, pe\u00e7as e acess\u00f3rios.<\/p>\n","protected":false},"excerpt":{"rendered":"<h4 style=\"margin: 0px;padding: 0px 0px 16px;font-family: Lato, sans-serif;font-weight: bold;line-height: 3rem;color: var(--dark-grey3);font-size: 22px;font-style: normal;letter-spacing: normal;text-align: start;text-indent: 0px;text-transform: none\">Informa\u00e7\u00f5es t\u00e9cnicas<\/h4>\n<p><span style=\"margin: 0px;padding: 0px;font-weight: 450;font-size: 14px;line-height: 21px;color: var(--dark-grey2);font-family: Lato, sans-serif;font-style: normal;letter-spacing: normal;text-align: start;text-indent: 0px;text-transform: none\">Produto: Caixa de ferramentas<br \/>\nMarca: Tramontina<br \/>\nCaracter\u00edsticas:<br \/>\n&#8211; 5 gavetas<br \/>\n&#8211; Estrutura em chapas de a\u00e7o conformadas.<br \/>\n&#8211; Possibilita o uso de cadeado.<br \/>\n&#8211; Al\u00e7as fixas na parte superior.<br \/>\n&#8211; Pintura eletrost\u00e1tica.<br \/>\n&#8211; Dimens\u00f5es:<br \/>\nAltura: 30cm<br \/>\nLargura: 20cm<br \/>\nComprimento: 50cm<br \/>\nPeso: 4,27kg<\/span><\/p>\n","protected":false},"featured_media":24854,"template":"","meta":{"_joinchat":[]},"product_brand":[],"product_cat":[137],"product_tag":[],"class_list":{"0":"post-17083","1":"product","2":"type-product","3":"status-publish","4":"has-post-thumbnail","6":"product_cat-ferramentas-manuais","8":"first","9":"outofstock","10":"shipping-taxable","11":"purchasable","12":"product-type-simple"},"_links":{"self":[{"href":"https:\/\/www.multicasa.com.br\/inicio\/wp-json\/wp\/v2\/product\/17083","targetHints":{"allow":["GET"]}}],"collection":[{"href":"https:\/\/www.multicasa.com.br\/inicio\/wp-json\/wp\/v2\/product"}],"about":[{"href":"https:\/\/www.multicasa.com.br\/inicio\/wp-json\/wp\/v2\/types\/product"}],"wp:featuredmedia":[{"embeddable":true,"href":"https:\/\/www.multicasa.com.br\/inicio\/wp-json\/wp\/v2\/media\/24854"}],"wp:attachment":[{"href":"https:\/\/www.multicasa.com.br\/inicio\/wp-json\/wp\/v2\/media?parent=17083"}],"wp:term":[{"taxonomy":"product_brand","embeddable":true,"href":"https:\/\/www.multicasa.com.br\/inicio\/wp-json\/wp\/v2\/product_brand?post=17083"},{"taxonomy":"product_cat","embeddable":true,"href":"https:\/\/www.multicasa.com.br\/inicio\/wp-json\/wp\/v2\/product_cat?post=17083"},{"taxonomy":"product_tag","embeddable":true,"href":"https:\/\/www.multicasa.com.br\/inicio\/wp-json\/wp\/v2\/product_tag?post=17083"}],"curies":[{"name":"wp","href":"https:\/\/api.w.org\/{rel}","templated":true}]}}