{"id":17084,"date":"2025-06-20T19:16:27","date_gmt":"2025-06-20T23:16:27","guid":{"rendered":"https:\/\/www.multicasa.com.br\/inicio\/?post_type=product&#038;p=17084"},"modified":"2025-06-20T19:16:35","modified_gmt":"2025-06-20T23:16:35","slug":"lampada-led-bulbo-15w-bivolt-6-5k-avant","status":"publish","type":"product","link":"https:\/\/www.multicasa.com.br\/inicio\/produto\/lampada-led-bulbo-15w-bivolt-6-5k-avant\/","title":{"rendered":"L\u00e2mpada Led Bulbo 15W Bivolt 6.5K Avant"},"content":{"rendered":"<p>A linha de l\u00e2mpadas LED Pera \u00e9 indicada para retrofit de l\u00e2mpadas incandescentes ou fluorescentes, em diversos ti pos de aplica\u00e7\u00f5es para ambientes internos.<\/p>\n","protected":false},"excerpt":{"rendered":"<h4 style=\"margin: 0px;padding: 0px 0px 16px;font-family: Lato, sans-serif;font-weight: bold;line-height: 3rem;color: var(--dark-grey3);font-size: 22px;font-style: normal;letter-spacing: normal;text-align: start;text-indent: 0px;text-transform: none\">Informa\u00e7\u00f5es t\u00e9cnicas<\/h4>\n<p><span style=\"margin: 0px;padding: 0px;font-weight: 450;font-size: 14px;line-height: 21px;color: var(--dark-grey2);font-family: Lato, sans-serif;font-style: normal;letter-spacing: normal;text-align: start;text-indent: 0px;text-transform: none\">Produto: L\u00c2MPADA LED BULBO 15W BIVOLT 6.5K AVANT<br \/>\n&#8211; Pot\u00eancia: 15W;<br \/>\n&#8211; Fluxo Luminoso: 1311Lm;<br \/>\n&#8211; Tens\u00e3o: BIVOLT 100V-240V;<br \/>\n&#8211; Branco frio (6500K);<br \/>\n&#8211; Base: E27;<br \/>\n&#8211; Graus: 200\u00ba;<br \/>\n&#8211; IRC: &gt;80;<br \/>\n&#8211; Vida \u00datil: 25.000 Horas;<br \/>\n&#8211; Uso INTERNO;<\/p>\n<p>Dimens\u00f5es da l\u00e2mpada: 65 X 134cm<br \/>\nPeso: 47g<br \/>\n<\/span><\/p>\n","protected":false},"featured_media":17094,"template":"","meta":{"_joinchat":[]},"product_brand":[],"product_cat":[80],"product_tag":[],"class_list":{"0":"post-17084","1":"product","2":"type-product","3":"status-publish","4":"has-post-thumbnail","6":"product_cat-lampadas","8":"first","9":"outofstock","10":"shipping-taxable","11":"product-type-simple"},"_links":{"self":[{"href":"https:\/\/www.multicasa.com.br\/inicio\/wp-json\/wp\/v2\/product\/17084","targetHints":{"allow":["GET"]}}],"collection":[{"href":"https:\/\/www.multicasa.com.br\/inicio\/wp-json\/wp\/v2\/product"}],"about":[{"href":"https:\/\/www.multicasa.com.br\/inicio\/wp-json\/wp\/v2\/types\/product"}],"wp:featuredmedia":[{"embeddable":true,"href":"https:\/\/www.multicasa.com.br\/inicio\/wp-json\/wp\/v2\/media\/17094"}],"wp:attachment":[{"href":"https:\/\/www.multicasa.com.br\/inicio\/wp-json\/wp\/v2\/media?parent=17084"}],"wp:term":[{"taxonomy":"product_brand","embeddable":true,"href":"https:\/\/www.multicasa.com.br\/inicio\/wp-json\/wp\/v2\/product_brand?post=17084"},{"taxonomy":"product_cat","embeddable":true,"href":"https:\/\/www.multicasa.com.br\/inicio\/wp-json\/wp\/v2\/product_cat?post=17084"},{"taxonomy":"product_tag","embeddable":true,"href":"https:\/\/www.multicasa.com.br\/inicio\/wp-json\/wp\/v2\/product_tag?post=17084"}],"curies":[{"name":"wp","href":"https:\/\/api.w.org\/{rel}","templated":true}]}}