{"id":17086,"date":"2025-06-20T19:16:27","date_gmt":"2025-06-20T23:16:27","guid":{"rendered":"https:\/\/www.multicasa.com.br\/inicio\/?post_type=product&#038;p=17086"},"modified":"2026-04-18T10:20:14","modified_gmt":"2026-04-18T14:20:14","slug":"refletor-led-100w-ip66-pt-6-5k-hite","status":"publish","type":"product","link":"https:\/\/www.multicasa.com.br\/inicio\/produto\/refletor-led-100w-ip66-pt-6-5k-hite\/","title":{"rendered":"Refletor Led 100W Ip66 Pt 6.5K Hite"},"content":{"rendered":"<p>O refletor de led 100W IP66 preta de 6500K da santista business tem a finalidade de iluminar locais dirigidos com economia de energia, al\u00e9m de ajudar na seguran\u00e7a de resid\u00eancias e estabelecimentos comerciais. \u00c9 ideal para jardins, fachadas, garagens, ilumina\u00e7\u00e3o de seguran\u00e7a e entradas de garagens e de edif\u00edcios.<\/p>\n","protected":false},"excerpt":{"rendered":"<h4 style=\"margin: 0px;padding: 0px 0px 16px;font-family: Lato, sans-serif;font-weight: bold;line-height: 3rem;color: var(--dark-grey3);font-size: 22px;font-style: normal;letter-spacing: normal;text-align: start;text-indent: 0px;text-transform: none\">Informa\u00e7\u00f5es t\u00e9cnicas<\/h4>\n<p><span style=\"margin: 0px;padding: 0px;font-weight: 450;font-size: 14px;line-height: 21px;color: var(--dark-grey2);font-family: Lato, sans-serif;font-style: normal;letter-spacing: normal;text-align: start;text-indent: 0px;text-transform: none\">Produto: REFLETOR LED 100W IP66 PT 6.5K HITE<br \/>\nMarca: Santista business<br \/>\nMaterial: Alum\u00ednio<br \/>\nCor: Branca<br \/>\nCaracter\u00edsticas<br \/>\n&#8211; Seu LED branco requer uma alimenta\u00e7\u00e3o el\u00e9trica baixa, tem uma tens\u00e3o bivolt e uma durabilidade de 25.000 horas. A temperatura chega a 6500k e traz uma pot\u00eancia de 100W. Isso significa maior intensidade e qualidade!<br \/>\n&#8211; Utilizado em fachadas, muros, paredes e telhados, o refletor pode proporcionar maior destaque a pontos espec\u00edficos e fazer com que o seu ambiente externo tenha melhor visibilidade.<br \/>\n&#8211; Entregue em uma caixa, voc\u00ea recebe o produto com maior seguran\u00e7a. Com altura de 33,5 cm e largura de 29 cm, \u00e9 compacto e favorece uma menor movimenta\u00e7\u00e3o durante o transporte.<\/p>\n<p>Dimens\u00f5es<br \/>\nAltura:\t33,5 cm<br \/>\nLargura: 29 cm<br \/>\nProfundidade: 6 cm<\/span><\/p>\n","protected":false},"featured_media":25897,"template":"","meta":{"_joinchat":[]},"product_brand":[],"product_cat":[145],"product_tag":[],"class_list":{"0":"post-17086","1":"product","2":"type-product","3":"status-publish","4":"has-post-thumbnail","6":"product_cat-leds-comerciais","8":"first","9":"instock","10":"shipping-taxable","11":"purchasable","12":"product-type-simple"},"_links":{"self":[{"href":"https:\/\/www.multicasa.com.br\/inicio\/wp-json\/wp\/v2\/product\/17086","targetHints":{"allow":["GET"]}}],"collection":[{"href":"https:\/\/www.multicasa.com.br\/inicio\/wp-json\/wp\/v2\/product"}],"about":[{"href":"https:\/\/www.multicasa.com.br\/inicio\/wp-json\/wp\/v2\/types\/product"}],"wp:featuredmedia":[{"embeddable":true,"href":"https:\/\/www.multicasa.com.br\/inicio\/wp-json\/wp\/v2\/media\/25897"}],"wp:attachment":[{"href":"https:\/\/www.multicasa.com.br\/inicio\/wp-json\/wp\/v2\/media?parent=17086"}],"wp:term":[{"taxonomy":"product_brand","embeddable":true,"href":"https:\/\/www.multicasa.com.br\/inicio\/wp-json\/wp\/v2\/product_brand?post=17086"},{"taxonomy":"product_cat","embeddable":true,"href":"https:\/\/www.multicasa.com.br\/inicio\/wp-json\/wp\/v2\/product_cat?post=17086"},{"taxonomy":"product_tag","embeddable":true,"href":"https:\/\/www.multicasa.com.br\/inicio\/wp-json\/wp\/v2\/product_tag?post=17086"}],"curies":[{"name":"wp","href":"https:\/\/api.w.org\/{rel}","templated":true}]}}