{"id":17087,"date":"2025-06-20T19:16:27","date_gmt":"2025-06-20T23:16:27","guid":{"rendered":"https:\/\/www.multicasa.com.br\/inicio\/?post_type=product&#038;p=17087"},"modified":"2026-04-01T10:54:25","modified_gmt":"2026-04-01T14:54:25","slug":"climatizador-de-ar-nobille-4-litros-branco-residencial-80w-ventisol","status":"publish","type":"product","link":"https:\/\/www.multicasa.com.br\/inicio\/produto\/climatizador-de-ar-nobille-4-litros-branco-residencial-80w-ventisol\/","title":{"rendered":"Climatizador de Ar Nobille 4 litros Branco Residencial 80W Ventisol"},"content":{"rendered":"<p>? Ideal para resid\u00eancias: Climatiza\u00e7\u00e3o ideal para o conforto da fam\u00edlia.<br \/>\n? Econ\u00f4mico: \u00c9 at\u00e9 9x mais econ\u00f4mico que um ar condicionado.<br \/>\n? Acompanha Gel refrigerante: Para utilizar basta adicionar \u00e1gua no gel refrigerante e agitar o recipiente antes de coloc\u00e1-lo para congelar.<br \/>\n? Fun\u00e7\u00e3o Refrigera\u00e7\u00e3o: Com o uso do Gel refrigerante<br \/>\n? 3 op\u00e7\u00f5es de ventila\u00e7\u00e3o: Com os tr\u00eas n\u00edveis de ventila\u00e7\u00e3o voc\u00ea poder\u00e1 escolher a melhor op\u00e7\u00e3o de climatiza\u00e7\u00e3o.<br \/>\n? Oscila\u00e7\u00e3o: Oscila\u00e7\u00e3o Horizontal autom\u00e1tica e vertical com regulagem manual.<br \/>\n? Reservat\u00f3rio para 4L de \u00e1gua: Reservat\u00f3rio com \u00e1gua o suficiente para que seu ambiente fique climatizado por at\u00e9 8hs.<br \/>\n? F\u00e1cil Transporte: Quatro rodas e uma al\u00e7a embutida na traseira, que facilitam o transporte de um ambiente para o outro.<\/p>\n","protected":false},"excerpt":{"rendered":"<h4 style=\"margin: 0px;padding: 0px 0px 16px;font-family: Lato, sans-serif;font-weight: bold;line-height: 3rem;color: var(--dark-grey3);font-size: 22px;font-style: normal;letter-spacing: normal;text-align: start;text-indent: 0px;text-transform: none\">Informa\u00e7\u00f5es t\u00e9cnicas<\/h4>\n<p><span style=\"margin: 0px;padding: 0px;font-weight: 450;font-size: 14px;line-height: 21px;color: var(--dark-grey2);font-family: Lato, sans-serif;font-style: normal;letter-spacing: normal;text-align: start;text-indent: 0px;text-transform: none\">&#8211; Peso: 5,100 kg<br \/>\n&#8211; Embalagem: 30,0 \u00d7 27,5 \u00d7 60,0 cm<br \/>\n&#8211; Produto Montado<br \/>\n&#8211; Comprimento: 25.0 cm<br \/>\n&#8211; Largura: 24.5 cm<br \/>\n&#8211; Altura: 56.5 cm<br \/>\n&#8211; Voltagem: 127V, 220V<br \/>\n&#8211; Ambiente: Banheiro, Cozinha, Quarto, Sala<br \/>\n&#8211; Climatiza\u00e7\u00e3o: Resfriamento, Ventila\u00e7\u00e3o<br \/>\n&#8211; Linha: Linha Nobille<\/span><\/p>\n","protected":false},"featured_media":24981,"template":"","meta":{"_joinchat":[]},"product_brand":[],"product_cat":[140],"product_tag":[],"class_list":{"0":"post-17087","1":"product","2":"type-product","3":"status-publish","4":"has-post-thumbnail","6":"product_cat-climatizador-ar","8":"first","9":"outofstock","10":"shipping-taxable","11":"purchasable","12":"product-type-simple"},"_links":{"self":[{"href":"https:\/\/www.multicasa.com.br\/inicio\/wp-json\/wp\/v2\/product\/17087","targetHints":{"allow":["GET"]}}],"collection":[{"href":"https:\/\/www.multicasa.com.br\/inicio\/wp-json\/wp\/v2\/product"}],"about":[{"href":"https:\/\/www.multicasa.com.br\/inicio\/wp-json\/wp\/v2\/types\/product"}],"wp:featuredmedia":[{"embeddable":true,"href":"https:\/\/www.multicasa.com.br\/inicio\/wp-json\/wp\/v2\/media\/24981"}],"wp:attachment":[{"href":"https:\/\/www.multicasa.com.br\/inicio\/wp-json\/wp\/v2\/media?parent=17087"}],"wp:term":[{"taxonomy":"product_brand","embeddable":true,"href":"https:\/\/www.multicasa.com.br\/inicio\/wp-json\/wp\/v2\/product_brand?post=17087"},{"taxonomy":"product_cat","embeddable":true,"href":"https:\/\/www.multicasa.com.br\/inicio\/wp-json\/wp\/v2\/product_cat?post=17087"},{"taxonomy":"product_tag","embeddable":true,"href":"https:\/\/www.multicasa.com.br\/inicio\/wp-json\/wp\/v2\/product_tag?post=17087"}],"curies":[{"name":"wp","href":"https:\/\/api.w.org\/{rel}","templated":true}]}}