{"id":17088,"date":"2025-06-20T19:16:27","date_gmt":"2025-06-20T23:16:27","guid":{"rendered":"https:\/\/www.multicasa.com.br\/inicio\/?post_type=product&#038;p=17088"},"modified":"2025-08-17T19:06:53","modified_gmt":"2025-08-17T23:06:53","slug":"cuba-inox-standard-56x34-c-valvula-tramontina","status":"publish","type":"product","link":"https:\/\/www.multicasa.com.br\/inicio\/produto\/cuba-inox-standard-56x34-c-valvula-tramontina\/","title":{"rendered":"Cuba Inox Standard 56X34 C\/Valvula Tramontina"},"content":{"rendered":"<p>Sua cozinha pode ter um design moderno e ser um ambiente sofisticado, basta escolher a Cuba certa! Sua escolha pode parecer simples e f\u00e1cil, mas \u00e9 preciso que voc\u00ea fique atento aos v\u00e1rios detalhes. Pensando em voc\u00ea a Tramontina desenvolveu a Cuba Tramontina Lav\u00ednia 56 BL Standart em A\u00e7o Inox Polido 56&#215;34 cm que alia bom gosto e praticidade.<br \/>\nCom formato retangular \u00e9 indicada para quem tem espa\u00e7o dispon\u00edvel na bancada. Fabricada em A\u00e7o Inox 430, com 0,5 mm de espessura, 14,5 cm de profundidade e acabamento polido, oferece durabilidade e resist\u00eancia. Possui bordas lisas para instala\u00e7\u00e3o por baixo da bancada e opcionalmente s\u00e3o oferecidos acess\u00f3rios como, t\u00e1bua em madeira, bandeja perfurada e cesta quadrada. \u00c9 o melhor da Tramontina sendo oferecido a voc\u00ea!<\/p>\n","protected":false},"excerpt":{"rendered":"<h4 style=\"margin: 0px;padding: 0px 0px 16px;font-family: Lato, sans-serif;font-weight: bold;line-height: 3rem;color: var(--dark-grey3);font-size: 22px;font-style: normal;letter-spacing: normal;text-align: start;text-indent: 0px;text-transform: none\">Informa\u00e7\u00f5es t\u00e9cnicas<\/h4>\n<p><span style=\"margin: 0px;padding: 0px;font-weight: 450;font-size: 14px;line-height: 21px;color: var(--dark-grey2);font-family: Lato, sans-serif;font-style: normal;letter-spacing: normal;text-align: start;text-indent: 0px;text-transform: none\">Produto: CUBA INOX STANDARD 56X34 C\/V TRAMON<br \/>\nMarca: Tramontina<br \/>\nMaterial: A\u00e7o Inox<br \/>\nCor: Cromada<br \/>\nCaracter\u00edsticas<br \/>\n&#8211; Instala\u00e7\u00e3o: Embutir;<br \/>\n&#8211; A\u00e7o Inox AISI 430 com 0,5 mm de espessura e acabamento polido;<br \/>\n&#8211; Acompanha v\u00e1lvula de \u00d8 3 1\/2&#8243;;<br \/>\n&#8211; Profundidade da cuba 145 mm;<br \/>\n&#8211; Capacidade: 24,5 L;<br \/>\n&#8211; Peso: 1,40 kg.<br \/>\nDimens\u00f5es<br \/>\n56 x 34 cm<\/span><\/p>\n","protected":false},"featured_media":27283,"template":"","meta":{"_joinchat":[]},"product_brand":[],"product_cat":[159],"product_tag":[],"class_list":{"0":"post-17088","1":"product","2":"type-product","3":"status-publish","4":"has-post-thumbnail","6":"product_cat-inox-e-cia","8":"first","9":"outofstock","10":"shipping-taxable","11":"purchasable","12":"product-type-simple"},"_links":{"self":[{"href":"https:\/\/www.multicasa.com.br\/inicio\/wp-json\/wp\/v2\/product\/17088","targetHints":{"allow":["GET"]}}],"collection":[{"href":"https:\/\/www.multicasa.com.br\/inicio\/wp-json\/wp\/v2\/product"}],"about":[{"href":"https:\/\/www.multicasa.com.br\/inicio\/wp-json\/wp\/v2\/types\/product"}],"wp:featuredmedia":[{"embeddable":true,"href":"https:\/\/www.multicasa.com.br\/inicio\/wp-json\/wp\/v2\/media\/27283"}],"wp:attachment":[{"href":"https:\/\/www.multicasa.com.br\/inicio\/wp-json\/wp\/v2\/media?parent=17088"}],"wp:term":[{"taxonomy":"product_brand","embeddable":true,"href":"https:\/\/www.multicasa.com.br\/inicio\/wp-json\/wp\/v2\/product_brand?post=17088"},{"taxonomy":"product_cat","embeddable":true,"href":"https:\/\/www.multicasa.com.br\/inicio\/wp-json\/wp\/v2\/product_cat?post=17088"},{"taxonomy":"product_tag","embeddable":true,"href":"https:\/\/www.multicasa.com.br\/inicio\/wp-json\/wp\/v2\/product_tag?post=17088"}],"curies":[{"name":"wp","href":"https:\/\/api.w.org\/{rel}","templated":true}]}}