{"id":17105,"date":"2025-06-20T19:16:39","date_gmt":"2025-06-20T23:16:39","guid":{"rendered":"https:\/\/www.multicasa.com.br\/inicio\/?post_type=product&#038;p=17105"},"modified":"2025-07-01T13:48:44","modified_gmt":"2025-07-01T17:48:44","slug":"caixa-para-gordura-com-tampa-e-cesto-340-estrela","status":"publish","type":"product","link":"https:\/\/www.multicasa.com.br\/inicio\/produto\/caixa-para-gordura-com-tampa-e-cesto-340-estrela\/","title":{"rendered":"Caixa para gordura com tampa e cesto 340 Estrela"},"content":{"rendered":"<p>\u00c9 utilizada para coletar o esgoto de cozinha evitando contamina\u00e7\u00f5es e entupimentos na rede de esgoto.<\/p>\n","protected":false},"excerpt":{"rendered":"<h4 style=\"margin: 0px;padding: 0px 0px 16px;font-family: Lato, sans-serif;font-weight: bold;line-height: 3rem;color: var(--dark-grey3);font-size: 22px;font-style: normal;letter-spacing: normal;text-align: start;text-indent: 0px;text-transform: none\">Informa\u00e7\u00f5es t\u00e9cnicas<\/h4>\n<p><span style=\"margin: 0px;padding: 0px;font-weight: 450;font-size: 14px;line-height: 21px;color: var(--dark-grey2);font-family: Lato, sans-serif;font-style: normal;letter-spacing: normal;text-align: start;text-indent: 0px;text-transform: none\">&#8211; Di\u00e2metro de 340mm<br \/>\n&#8211; Altura de 450mm<br \/>\n&#8211; Capacidade de reten\u00e7\u00e3o de 18 litros<br \/>\n&#8211; Possui 3 entradas 75\/50mm com virola para anel de veda\u00e7\u00e3o<br \/>\n&#8211; Acompanha sif\u00e3o remov\u00edvel retentor de mau cheiro<br \/>\n&#8211; Acompanha 2 CAP\u0092s 75 mm para entradas n\u00e3o utilizadas<br \/>\n&#8211; Acompanha 1 redu\u00e7\u00e3o 75x50mm<br \/>\n&#8211; Produzida em polipropileno com aditivos anti-UV<br \/>\n&#8211; Fabricada conforme NBR 8160<br \/>\n&#8211; Acompanha Cesto de Limpeza<\/span><\/p>\n","protected":false},"featured_media":27260,"template":"","meta":{"_joinchat":[]},"product_brand":[],"product_cat":[73],"product_tag":[],"class_list":{"0":"post-17105","1":"product","2":"type-product","3":"status-publish","4":"has-post-thumbnail","6":"product_cat-tubos-e-conexoes","8":"first","9":"outofstock","10":"shipping-taxable","11":"product-type-simple"},"_links":{"self":[{"href":"https:\/\/www.multicasa.com.br\/inicio\/wp-json\/wp\/v2\/product\/17105","targetHints":{"allow":["GET"]}}],"collection":[{"href":"https:\/\/www.multicasa.com.br\/inicio\/wp-json\/wp\/v2\/product"}],"about":[{"href":"https:\/\/www.multicasa.com.br\/inicio\/wp-json\/wp\/v2\/types\/product"}],"wp:featuredmedia":[{"embeddable":true,"href":"https:\/\/www.multicasa.com.br\/inicio\/wp-json\/wp\/v2\/media\/27260"}],"wp:attachment":[{"href":"https:\/\/www.multicasa.com.br\/inicio\/wp-json\/wp\/v2\/media?parent=17105"}],"wp:term":[{"taxonomy":"product_brand","embeddable":true,"href":"https:\/\/www.multicasa.com.br\/inicio\/wp-json\/wp\/v2\/product_brand?post=17105"},{"taxonomy":"product_cat","embeddable":true,"href":"https:\/\/www.multicasa.com.br\/inicio\/wp-json\/wp\/v2\/product_cat?post=17105"},{"taxonomy":"product_tag","embeddable":true,"href":"https:\/\/www.multicasa.com.br\/inicio\/wp-json\/wp\/v2\/product_tag?post=17105"}],"curies":[{"name":"wp","href":"https:\/\/api.w.org\/{rel}","templated":true}]}}