{"id":17113,"date":"2025-06-20T19:16:40","date_gmt":"2025-06-20T23:16:40","guid":{"rendered":"https:\/\/www.multicasa.com.br\/inicio\/?post_type=product&#038;p=17113"},"modified":"2025-07-01T13:52:42","modified_gmt":"2025-07-01T17:52:42","slug":"interruptor-inteligente-smart-branco-2t-gaya","status":"publish","type":"product","link":"https:\/\/www.multicasa.com.br\/inicio\/produto\/interruptor-inteligente-smart-branco-2t-gaya\/","title":{"rendered":"Interruptor Inteligente\/ Smart Branco 2T Gaya"},"content":{"rendered":"<p>O Interruptor Inteligente smart, \u00e9 utilizado no acionamento autom\u00e1tico atrav\u00e9s de aplicativo ou tecla as l\u00e2mpadas em ambientes residenciais e comerciais. Permitindo que o usu\u00e1rio acione, controle e automatize remotamente o interruptor atrav\u00e9s de aplicativo, f\u00e1cil e inteligente. O produto alia caracter\u00edsticas de praticidade, economia de energia e seguran\u00e7a.<\/p>\n","protected":false},"excerpt":{"rendered":"<h4 style=\"margin: 0px;padding: 0px 0px 16px;font-family: Lato, sans-serif;font-weight: bold;line-height: 3rem;color: var(--dark-grey3);font-size: 22px;font-style: normal;letter-spacing: normal;text-align: start;text-indent: 0px;text-transform: none\">Informa\u00e7\u00f5es t\u00e9cnicas<\/h4>\n<p><span style=\"margin: 0px;padding: 0px;font-weight: 450;font-size: 14px;line-height: 21px;color: var(--dark-grey2);font-family: Lato, sans-serif;font-style: normal;letter-spacing: normal;text-align: start;text-indent: 0px;text-transform: none\">Produto: Interruptor Inteligente\/ Smart<br \/>\nMarca: Gaya<br \/>\nCor: Branco<br \/>\nCaracter\u00edsticas:<br \/>\n&#8211; Comando de voz 2 teclas<br \/>\n&#8211; IP20<br \/>\n&#8211; Bivolt<br \/>\n&#8211; Bluetooth<\/span><\/p>\n","protected":false},"featured_media":27346,"template":"","meta":{"_joinchat":[]},"product_brand":[],"product_cat":[144],"product_tag":[],"class_list":{"0":"post-17113","1":"product","2":"type-product","3":"status-publish","4":"has-post-thumbnail","6":"product_cat-tomadas-e-cia","8":"first","9":"outofstock","10":"shipping-taxable","11":"product-type-simple"},"_links":{"self":[{"href":"https:\/\/www.multicasa.com.br\/inicio\/wp-json\/wp\/v2\/product\/17113","targetHints":{"allow":["GET"]}}],"collection":[{"href":"https:\/\/www.multicasa.com.br\/inicio\/wp-json\/wp\/v2\/product"}],"about":[{"href":"https:\/\/www.multicasa.com.br\/inicio\/wp-json\/wp\/v2\/types\/product"}],"wp:featuredmedia":[{"embeddable":true,"href":"https:\/\/www.multicasa.com.br\/inicio\/wp-json\/wp\/v2\/media\/27346"}],"wp:attachment":[{"href":"https:\/\/www.multicasa.com.br\/inicio\/wp-json\/wp\/v2\/media?parent=17113"}],"wp:term":[{"taxonomy":"product_brand","embeddable":true,"href":"https:\/\/www.multicasa.com.br\/inicio\/wp-json\/wp\/v2\/product_brand?post=17113"},{"taxonomy":"product_cat","embeddable":true,"href":"https:\/\/www.multicasa.com.br\/inicio\/wp-json\/wp\/v2\/product_cat?post=17113"},{"taxonomy":"product_tag","embeddable":true,"href":"https:\/\/www.multicasa.com.br\/inicio\/wp-json\/wp\/v2\/product_tag?post=17113"}],"curies":[{"name":"wp","href":"https:\/\/api.w.org\/{rel}","templated":true}]}}