{"id":17114,"date":"2025-06-20T19:16:40","date_gmt":"2025-06-20T23:16:40","guid":{"rendered":"https:\/\/www.multicasa.com.br\/inicio\/?post_type=product&#038;p=17114"},"modified":"2025-06-23T10:01:44","modified_gmt":"2025-06-23T14:01:44","slug":"controle-universal-smart-1a-ip20-preta-gaya","status":"publish","type":"product","link":"https:\/\/www.multicasa.com.br\/inicio\/produto\/controle-universal-smart-1a-ip20-preta-gaya\/","title":{"rendered":"Controle Universal Smart 1A IP20 Preta Gaya"},"content":{"rendered":"<p>O controle universal smart oferece toda a qualidade Gaya e permite que voc\u00ea comande todos os seus dispositivos que possuem controle remoto Infravermelho (televis\u00e3o, ar condicionado, etc) atrav\u00e9s do celular. O app Smart Gaya replica o controle remoto real e envia o sinal via wifi, e o Controle Universal Smart repassa via Infravermelho para controlar o dispositivo.<\/p>\n","protected":false},"excerpt":{"rendered":"<h4 style=\"margin: 0px;padding: 0px 0px 16px;font-family: Lato, sans-serif;font-weight: bold;line-height: 3rem;color: var(--dark-grey3);font-size: 22px;font-style: normal;letter-spacing: normal;text-align: start;text-indent: 0px;text-transform: none\">Informa\u00e7\u00f5es t\u00e9cnicas<\/h4>\n<p><span style=\"margin: 0px;padding: 0px;font-weight: 450;font-size: 14px;line-height: 21px;color: var(--dark-grey2);font-family: Lato, sans-serif;font-style: normal;letter-spacing: normal;text-align: start;text-indent: 0px;text-transform: none\">Produto: Controle Universal Smart<br \/>\nMarca: Gaya<br \/>\nCor: Preto<br \/>\nCaracter\u00edsticas:<br \/>\n&#8211; 1A<br \/>\n&#8211; IP20<br \/>\n&#8211; Acompanha cabo USB<br \/>\n&#8211; Conex\u00e3o Wi-Fi<br \/>\n&#8211; Controle por voz<\/span><\/p>\n","protected":false},"featured_media":25018,"template":"","meta":{"_joinchat":[]},"product_brand":[],"product_cat":[157],"product_tag":[],"class_list":{"0":"post-17114","1":"product","2":"type-product","3":"status-publish","4":"has-post-thumbnail","6":"product_cat-leds-decorativos","8":"first","9":"outofstock","10":"shipping-taxable","11":"product-type-simple"},"_links":{"self":[{"href":"https:\/\/www.multicasa.com.br\/inicio\/wp-json\/wp\/v2\/product\/17114","targetHints":{"allow":["GET"]}}],"collection":[{"href":"https:\/\/www.multicasa.com.br\/inicio\/wp-json\/wp\/v2\/product"}],"about":[{"href":"https:\/\/www.multicasa.com.br\/inicio\/wp-json\/wp\/v2\/types\/product"}],"wp:featuredmedia":[{"embeddable":true,"href":"https:\/\/www.multicasa.com.br\/inicio\/wp-json\/wp\/v2\/media\/25018"}],"wp:attachment":[{"href":"https:\/\/www.multicasa.com.br\/inicio\/wp-json\/wp\/v2\/media?parent=17114"}],"wp:term":[{"taxonomy":"product_brand","embeddable":true,"href":"https:\/\/www.multicasa.com.br\/inicio\/wp-json\/wp\/v2\/product_brand?post=17114"},{"taxonomy":"product_cat","embeddable":true,"href":"https:\/\/www.multicasa.com.br\/inicio\/wp-json\/wp\/v2\/product_cat?post=17114"},{"taxonomy":"product_tag","embeddable":true,"href":"https:\/\/www.multicasa.com.br\/inicio\/wp-json\/wp\/v2\/product_tag?post=17114"}],"curies":[{"name":"wp","href":"https:\/\/api.w.org\/{rel}","templated":true}]}}