{"id":17121,"date":"2025-06-20T19:16:41","date_gmt":"2025-06-20T23:16:41","guid":{"rendered":"https:\/\/www.multicasa.com.br\/inicio\/?post_type=product&#038;p=17121"},"modified":"2025-12-29T02:10:32","modified_gmt":"2025-12-29T06:10:32","slug":"torneira-de-bancada-1190-36-matte-meber","status":"publish","type":"product","link":"https:\/\/www.multicasa.com.br\/inicio\/produto\/torneira-de-bancada-1190-36-matte-meber\/","title":{"rendered":"Torneira de Bancada 1190 36 Matte Meber"},"content":{"rendered":"<p>Torneira de bica r\u00edgida, desenvolvida para atender \u00e0s necessidades de cozinhas, banheiros e lavanderias aposta em um design cl\u00e1ssico que combina com os mais variados estilos de ambientes. A linha Atria prima pela versatilidade, suas op\u00e7\u00f5es evidenciam um design limpo e atemporal, que combina com v\u00e1rios estilos de projetos. Garantia de 10 anos.<\/p>\n","protected":false},"excerpt":{"rendered":"<h4 style=\"margin: 0px;padding: 0px 0px 16px;font-family: Lato, sans-serif;font-weight: bold;line-height: 3rem;color: var(--dark-grey3);font-size: 22px;font-style: normal;letter-spacing: normal;text-align: start;text-indent: 0px;text-transform: none\">Informa\u00e7\u00f5es t\u00e9cnicas<\/h4>\n<p><span style=\"margin: 0px;padding: 0px;font-weight: 450;font-size: 14px;line-height: 21px;color: var(--dark-grey2);font-family: Lato, sans-serif;font-style: normal;letter-spacing: normal;text-align: start;text-indent: 0px;text-transform: none\">Produto: Torneira 1190<br \/>\nCor: Preto Matte<br \/>\nCatacter\u00edsticas:<br \/>\n&#8211; Bica r\u00edgida<br \/>\n&#8211; Bancada<br \/>\n&#8211; Peso: 49g<br \/>\n&#8211; Dimens\u00f5es: 9x12x24cm (CxLxA)<\/span><\/p>\n","protected":false},"featured_media":0,"template":"","meta":{"_joinchat":[]},"product_brand":[],"product_cat":[67],"product_tag":[],"class_list":{"0":"post-17121","1":"product","2":"type-product","3":"status-publish","5":"product_cat-torneiras-e-cia","7":"first","8":"outofstock","9":"shipping-taxable","10":"purchasable","11":"product-type-simple"},"_links":{"self":[{"href":"https:\/\/www.multicasa.com.br\/inicio\/wp-json\/wp\/v2\/product\/17121","targetHints":{"allow":["GET"]}}],"collection":[{"href":"https:\/\/www.multicasa.com.br\/inicio\/wp-json\/wp\/v2\/product"}],"about":[{"href":"https:\/\/www.multicasa.com.br\/inicio\/wp-json\/wp\/v2\/types\/product"}],"wp:attachment":[{"href":"https:\/\/www.multicasa.com.br\/inicio\/wp-json\/wp\/v2\/media?parent=17121"}],"wp:term":[{"taxonomy":"product_brand","embeddable":true,"href":"https:\/\/www.multicasa.com.br\/inicio\/wp-json\/wp\/v2\/product_brand?post=17121"},{"taxonomy":"product_cat","embeddable":true,"href":"https:\/\/www.multicasa.com.br\/inicio\/wp-json\/wp\/v2\/product_cat?post=17121"},{"taxonomy":"product_tag","embeddable":true,"href":"https:\/\/www.multicasa.com.br\/inicio\/wp-json\/wp\/v2\/product_tag?post=17121"}],"curies":[{"name":"wp","href":"https:\/\/api.w.org\/{rel}","templated":true}]}}