{"id":17123,"date":"2025-06-20T19:16:41","date_gmt":"2025-06-20T23:16:41","guid":{"rendered":"https:\/\/www.multicasa.com.br\/inicio\/?post_type=product&#038;p=17123"},"modified":"2025-07-01T13:59:53","modified_gmt":"2025-07-01T17:59:53","slug":"torneira-lavatorio-cozinha-bancada-1202-77-meber","status":"publish","type":"product","link":"https:\/\/www.multicasa.com.br\/inicio\/produto\/torneira-lavatorio-cozinha-bancada-1202-77-meber\/","title":{"rendered":"Torneira lavat\u00f3rio\/cozinha bancada 1202 77 Meber"},"content":{"rendered":"<p>Quem procura funcionalidade e beleza em metais sanit\u00e1rios encontra na torneira da linha Minimal Classic a op\u00e7\u00e3o ideal. Seu design \u00e9 vers\u00e1til nas possibilidades de uso, com visual cujas caracter\u00edsticas harmonizam com diversas propostas e projetos de ambientes com um toque de modernidade.<\/p>\n","protected":false},"excerpt":{"rendered":"<h4 style=\"margin: 0px;padding: 0px 0px 16px;font-family: Lato, sans-serif;font-weight: bold;line-height: 3rem;color: var(--dark-grey3);font-size: 22px;font-style: normal;letter-spacing: normal;text-align: start;text-indent: 0px;text-transform: none\">Informa\u00e7\u00f5es t\u00e9cnicas<\/h4>\n<p><span style=\"margin: 0px;padding: 0px;font-weight: 450;font-size: 14px;line-height: 21px;color: var(--dark-grey2);font-family: Lato, sans-serif;font-style: normal;letter-spacing: normal;text-align: start;text-indent: 0px;text-transform: none\">&#8211; Altura da base at\u00e9 a bica de 150mm.<br \/>\n&#8211; Sistema de Acionamento: \u00bc de volta com pastilhas cer\u00e2micas.<br \/>\n&#8211; Acabamento Preto Matte.<br \/>\n&#8211; Produzido em Liga de Cobre e Liga de Zinco.<br \/>\n&#8211; Press\u00e3o est\u00e1tica: 2 a 40 M.C.A.<br \/>\n&#8211; Garantia 10 anos.<\/span><\/p>\n","protected":false},"featured_media":27515,"template":"","meta":{"_joinchat":[]},"product_brand":[],"product_cat":[67],"product_tag":[],"class_list":{"0":"post-17123","1":"product","2":"type-product","3":"status-publish","4":"has-post-thumbnail","6":"product_cat-torneiras-e-cia","8":"first","9":"outofstock","10":"shipping-taxable","11":"product-type-simple"},"_links":{"self":[{"href":"https:\/\/www.multicasa.com.br\/inicio\/wp-json\/wp\/v2\/product\/17123","targetHints":{"allow":["GET"]}}],"collection":[{"href":"https:\/\/www.multicasa.com.br\/inicio\/wp-json\/wp\/v2\/product"}],"about":[{"href":"https:\/\/www.multicasa.com.br\/inicio\/wp-json\/wp\/v2\/types\/product"}],"wp:featuredmedia":[{"embeddable":true,"href":"https:\/\/www.multicasa.com.br\/inicio\/wp-json\/wp\/v2\/media\/27515"}],"wp:attachment":[{"href":"https:\/\/www.multicasa.com.br\/inicio\/wp-json\/wp\/v2\/media?parent=17123"}],"wp:term":[{"taxonomy":"product_brand","embeddable":true,"href":"https:\/\/www.multicasa.com.br\/inicio\/wp-json\/wp\/v2\/product_brand?post=17123"},{"taxonomy":"product_cat","embeddable":true,"href":"https:\/\/www.multicasa.com.br\/inicio\/wp-json\/wp\/v2\/product_cat?post=17123"},{"taxonomy":"product_tag","embeddable":true,"href":"https:\/\/www.multicasa.com.br\/inicio\/wp-json\/wp\/v2\/product_tag?post=17123"}],"curies":[{"name":"wp","href":"https:\/\/api.w.org\/{rel}","templated":true}]}}