{"id":17137,"date":"2025-06-20T19:16:58","date_gmt":"2025-06-20T23:16:58","guid":{"rendered":"https:\/\/www.multicasa.com.br\/inicio\/?post_type=product&#038;p=17137"},"modified":"2025-08-18T02:24:02","modified_gmt":"2025-08-18T06:24:02","slug":"miolo-liz-camp-cigarra-biv-grafite-tramontina","status":"publish","type":"product","link":"https:\/\/www.multicasa.com.br\/inicio\/produto\/miolo-liz-camp-cigarra-biv-grafite-tramontina\/","title":{"rendered":"MIOLO LIZ CAMP. CIGARRA BIV. GRAFITE TRAMONTINA"},"content":{"rendered":"<p>O M\u00f3dulo Campainha Cigarra Eletr\u00f4nica Bivolt Tramontina Grafite \u00e9 a pe\u00e7a que n\u00e3o pode faltar no seu projeto. Na cor grafite, \u00e9 vers\u00e1til e pode ser trocado pelo modelo na cor branca, al\u00e9m de poder ser usado em diferentes placas das linhas Tramontina. Produzido em termopl\u00e1stico, possui acabamento brilho que n\u00e3o ret\u00e9m poeira, proporcionando um visual limpo e pr\u00e1tico. Possui excelente intensidade sonora, e portanto, \u00e9 perfeito para a finalidade a que se destina. Seu som \u00e9 reproduzido durante todo o tempo que o pulsador for mantido pressionado.Ainda, ele pode ser utilizado nas linhas Liz, Lux\u00b2, Giz, Tablet, Lizflex, Plastibox e conduletes Tramontina com tampa sistema modular.<\/p>\n","protected":false},"excerpt":{"rendered":"<h4 style=\"margin: 0px;padding: 0px 0px 16px;font-family: Lato, sans-serif;font-weight: bold;line-height: 3rem;color: var(--dark-grey3);font-size: 22px;font-style: normal;letter-spacing: normal;text-align: start;text-indent: 0px;text-transform: none\">Informa\u00e7\u00f5es t\u00e9cnicas<\/h4>\n<p><span style=\"margin: 0px;padding: 0px;font-weight: 450;font-size: 14px;line-height: 21px;color: var(--dark-grey2);font-family: Lato, sans-serif;font-style: normal;letter-spacing: normal;text-align: start;text-indent: 0px;text-transform: none\">Utilizar nas linhas Liz, Lux\u00b2, Giz, Tablet, Lizflex e Plastibox com tampa sistema modular.<\/span><\/p>\n","protected":false},"featured_media":25584,"template":"","meta":{"_joinchat":[]},"product_brand":[],"product_cat":[144],"product_tag":[],"class_list":{"0":"post-17137","1":"product","2":"type-product","3":"status-publish","4":"has-post-thumbnail","6":"product_cat-tomadas-e-cia","8":"first","9":"instock","10":"shipping-taxable","11":"purchasable","12":"product-type-simple"},"_links":{"self":[{"href":"https:\/\/www.multicasa.com.br\/inicio\/wp-json\/wp\/v2\/product\/17137","targetHints":{"allow":["GET"]}}],"collection":[{"href":"https:\/\/www.multicasa.com.br\/inicio\/wp-json\/wp\/v2\/product"}],"about":[{"href":"https:\/\/www.multicasa.com.br\/inicio\/wp-json\/wp\/v2\/types\/product"}],"wp:featuredmedia":[{"embeddable":true,"href":"https:\/\/www.multicasa.com.br\/inicio\/wp-json\/wp\/v2\/media\/25584"}],"wp:attachment":[{"href":"https:\/\/www.multicasa.com.br\/inicio\/wp-json\/wp\/v2\/media?parent=17137"}],"wp:term":[{"taxonomy":"product_brand","embeddable":true,"href":"https:\/\/www.multicasa.com.br\/inicio\/wp-json\/wp\/v2\/product_brand?post=17137"},{"taxonomy":"product_cat","embeddable":true,"href":"https:\/\/www.multicasa.com.br\/inicio\/wp-json\/wp\/v2\/product_cat?post=17137"},{"taxonomy":"product_tag","embeddable":true,"href":"https:\/\/www.multicasa.com.br\/inicio\/wp-json\/wp\/v2\/product_tag?post=17137"}],"curies":[{"name":"wp","href":"https:\/\/api.w.org\/{rel}","templated":true}]}}