{"id":17140,"date":"2025-06-20T19:16:59","date_gmt":"2025-06-20T23:16:59","guid":{"rendered":"https:\/\/www.multicasa.com.br\/inicio\/?post_type=product&#038;p=17140"},"modified":"2026-04-19T13:00:29","modified_gmt":"2026-04-19T17:00:29","slug":"interrupto-liz-3ts-10a-250v-grafite","status":"publish","type":"product","link":"https:\/\/www.multicasa.com.br\/inicio\/produto\/interrupto-liz-3ts-10a-250v-grafite\/","title":{"rendered":"INTERRUPTO LIZ 3TS 10A 250V GRAFITE"},"content":{"rendered":"<p>Se voc\u00ea busca um item diferenciado para compor seus ambientes, sem abrir m\u00e3o da qualidade de suas instala\u00e7\u00f5es el\u00e9tricas, o conjunto 4&#215;2 com 3 interruptores simples 10 A 250 V Tramontina Liz grafite \u00e9 indispens\u00e1vel. Produzido em termopl\u00e1stico com acabamento brilho na cor grafite, ele n\u00e3o ret\u00e9m poeira e conta com sistema modular com gradual ajuste entre a placa e o suporte, o que proporciona um acabamento perfeito da placa com a parede. O conjunto ainda conta com furo oblongo para facilitar a fixa\u00e7\u00e3o e a regulagem da placa \u00e0 parede e furos espec\u00edficos para a fixa\u00e7\u00e3o em parede de madeira, que n\u00e3o fica aparente!<\/p>\n","protected":false},"excerpt":{"rendered":"<h4 style=\"margin: 0px;padding: 0px 0px 16px;font-family: Lato, sans-serif;font-weight: bold;line-height: 3rem;color: var(--dark-grey3);font-size: 22px;font-style: normal;letter-spacing: normal;text-align: start;text-indent: 0px;text-transform: none\">Informa\u00e7\u00f5es t\u00e9cnicas<\/h4>\n<p><span style=\"margin: 0px;padding: 0px;font-weight: 450;font-size: 14px;line-height: 21px;color: var(--dark-grey2);font-family: Lato, sans-serif;font-style: normal;letter-spacing: normal;text-align: start;text-indent: 0px;text-transform: none\">Acabamento brilho na cor grafite.<\/span><\/p>\n","protected":false},"featured_media":25299,"template":"","meta":{"_joinchat":[]},"product_brand":[],"product_cat":[144],"product_tag":[],"class_list":{"0":"post-17140","1":"product","2":"type-product","3":"status-publish","4":"has-post-thumbnail","6":"product_cat-tomadas-e-cia","8":"first","9":"instock","10":"shipping-taxable","11":"purchasable","12":"product-type-simple"},"_links":{"self":[{"href":"https:\/\/www.multicasa.com.br\/inicio\/wp-json\/wp\/v2\/product\/17140","targetHints":{"allow":["GET"]}}],"collection":[{"href":"https:\/\/www.multicasa.com.br\/inicio\/wp-json\/wp\/v2\/product"}],"about":[{"href":"https:\/\/www.multicasa.com.br\/inicio\/wp-json\/wp\/v2\/types\/product"}],"wp:featuredmedia":[{"embeddable":true,"href":"https:\/\/www.multicasa.com.br\/inicio\/wp-json\/wp\/v2\/media\/25299"}],"wp:attachment":[{"href":"https:\/\/www.multicasa.com.br\/inicio\/wp-json\/wp\/v2\/media?parent=17140"}],"wp:term":[{"taxonomy":"product_brand","embeddable":true,"href":"https:\/\/www.multicasa.com.br\/inicio\/wp-json\/wp\/v2\/product_brand?post=17140"},{"taxonomy":"product_cat","embeddable":true,"href":"https:\/\/www.multicasa.com.br\/inicio\/wp-json\/wp\/v2\/product_cat?post=17140"},{"taxonomy":"product_tag","embeddable":true,"href":"https:\/\/www.multicasa.com.br\/inicio\/wp-json\/wp\/v2\/product_tag?post=17140"}],"curies":[{"name":"wp","href":"https:\/\/api.w.org\/{rel}","templated":true}]}}