{"id":17143,"date":"2025-06-20T19:16:59","date_gmt":"2025-06-20T23:16:59","guid":{"rendered":"https:\/\/www.multicasa.com.br\/inicio\/?post_type=product&#038;p=17143"},"modified":"2026-02-24T10:30:51","modified_gmt":"2026-02-24T14:30:51","slug":"miolo-liz-pulsador-campainha-grafite-tramontina","status":"publish","type":"product","link":"https:\/\/www.multicasa.com.br\/inicio\/produto\/miolo-liz-pulsador-campainha-grafite-tramontina\/","title":{"rendered":"MIOLO LIZ PULSADOR CAMPAINHA GRAFITE TRAMONTINA"},"content":{"rendered":"<p>Os ambientes v\u00e3o ficar muito mais pr\u00e1ticos e bonitos com o M\u00f3dulo Pulsador para Campainha Tramontina 10 A 250 V Grafite. Com fun\u00e7\u00e3o de pulsador para campainha, ele apresenta relevo para melhor identifica\u00e7\u00e3o do que ele se prop\u00f5e. \u00c9 produzido em termopl\u00e1stico antichama com acabamento brilho, que n\u00e3o ret\u00e9m poeira. \u00c9 um m\u00f3dulo largo na cor grafite que pode ser substitu\u00eddo pelo modelo na cor branca. Al\u00e9m disso, ele pode ser usado em diferentes linhas de placas da Tramontina, garantindo versatilidade e um visual diferenciado ao seu gosto. Ele ainda garante um contato mais perfeito com a rede el\u00e9trica, j\u00e1 que os condutores el\u00e9tricos s\u00e3o fixados aos bornes e travados por parafusos. Ainda, ele pode ser utilizado nas linhas Liz, Lux\u00b2, Giz, Tablet, Lizflex, Plastibox e conduletes Tramontina com tampa sistema modular.<\/p>\n","protected":false},"excerpt":{"rendered":"<h4 style=\"margin: 0px;padding: 0px 0px 16px;font-family: Lato, sans-serif;font-weight: bold;line-height: 3rem;color: var(--dark-grey3);font-size: 22px;font-style: normal;letter-spacing: normal;text-align: start;text-indent: 0px;text-transform: none\">Informa\u00e7\u00f5es t\u00e9cnicas<\/h4>\n<p><span style=\"margin: 0px;padding: 0px;font-weight: 450;font-size: 14px;line-height: 21px;color: var(--dark-grey2);font-family: Lato, sans-serif;font-style: normal;letter-spacing: normal;text-align: start;text-indent: 0px;text-transform: none\">Utilizar nas linhas Liz, Lux\u00b2, Giz, Tablet, Lizflex, Plastibox e conduletes Tramontina com tampa sistema modular.<\/p>\n<p><\/span><\/p>\n","protected":false},"featured_media":25586,"template":"","meta":{"_joinchat":[]},"product_brand":[],"product_cat":[144],"product_tag":[],"class_list":{"0":"post-17143","1":"product","2":"type-product","3":"status-publish","4":"has-post-thumbnail","6":"product_cat-tomadas-e-cia","8":"first","9":"instock","10":"shipping-taxable","11":"purchasable","12":"product-type-simple"},"_links":{"self":[{"href":"https:\/\/www.multicasa.com.br\/inicio\/wp-json\/wp\/v2\/product\/17143","targetHints":{"allow":["GET"]}}],"collection":[{"href":"https:\/\/www.multicasa.com.br\/inicio\/wp-json\/wp\/v2\/product"}],"about":[{"href":"https:\/\/www.multicasa.com.br\/inicio\/wp-json\/wp\/v2\/types\/product"}],"wp:featuredmedia":[{"embeddable":true,"href":"https:\/\/www.multicasa.com.br\/inicio\/wp-json\/wp\/v2\/media\/25586"}],"wp:attachment":[{"href":"https:\/\/www.multicasa.com.br\/inicio\/wp-json\/wp\/v2\/media?parent=17143"}],"wp:term":[{"taxonomy":"product_brand","embeddable":true,"href":"https:\/\/www.multicasa.com.br\/inicio\/wp-json\/wp\/v2\/product_brand?post=17143"},{"taxonomy":"product_cat","embeddable":true,"href":"https:\/\/www.multicasa.com.br\/inicio\/wp-json\/wp\/v2\/product_cat?post=17143"},{"taxonomy":"product_tag","embeddable":true,"href":"https:\/\/www.multicasa.com.br\/inicio\/wp-json\/wp\/v2\/product_tag?post=17143"}],"curies":[{"name":"wp","href":"https:\/\/api.w.org\/{rel}","templated":true}]}}