{"id":17156,"date":"2025-06-20T19:17:01","date_gmt":"2025-06-20T23:17:01","guid":{"rendered":"https:\/\/www.multicasa.com.br\/inicio\/?post_type=product&#038;p=17156"},"modified":"2025-08-16T16:00:26","modified_gmt":"2025-08-16T20:00:26","slug":"vaso-ecologica-n2-ceramica-jorani","status":"publish","type":"product","link":"https:\/\/www.multicasa.com.br\/inicio\/produto\/vaso-ecologica-n2-ceramica-jorani\/","title":{"rendered":"VASO ECOLOGICA N2 CERAMICA JORANI"},"content":{"rendered":"<p>Com um design cl\u00e1ssico e linhas que expressam dimens\u00f5es monumentais, as jardineiras, floreiras e vasos conferem ao ambiente solidez e resist\u00eancia apesar de serem leves e f\u00e1ceis de manusear.Feito para pessoas que adoram produzir plantas e flores num belo jardim .<\/p>\n","protected":false},"excerpt":{"rendered":"<h4 style=\"margin: 0px;padding: 0px 0px 16px;font-family: Lato, sans-serif;font-weight: bold;line-height: 3rem;color: var(--dark-grey3);font-size: 22px;font-style: normal;letter-spacing: normal;text-align: start;text-indent: 0px;text-transform: none\">Informa\u00e7\u00f5es t\u00e9cnicas<\/h4>\n<p><span style=\"margin: 0px;padding: 0px;font-weight: 450;font-size: 14px;line-height: 21px;color: var(--dark-grey2);font-family: Lato, sans-serif;font-style: normal;letter-spacing: normal;text-align: start;text-indent: 0px;text-transform: none\">Marca: Jorani<br \/>\nCeramica<br \/>\nN2<br \/>\nEcologica<br \/>\nDIAMETRO SUPERIOR: 26 CM<br \/>\nALTURA: 14,5 CM<br \/>\nVOLUME: 4,6 L<\/span><\/p>\n","protected":false},"featured_media":26236,"template":"","meta":{"_joinchat":[]},"product_brand":[],"product_cat":[76],"product_tag":[],"class_list":{"0":"post-17156","1":"product","2":"type-product","3":"status-publish","4":"has-post-thumbnail","6":"product_cat-jardinagem","8":"first","9":"outofstock","10":"shipping-taxable","11":"product-type-simple"},"_links":{"self":[{"href":"https:\/\/www.multicasa.com.br\/inicio\/wp-json\/wp\/v2\/product\/17156","targetHints":{"allow":["GET"]}}],"collection":[{"href":"https:\/\/www.multicasa.com.br\/inicio\/wp-json\/wp\/v2\/product"}],"about":[{"href":"https:\/\/www.multicasa.com.br\/inicio\/wp-json\/wp\/v2\/types\/product"}],"wp:featuredmedia":[{"embeddable":true,"href":"https:\/\/www.multicasa.com.br\/inicio\/wp-json\/wp\/v2\/media\/26236"}],"wp:attachment":[{"href":"https:\/\/www.multicasa.com.br\/inicio\/wp-json\/wp\/v2\/media?parent=17156"}],"wp:term":[{"taxonomy":"product_brand","embeddable":true,"href":"https:\/\/www.multicasa.com.br\/inicio\/wp-json\/wp\/v2\/product_brand?post=17156"},{"taxonomy":"product_cat","embeddable":true,"href":"https:\/\/www.multicasa.com.br\/inicio\/wp-json\/wp\/v2\/product_cat?post=17156"},{"taxonomy":"product_tag","embeddable":true,"href":"https:\/\/www.multicasa.com.br\/inicio\/wp-json\/wp\/v2\/product_tag?post=17156"}],"curies":[{"name":"wp","href":"https:\/\/api.w.org\/{rel}","templated":true}]}}