{"id":17180,"date":"2025-06-20T19:17:10","date_gmt":"2025-06-20T23:17:10","guid":{"rendered":"https:\/\/www.multicasa.com.br\/inicio\/?post_type=product&#038;p=17180"},"modified":"2025-12-16T18:08:25","modified_gmt":"2025-12-16T22:08:25","slug":"acabamento-valv-desc-hydra-max-pt-blukit","status":"publish","type":"product","link":"https:\/\/www.multicasa.com.br\/inicio\/produto\/acabamento-valv-desc-hydra-max-pt-blukit\/","title":{"rendered":"ACABAMENTO VALV.DESC.HYDRA MAX PT BLUKIT"},"content":{"rendered":"<p>Acabamento Para V\u00e1lvula De Descarga Deca Hydra Luxo em ABS (pl\u00e1stico)<\/p>\n","protected":false},"excerpt":{"rendered":"<h4 style=\"margin: 0px;padding: 0px 0px 16px;font-family: Lato, sans-serif;font-weight: bold;line-height: 3rem;color: var(--dark-grey3);font-size: 22px;font-style: normal;letter-spacing: normal;text-align: start;text-indent: 0px;text-transform: none\">Informa\u00e7\u00f5es t\u00e9cnicas<\/h4>\n<p><span style=\"margin: 0px;padding: 0px;font-weight: 450;font-size: 14px;line-height: 21px;color: var(--dark-grey2);font-family: Lato, sans-serif;font-style: normal;letter-spacing: normal;text-align: start;text-indent: 0px;text-transform: none\">EXCELENTE ACABAMENTO<br \/>\nPRODUZIDO EM PL\u00c1STICO DE ENGENHARIA (ABS)<br \/>\nACOMPANHA PARAFUSOS PARA MONTAGEM<br \/>\nN\u00c3O ENFERRUJA<br \/>\nN\u00c3O SOFRE CORROS\u00c3O.<\/span><\/p>\n","protected":false},"featured_media":24566,"template":"","meta":{"_joinchat":[]},"product_brand":[],"product_cat":[67],"product_tag":[],"class_list":{"0":"post-17180","1":"product","2":"type-product","3":"status-publish","4":"has-post-thumbnail","6":"product_cat-torneiras-e-cia","8":"first","9":"outofstock","10":"shipping-taxable","11":"product-type-simple"},"_links":{"self":[{"href":"https:\/\/www.multicasa.com.br\/inicio\/wp-json\/wp\/v2\/product\/17180","targetHints":{"allow":["GET"]}}],"collection":[{"href":"https:\/\/www.multicasa.com.br\/inicio\/wp-json\/wp\/v2\/product"}],"about":[{"href":"https:\/\/www.multicasa.com.br\/inicio\/wp-json\/wp\/v2\/types\/product"}],"wp:featuredmedia":[{"embeddable":true,"href":"https:\/\/www.multicasa.com.br\/inicio\/wp-json\/wp\/v2\/media\/24566"}],"wp:attachment":[{"href":"https:\/\/www.multicasa.com.br\/inicio\/wp-json\/wp\/v2\/media?parent=17180"}],"wp:term":[{"taxonomy":"product_brand","embeddable":true,"href":"https:\/\/www.multicasa.com.br\/inicio\/wp-json\/wp\/v2\/product_brand?post=17180"},{"taxonomy":"product_cat","embeddable":true,"href":"https:\/\/www.multicasa.com.br\/inicio\/wp-json\/wp\/v2\/product_cat?post=17180"},{"taxonomy":"product_tag","embeddable":true,"href":"https:\/\/www.multicasa.com.br\/inicio\/wp-json\/wp\/v2\/product_tag?post=17180"}],"curies":[{"name":"wp","href":"https:\/\/api.w.org\/{rel}","templated":true}]}}