{"id":17182,"date":"2025-06-20T19:17:11","date_gmt":"2025-06-20T23:17:11","guid":{"rendered":"https:\/\/www.multicasa.com.br\/inicio\/?post_type=product&#038;p=17182"},"modified":"2026-04-21T10:20:12","modified_gmt":"2026-04-21T14:20:12","slug":"valvula-p-lavatorio-7-8-pt-blukit","status":"publish","type":"product","link":"https:\/\/www.multicasa.com.br\/inicio\/produto\/valvula-p-lavatorio-7-8-pt-blukit\/","title":{"rendered":"VALVULA P\/ LAVATORIO 7\/8 PT BLUKIT"},"content":{"rendered":"<p>Instalado em lavat\u00f3rios, a v\u00e1lvula de escoamento Blukit permite, com excelente vaz\u00e3o, o escoamento da \u00e1gua e impede a passagem de objetos maiores que podem entupir a tubula\u00e7\u00e3o. Pr\u00e1tica, eficiente e de f\u00e1cil instala\u00e7\u00e3o, \u00e9 fabricada em pl\u00e1stico de engenharia e elast\u00f4meros.<\/p>\n","protected":false},"excerpt":{"rendered":"<h4 style=\"margin: 0px;padding: 0px 0px 16px;font-family: Lato, sans-serif;font-weight: bold;line-height: 3rem;color: var(--dark-grey3);font-size: 22px;font-style: normal;letter-spacing: normal;text-align: start;text-indent: 0px;text-transform: none\">Informa\u00e7\u00f5es t\u00e9cnicas<\/h4>\n<p><span style=\"margin: 0px;padding: 0px;font-weight: 450;font-size: 14px;line-height: 21px;color: var(--dark-grey2);font-family: Lato, sans-serif;font-style: normal;letter-spacing: normal;text-align: start;text-indent: 0px;text-transform: none\">\u0096 Cor: preto.<br \/>\n\u0096 Acompanha vedantes.<br \/>\n\u0096 Produzido em pl\u00e1stico de engenharia polipropileno (PP).<br \/>\n\u0096 Rosca: 7\/8&#8243;.<br \/>\n\u0096 Aba: 55mm.<br \/>\n\u0096 Comprimento: 70mm<br \/>\nRosca: 7\/8&#8243;<br \/>\nComposi\u00e7\u00e3o: Pl\u00e1sticos de Engenharia; Elast\u00f4meros<br \/>\nAplica\u00e7\u00e3o: Lavat\u00f3rio<\/span><\/p>\n","protected":false},"featured_media":26217,"template":"","meta":{"_joinchat":[]},"product_brand":[],"product_cat":[74],"product_tag":[],"class_list":{"0":"post-17182","1":"product","2":"type-product","3":"status-publish","4":"has-post-thumbnail","6":"product_cat-reparos-hidraulicos","8":"first","9":"instock","10":"shipping-taxable","11":"purchasable","12":"product-type-simple"},"_links":{"self":[{"href":"https:\/\/www.multicasa.com.br\/inicio\/wp-json\/wp\/v2\/product\/17182","targetHints":{"allow":["GET"]}}],"collection":[{"href":"https:\/\/www.multicasa.com.br\/inicio\/wp-json\/wp\/v2\/product"}],"about":[{"href":"https:\/\/www.multicasa.com.br\/inicio\/wp-json\/wp\/v2\/types\/product"}],"wp:featuredmedia":[{"embeddable":true,"href":"https:\/\/www.multicasa.com.br\/inicio\/wp-json\/wp\/v2\/media\/26217"}],"wp:attachment":[{"href":"https:\/\/www.multicasa.com.br\/inicio\/wp-json\/wp\/v2\/media?parent=17182"}],"wp:term":[{"taxonomy":"product_brand","embeddable":true,"href":"https:\/\/www.multicasa.com.br\/inicio\/wp-json\/wp\/v2\/product_brand?post=17182"},{"taxonomy":"product_cat","embeddable":true,"href":"https:\/\/www.multicasa.com.br\/inicio\/wp-json\/wp\/v2\/product_cat?post=17182"},{"taxonomy":"product_tag","embeddable":true,"href":"https:\/\/www.multicasa.com.br\/inicio\/wp-json\/wp\/v2\/product_tag?post=17182"}],"curies":[{"name":"wp","href":"https:\/\/api.w.org\/{rel}","templated":true}]}}