{"id":17184,"date":"2025-06-20T19:17:11","date_gmt":"2025-06-20T23:17:11","guid":{"rendered":"https:\/\/www.multicasa.com.br\/inicio\/?post_type=product&#038;p=17184"},"modified":"2025-08-30T07:43:21","modified_gmt":"2025-08-30T11:43:21","slug":"sifao-copo-universal-pt-blukit","status":"publish","type":"product","link":"https:\/\/www.multicasa.com.br\/inicio\/produto\/sifao-copo-universal-pt-blukit\/","title":{"rendered":"SIFAO COPO UNIVERSAL PT BLUKIT"},"content":{"rendered":"<p>Dentre as diversas op\u00e7\u00f5es de sif\u00f5es, a Blukit disp\u00f5e de um modelo muito vers\u00e1til. A grande vantagem desse sistema \u00e9 que o copo \u00e9 facilmente remov\u00edvel, o que facilita muito a limpeza e a retirada dos detritos em caso de entupimento. Dessa forma, n\u00e3o \u00e9 preciso desinstalar todo o sif\u00e3o cada vez que a limpeza e a manuten\u00e7\u00e3o do sistema forem necess\u00e1rias.<\/p>\n","protected":false},"excerpt":{"rendered":"<h4 style=\"margin: 0px;padding: 0px 0px 16px;font-family: Lato, sans-serif;font-weight: bold;line-height: 3rem;color: var(--dark-grey3);font-size: 22px;font-style: normal;letter-spacing: normal;text-align: start;text-indent: 0px;text-transform: none\">Informa\u00e7\u00f5es t\u00e9cnicas<\/h4>\n<p><span style=\"margin: 0px;padding: 0px;font-weight: 450;font-size: 14px;line-height: 21px;color: var(--dark-grey2);font-family: Lato, sans-serif;font-style: normal;letter-spacing: normal;text-align: start;text-indent: 0px;text-transform: none\">&#8211; Material: pl\u00e1sticos de engenharia e elast\u00f4meros.<br \/>\n&#8211; Acabamento: Black.<br \/>\n&#8211; Comprimento: 480mm (m\u00e1x) 245mm (min).<br \/>\n&#8211; Di\u00e2metros de sa\u00edda: DN38, DN40, DN48, DN50.<br \/>\n&#8211; Rosca (G): 1.1\/2 x 1.1\/4 x 7\/8<\/span><\/p>\n","protected":false},"featured_media":25975,"template":"","meta":{"_joinchat":[]},"product_brand":[],"product_cat":[74],"product_tag":[],"class_list":{"0":"post-17184","1":"product","2":"type-product","3":"status-publish","4":"has-post-thumbnail","6":"product_cat-reparos-hidraulicos","8":"first","9":"instock","10":"shipping-taxable","11":"purchasable","12":"product-type-simple"},"_links":{"self":[{"href":"https:\/\/www.multicasa.com.br\/inicio\/wp-json\/wp\/v2\/product\/17184","targetHints":{"allow":["GET"]}}],"collection":[{"href":"https:\/\/www.multicasa.com.br\/inicio\/wp-json\/wp\/v2\/product"}],"about":[{"href":"https:\/\/www.multicasa.com.br\/inicio\/wp-json\/wp\/v2\/types\/product"}],"wp:featuredmedia":[{"embeddable":true,"href":"https:\/\/www.multicasa.com.br\/inicio\/wp-json\/wp\/v2\/media\/25975"}],"wp:attachment":[{"href":"https:\/\/www.multicasa.com.br\/inicio\/wp-json\/wp\/v2\/media?parent=17184"}],"wp:term":[{"taxonomy":"product_brand","embeddable":true,"href":"https:\/\/www.multicasa.com.br\/inicio\/wp-json\/wp\/v2\/product_brand?post=17184"},{"taxonomy":"product_cat","embeddable":true,"href":"https:\/\/www.multicasa.com.br\/inicio\/wp-json\/wp\/v2\/product_cat?post=17184"},{"taxonomy":"product_tag","embeddable":true,"href":"https:\/\/www.multicasa.com.br\/inicio\/wp-json\/wp\/v2\/product_tag?post=17184"}],"curies":[{"name":"wp","href":"https:\/\/api.w.org\/{rel}","templated":true}]}}