{"id":17196,"date":"2025-06-20T19:17:19","date_gmt":"2025-06-20T23:17:19","guid":{"rendered":"https:\/\/www.multicasa.com.br\/inicio\/?post_type=product&#038;p=17196"},"modified":"2025-08-17T19:08:11","modified_gmt":"2025-08-17T23:08:11","slug":"testador-tensao-dig-12-120v-incgo","status":"publish","type":"product","link":"https:\/\/www.multicasa.com.br\/inicio\/produto\/testador-tensao-dig-12-120v-incgo\/","title":{"rendered":"TESTADOR TENSAO DIG. 12-120V INCGO"},"content":{"rendered":"<p>\u0095 Teste de indu\u00e7\u00e3o para encontrar linha<br \/>\nde fase, linha de aterramento e ponto de<br \/>\ninterrup\u00e7\u00e3o da linha de fase<br \/>\n\u0095 N\u00e3o \u00e9 necess\u00e1rio instalar bateria<br \/>\n\u0095 Embalado por cartela pl\u00e1stica<\/p>\n","protected":false},"excerpt":{"rendered":"<h4 style=\"margin: 0px;padding: 0px 0px 16px;font-family: Lato, sans-serif;font-weight: bold;line-height: 3rem;color: var(--dark-grey3);font-size: 22px;font-style: normal;letter-spacing: normal;text-align: start;text-indent: 0px;text-transform: none\">Informa\u00e7\u00f5es t\u00e9cnicas<\/h4>\n<p><span style=\"margin: 0px;padding: 0px;font-weight: 450;font-size: 14px;line-height: 21px;color: var(--dark-grey2);font-family: Lato, sans-serif;font-style: normal;letter-spacing: normal;text-align: start;text-indent: 0px;text-transform: none\">\u0095 Tens\u00e3o de teste: AC100-500V \/ Digital:<br \/>\n12-220V<br \/>\n\u0095 Tamanho: 135 mm x 23 mm x 17 mm<\/span><\/p>\n","protected":false},"featured_media":26086,"template":"","meta":{"_joinchat":[]},"product_brand":[],"product_cat":[152],"product_tag":[],"class_list":{"0":"post-17196","1":"product","2":"type-product","3":"status-publish","4":"has-post-thumbnail","6":"product_cat-ferramentas-eletricas","8":"first","9":"outofstock","10":"shipping-taxable","11":"purchasable","12":"product-type-simple"},"_links":{"self":[{"href":"https:\/\/www.multicasa.com.br\/inicio\/wp-json\/wp\/v2\/product\/17196","targetHints":{"allow":["GET"]}}],"collection":[{"href":"https:\/\/www.multicasa.com.br\/inicio\/wp-json\/wp\/v2\/product"}],"about":[{"href":"https:\/\/www.multicasa.com.br\/inicio\/wp-json\/wp\/v2\/types\/product"}],"wp:featuredmedia":[{"embeddable":true,"href":"https:\/\/www.multicasa.com.br\/inicio\/wp-json\/wp\/v2\/media\/26086"}],"wp:attachment":[{"href":"https:\/\/www.multicasa.com.br\/inicio\/wp-json\/wp\/v2\/media?parent=17196"}],"wp:term":[{"taxonomy":"product_brand","embeddable":true,"href":"https:\/\/www.multicasa.com.br\/inicio\/wp-json\/wp\/v2\/product_brand?post=17196"},{"taxonomy":"product_cat","embeddable":true,"href":"https:\/\/www.multicasa.com.br\/inicio\/wp-json\/wp\/v2\/product_cat?post=17196"},{"taxonomy":"product_tag","embeddable":true,"href":"https:\/\/www.multicasa.com.br\/inicio\/wp-json\/wp\/v2\/product_tag?post=17196"}],"curies":[{"name":"wp","href":"https:\/\/api.w.org\/{rel}","templated":true}]}}