{"id":17198,"date":"2025-06-20T19:17:19","date_gmt":"2025-06-20T23:17:19","guid":{"rendered":"https:\/\/www.multicasa.com.br\/inicio\/?post_type=product&#038;p=17198"},"modified":"2025-08-18T02:43:48","modified_gmt":"2025-08-18T06:43:48","slug":"torre-tomada-emb-autom-2to-pr-renna","status":"publish","type":"product","link":"https:\/\/www.multicasa.com.br\/inicio\/produto\/torre-tomada-emb-autom-2to-pr-renna\/","title":{"rendered":"TORRE TOMADA EMB. AUTOM. 2TO PR RENNA"},"content":{"rendered":"<p>O grande diferencial dessa torre \u00e9 a abertura autom\u00e1tica, sem precisar puxar a torre para levantar na hora de utilizar, com apenas um click em cima da torre, suavemente a mesma j\u00e1 vai abrindo em sua bancada. Ideal para ser instalado em cozinhas, escrit\u00f3rios, mesas de reuni\u00e3o, e qualquer outro local que necessite acesso a m\u00faltiplas tomadas com organiza\u00e7\u00e3o, a torre fica escondida sob o m\u00f3vel. Possui entrada para 2 tomadas, todas com sistema de prote\u00e7\u00e3o antichoque para crian\u00e7as. <\/p>\n","protected":false},"excerpt":{"rendered":"<h4 style=\"margin: 0px;padding: 0px 0px 16px;font-family: Lato, sans-serif;font-weight: bold;line-height: 3rem;color: var(--dark-grey3);font-size: 22px;font-style: normal;letter-spacing: normal;text-align: start;text-indent: 0px;text-transform: none\">Informa\u00e7\u00f5es t\u00e9cnicas<\/h4>\n<p><span style=\"margin: 0px;padding: 0px;font-weight: 450;font-size: 14px;line-height: 21px;color: var(--dark-grey2);font-family: Lato, sans-serif;font-style: normal;letter-spacing: normal;text-align: start;text-indent: 0px;text-transform: none\">Marca: Renna<br \/>\nMaterial: alum\u00ednio, anodizado e pl\u00e1stico.<br \/>\nCor: Prata<br \/>\nFuro padr\u00e3o 60mm;<br \/>\nCorrente el\u00e9trica: at\u00e9 16A<br \/>\nVoltagem: 127V\/250V (bivolt);<br \/>\nPot\u00eancia m\u00e1xima: at\u00e9 3500W;<br \/>\nEspa\u00e7o para 2 tomadas;<br \/>\n1,5m de cabo.<br \/>\n<\/span><\/p>\n","protected":false},"featured_media":26155,"template":"","meta":{"_joinchat":[]},"product_brand":[],"product_cat":[144],"product_tag":[],"class_list":{"0":"post-17198","1":"product","2":"type-product","3":"status-publish","4":"has-post-thumbnail","6":"product_cat-tomadas-e-cia","8":"first","9":"outofstock","10":"shipping-taxable","11":"purchasable","12":"product-type-simple"},"_links":{"self":[{"href":"https:\/\/www.multicasa.com.br\/inicio\/wp-json\/wp\/v2\/product\/17198","targetHints":{"allow":["GET"]}}],"collection":[{"href":"https:\/\/www.multicasa.com.br\/inicio\/wp-json\/wp\/v2\/product"}],"about":[{"href":"https:\/\/www.multicasa.com.br\/inicio\/wp-json\/wp\/v2\/types\/product"}],"wp:featuredmedia":[{"embeddable":true,"href":"https:\/\/www.multicasa.com.br\/inicio\/wp-json\/wp\/v2\/media\/26155"}],"wp:attachment":[{"href":"https:\/\/www.multicasa.com.br\/inicio\/wp-json\/wp\/v2\/media?parent=17198"}],"wp:term":[{"taxonomy":"product_brand","embeddable":true,"href":"https:\/\/www.multicasa.com.br\/inicio\/wp-json\/wp\/v2\/product_brand?post=17198"},{"taxonomy":"product_cat","embeddable":true,"href":"https:\/\/www.multicasa.com.br\/inicio\/wp-json\/wp\/v2\/product_cat?post=17198"},{"taxonomy":"product_tag","embeddable":true,"href":"https:\/\/www.multicasa.com.br\/inicio\/wp-json\/wp\/v2\/product_tag?post=17198"}],"curies":[{"name":"wp","href":"https:\/\/api.w.org\/{rel}","templated":true}]}}