{"id":17210,"date":"2025-06-20T19:17:21","date_gmt":"2025-06-20T23:17:21","guid":{"rendered":"https:\/\/www.multicasa.com.br\/inicio\/?post_type=product&#038;p=17210"},"modified":"2026-04-13T13:30:09","modified_gmt":"2026-04-13T17:30:09","slug":"kit-varao-duplo-19-28mm-3m-prata-bella-arte","status":"publish","type":"product","link":"https:\/\/www.multicasa.com.br\/inicio\/produto\/kit-varao-duplo-19-28mm-3m-prata-bella-arte\/","title":{"rendered":"KIT VARAO DUPLO 19\/28MM 3M PRATA BELLA ARTE"},"content":{"rendered":"<p>F\u00e1cil de instalar, \u00e9 feito em material de qualidade que garante sua resist\u00eancia e durabilidade, e al\u00e9m disso \u00e9 leve. Este Kit var\u00e3o de cortina \u00e9 ideal para deixar a cortina instalada com perfei\u00e7\u00e3o e firmeza. A Bella Arte \u00e9 uma ind\u00fastria Brasileira especializada no desenvolvimento e produ\u00e7\u00e3o de acess\u00f3rios para cortinas e utilidades para o Lar. <\/p>\n","protected":false},"excerpt":{"rendered":"<h4 style=\"margin: 0px;padding: 0px 0px 16px;font-family: Lato, sans-serif;font-weight: bold;line-height: 3rem;color: var(--dark-grey3);font-size: 22px;font-style: normal;letter-spacing: normal;text-align: start;text-indent: 0px;text-transform: none\">Informa\u00e7\u00f5es t\u00e9cnicas<\/h4>\n<p><span style=\"margin: 0px;padding: 0px;font-weight: 450;font-size: 14px;line-height: 21px;color: var(--dark-grey2);font-family: Lato, sans-serif;font-style: normal;letter-spacing: normal;text-align: start;text-indent: 0px;text-transform: none\">Material: A\u00e7o e Polipropileno<br \/>\nCor: Prata<br \/>\nEspessura do Var\u00e3o: 19mm<br \/>\nMaterial de Fixa\u00e7\u00e3o: Parafusos e Buchas.<br \/>\nRecomenda\u00e7\u00f5es De Uso\/Manuten\u00e7\u00e3o E Limpeza: N\u00e3o usar produtos qu\u00edmicos ou abrasivos, limpar com sab\u00e3o neutro. Sempre diluir o produto para limpeza na \u00e1gua, n\u00e3o aplicar diretamente na pe\u00e7a<\/span><\/p>\n","protected":false},"featured_media":25392,"template":"","meta":{"_joinchat":[]},"product_brand":[],"product_cat":[141],"product_tag":[],"class_list":{"0":"post-17210","1":"product","2":"type-product","3":"status-publish","4":"has-post-thumbnail","6":"product_cat-marcenaria","8":"first","9":"instock","10":"shipping-taxable","11":"purchasable","12":"product-type-simple"},"_links":{"self":[{"href":"https:\/\/www.multicasa.com.br\/inicio\/wp-json\/wp\/v2\/product\/17210","targetHints":{"allow":["GET"]}}],"collection":[{"href":"https:\/\/www.multicasa.com.br\/inicio\/wp-json\/wp\/v2\/product"}],"about":[{"href":"https:\/\/www.multicasa.com.br\/inicio\/wp-json\/wp\/v2\/types\/product"}],"wp:featuredmedia":[{"embeddable":true,"href":"https:\/\/www.multicasa.com.br\/inicio\/wp-json\/wp\/v2\/media\/25392"}],"wp:attachment":[{"href":"https:\/\/www.multicasa.com.br\/inicio\/wp-json\/wp\/v2\/media?parent=17210"}],"wp:term":[{"taxonomy":"product_brand","embeddable":true,"href":"https:\/\/www.multicasa.com.br\/inicio\/wp-json\/wp\/v2\/product_brand?post=17210"},{"taxonomy":"product_cat","embeddable":true,"href":"https:\/\/www.multicasa.com.br\/inicio\/wp-json\/wp\/v2\/product_cat?post=17210"},{"taxonomy":"product_tag","embeddable":true,"href":"https:\/\/www.multicasa.com.br\/inicio\/wp-json\/wp\/v2\/product_tag?post=17210"}],"curies":[{"name":"wp","href":"https:\/\/api.w.org\/{rel}","templated":true}]}}