{"id":17228,"date":"2025-06-20T19:17:29","date_gmt":"2025-06-20T23:17:29","guid":{"rendered":"https:\/\/www.multicasa.com.br\/inicio\/?post_type=product&#038;p=17228"},"modified":"2026-04-21T13:50:55","modified_gmt":"2026-04-21T17:50:55","slug":"casca-pinus-2l-aduba-terra","status":"publish","type":"product","link":"https:\/\/www.multicasa.com.br\/inicio\/produto\/casca-pinus-2l-aduba-terra\/","title":{"rendered":"CASCA PINUS 2L ADUBA TERRA"},"content":{"rendered":"<p>A casca de pinus 1kg vai deixar seu jardim muito mais especial e com a garantia de cuidado para suas plantas. Produzida da casca de pinus e 100% natural, ela promove uma camada protetora no local onde for inserida e reduz o aparecimento de ervas daninhas. A casca de pinus ainda evita a eros\u00e3o e compacta\u00e7\u00e3o do solo, promovendo maior longevidade as suas plantas, de forma ecologicamente correta e biodegrad\u00e1vel.<\/p>\n","protected":false},"excerpt":{"rendered":"<h4 style=\"margin: 0px;padding: 0px 0px 16px;font-family: Lato, sans-serif;font-weight: bold;line-height: 3rem;color: var(--dark-grey3);font-size: 22px;font-style: normal;letter-spacing: normal;text-align: start;text-indent: 0px;text-transform: none\">Informa\u00e7\u00f5es t\u00e9cnicas<\/h4>\n<p><span style=\"margin: 0px;padding: 0px;font-weight: 450;font-size: 14px;line-height: 21px;color: var(--dark-grey2);font-family: Lato, sans-serif;font-style: normal;letter-spacing: normal;text-align: start;text-indent: 0px;text-transform: none\">CASCA PINUS<br \/>\nusado para, espec\u00edfico: Jardim e Piscina, Plantas, Sementes e Bulbos, Flores<br \/>\nInstru\u00e7\u00f5es de cuidado: Mater em local seco e arejado<br \/>\n2L<\/span><\/p>\n","protected":false},"featured_media":24913,"template":"","meta":{"_joinchat":[]},"product_brand":[],"product_cat":[76],"product_tag":[],"class_list":{"0":"post-17228","1":"product","2":"type-product","3":"status-publish","4":"has-post-thumbnail","6":"product_cat-jardinagem","8":"first","9":"instock","10":"shipping-taxable","11":"purchasable","12":"product-type-simple"},"_links":{"self":[{"href":"https:\/\/www.multicasa.com.br\/inicio\/wp-json\/wp\/v2\/product\/17228","targetHints":{"allow":["GET"]}}],"collection":[{"href":"https:\/\/www.multicasa.com.br\/inicio\/wp-json\/wp\/v2\/product"}],"about":[{"href":"https:\/\/www.multicasa.com.br\/inicio\/wp-json\/wp\/v2\/types\/product"}],"wp:featuredmedia":[{"embeddable":true,"href":"https:\/\/www.multicasa.com.br\/inicio\/wp-json\/wp\/v2\/media\/24913"}],"wp:attachment":[{"href":"https:\/\/www.multicasa.com.br\/inicio\/wp-json\/wp\/v2\/media?parent=17228"}],"wp:term":[{"taxonomy":"product_brand","embeddable":true,"href":"https:\/\/www.multicasa.com.br\/inicio\/wp-json\/wp\/v2\/product_brand?post=17228"},{"taxonomy":"product_cat","embeddable":true,"href":"https:\/\/www.multicasa.com.br\/inicio\/wp-json\/wp\/v2\/product_cat?post=17228"},{"taxonomy":"product_tag","embeddable":true,"href":"https:\/\/www.multicasa.com.br\/inicio\/wp-json\/wp\/v2\/product_tag?post=17228"}],"curies":[{"name":"wp","href":"https:\/\/api.w.org\/{rel}","templated":true}]}}