{"id":17239,"date":"2025-06-20T19:17:30","date_gmt":"2025-06-20T23:17:30","guid":{"rendered":"https:\/\/www.multicasa.com.br\/inicio\/?post_type=product&#038;p=17239"},"modified":"2025-08-18T02:53:57","modified_gmt":"2025-08-18T06:53:57","slug":"fertilizante-frutas-400g-forth","status":"publish","type":"product","link":"https:\/\/www.multicasa.com.br\/inicio\/produto\/fertilizante-frutas-400g-forth\/","title":{"rendered":"FERTILIZANTE FRUTAS 400G FORTH"},"content":{"rendered":"<p>\u00c9 um fertilizante completo e balanceado, utilizado para fornecer, complementar e repor os nutrientes que as plantas de seu jardim necessitam e retiram do solo. Seja qual for a \u00e9poca, sempre os melhores resultados.Sua formula\u00e7\u00e3o balanceada, com elementos sol\u00faveis e de alta qualidade, que chegam rapidamente \u00e0s ra\u00edzes da planta, proporciona um resultado r\u00e1pido, uniforme e duradouro nas quatro esta\u00e7\u00f5es do ano.<\/p>\n","protected":false},"excerpt":{"rendered":"<h4 style=\"margin: 0px;padding: 0px 0px 16px;font-family: Lato, sans-serif;font-weight: bold;line-height: 3rem;color: var(--dark-grey3);font-size: 22px;font-style: normal;letter-spacing: normal;text-align: start;text-indent: 0px;text-transform: none\">Informa\u00e7\u00f5es t\u00e9cnicas<\/h4>\n<p><span style=\"margin: 0px;padding: 0px;font-weight: 450;font-size: 14px;line-height: 21px;color: var(--dark-grey2);font-family: Lato, sans-serif;font-style: normal;letter-spacing: normal;text-align: start;text-indent: 0px;text-transform: none\">\u00c9 s\u00f3luvel, e consegue atingir as ra\u00edzes das plantas. Trazendo um resultado r\u00e1pido e duradouro.<br \/>\nSua aplica\u00e7\u00e3o \u00e9 pr\u00e1tica, f\u00e1cil e n\u00e3o faz sujeira.<br \/>\nDispon\u00edvel em embalagem com 400g<br \/>\n<\/span><\/p>\n","protected":false},"featured_media":25188,"template":"","meta":{"_joinchat":[]},"product_brand":[],"product_cat":[76],"product_tag":[],"class_list":{"0":"post-17239","1":"product","2":"type-product","3":"status-publish","4":"has-post-thumbnail","6":"product_cat-jardinagem","8":"first","9":"outofstock","10":"shipping-taxable","11":"purchasable","12":"product-type-simple"},"_links":{"self":[{"href":"https:\/\/www.multicasa.com.br\/inicio\/wp-json\/wp\/v2\/product\/17239","targetHints":{"allow":["GET"]}}],"collection":[{"href":"https:\/\/www.multicasa.com.br\/inicio\/wp-json\/wp\/v2\/product"}],"about":[{"href":"https:\/\/www.multicasa.com.br\/inicio\/wp-json\/wp\/v2\/types\/product"}],"wp:featuredmedia":[{"embeddable":true,"href":"https:\/\/www.multicasa.com.br\/inicio\/wp-json\/wp\/v2\/media\/25188"}],"wp:attachment":[{"href":"https:\/\/www.multicasa.com.br\/inicio\/wp-json\/wp\/v2\/media?parent=17239"}],"wp:term":[{"taxonomy":"product_brand","embeddable":true,"href":"https:\/\/www.multicasa.com.br\/inicio\/wp-json\/wp\/v2\/product_brand?post=17239"},{"taxonomy":"product_cat","embeddable":true,"href":"https:\/\/www.multicasa.com.br\/inicio\/wp-json\/wp\/v2\/product_cat?post=17239"},{"taxonomy":"product_tag","embeddable":true,"href":"https:\/\/www.multicasa.com.br\/inicio\/wp-json\/wp\/v2\/product_tag?post=17239"}],"curies":[{"name":"wp","href":"https:\/\/api.w.org\/{rel}","templated":true}]}}