{"id":17242,"date":"2025-06-20T19:17:31","date_gmt":"2025-06-20T23:17:31","guid":{"rendered":"https:\/\/www.multicasa.com.br\/inicio\/?post_type=product&#038;p=17242"},"modified":"2025-06-23T10:11:39","modified_gmt":"2025-06-23T14:11:39","slug":"inseticida-pu-500ml-forth","status":"publish","type":"product","link":"https:\/\/www.multicasa.com.br\/inicio\/produto\/inseticida-pu-500ml-forth\/","title":{"rendered":"INSETICIDA PU 500ML FORTH"},"content":{"rendered":"<p>Esse inseticida \u00e9 pr\u00f3prio para jardinagem amadora, ent\u00e3o se estiver com problemas de insetos nas plantas e procurando algo seguro, encontrou o produto certo.<\/p>\n","protected":false},"excerpt":{"rendered":"<h4 style=\"margin: 0px;padding: 0px 0px 16px;font-family: Lato, sans-serif;font-weight: bold;line-height: 3rem;color: var(--dark-grey3);font-size: 22px;font-style: normal;letter-spacing: normal;text-align: start;text-indent: 0px;text-transform: none\">Informa\u00e7\u00f5es t\u00e9cnicas<\/h4>\n<p><span style=\"margin: 0px;padding: 0px;font-weight: 450;font-size: 14px;line-height: 21px;color: var(--dark-grey2);font-family: Lato, sans-serif;font-style: normal;letter-spacing: normal;text-align: start;text-indent: 0px;text-transform: none\">MODO DE USO &#8211; Pronto uso 500ml<\/p>\n<p>Aplique FORTH INSETICIDA em toda a planta, principalmente sobre as pragas. Evite aplicar nos hor\u00e1rios mais quentes do dia. Repita a aplica\u00e7\u00e3o a cada 7 dias ou quando necess\u00e1rio. \u00c9 esperada a efic\u00e1cia do produto ap\u00f3s 24 horas.<\/span><\/p>\n","protected":false},"featured_media":25298,"template":"","meta":{"_joinchat":[]},"product_brand":[],"product_cat":[132],"product_tag":[],"class_list":{"0":"post-17242","1":"product","2":"type-product","3":"status-publish","4":"has-post-thumbnail","6":"product_cat-inseticidas","8":"first","9":"outofstock","10":"shipping-taxable","11":"product-type-simple"},"_links":{"self":[{"href":"https:\/\/www.multicasa.com.br\/inicio\/wp-json\/wp\/v2\/product\/17242","targetHints":{"allow":["GET"]}}],"collection":[{"href":"https:\/\/www.multicasa.com.br\/inicio\/wp-json\/wp\/v2\/product"}],"about":[{"href":"https:\/\/www.multicasa.com.br\/inicio\/wp-json\/wp\/v2\/types\/product"}],"wp:featuredmedia":[{"embeddable":true,"href":"https:\/\/www.multicasa.com.br\/inicio\/wp-json\/wp\/v2\/media\/25298"}],"wp:attachment":[{"href":"https:\/\/www.multicasa.com.br\/inicio\/wp-json\/wp\/v2\/media?parent=17242"}],"wp:term":[{"taxonomy":"product_brand","embeddable":true,"href":"https:\/\/www.multicasa.com.br\/inicio\/wp-json\/wp\/v2\/product_brand?post=17242"},{"taxonomy":"product_cat","embeddable":true,"href":"https:\/\/www.multicasa.com.br\/inicio\/wp-json\/wp\/v2\/product_cat?post=17242"},{"taxonomy":"product_tag","embeddable":true,"href":"https:\/\/www.multicasa.com.br\/inicio\/wp-json\/wp\/v2\/product_tag?post=17242"}],"curies":[{"name":"wp","href":"https:\/\/api.w.org\/{rel}","templated":true}]}}