{"id":17243,"date":"2025-06-20T19:17:31","date_gmt":"2025-06-20T23:17:31","guid":{"rendered":"https:\/\/www.multicasa.com.br\/inicio\/?post_type=product&#038;p=17243"},"modified":"2026-04-08T16:50:11","modified_gmt":"2026-04-08T20:50:11","slug":"inseticida-lesmicida-50g-forth","status":"publish","type":"product","link":"https:\/\/www.multicasa.com.br\/inicio\/produto\/inseticida-lesmicida-50g-forth\/","title":{"rendered":"INSETICIDA LESMICIDA 50G FORTH"},"content":{"rendered":"<p>O Forth Lesmicida em Isca \u00e9 um produto \u00e0 base de metalde\u00eddo, eficiente no combate a infesta\u00e7\u00e3o de lesmas e caramujos. O produto age desidratando os moluscos atrav\u00e9s do contato ou ingest\u00e3o.<br \/>\nIndica\u00e7\u00f5es de uso:<br \/>\nVoc\u00ea deve fazer pequenos montinhos em locais infestados de lesmas e caramujos, em uma quantidade de 10g para cada 10m\u00b2. Para um melhor resultado, reaplicar ap\u00f3s 10 dias ou quando achar necess\u00e1rio. \u00c9 recomendado aplicar a isca diretamente da embalagem, sem contato manual com o produto e em dias secos. N\u00e3o aplicar em dias chuvosos ou solo \u00famido.<\/p>\n","protected":false},"excerpt":{"rendered":"<h4 style=\"margin: 0px;padding: 0px 0px 16px;font-family: Lato, sans-serif;font-weight: bold;line-height: 3rem;color: var(--dark-grey3);font-size: 22px;font-style: normal;letter-spacing: normal;text-align: start;text-indent: 0px;text-transform: none\">Informa\u00e7\u00f5es t\u00e9cnicas<\/h4>\n<p><span style=\"margin: 0px;padding: 0px;font-weight: 450;font-size: 14px;line-height: 21px;color: var(--dark-grey2);font-family: Lato, sans-serif;font-style: normal;letter-spacing: normal;text-align: start;text-indent: 0px;text-transform: none\">Composi\u00e7\u00e3o:<br \/>\n&#8211; Metalde\u00eddo: 5% (p\/p).<br \/>\n&#8211; Amargante e Atrativos: 95% (p\/p).<br \/>\nTempo m\u00ednimo para reentrada de pessoas nos locais de aplica\u00e7\u00e3o: 6 horas ap\u00f3s a aplica\u00e7\u00e3o.<\/span><\/p>\n","protected":false},"featured_media":25297,"template":"","meta":{"_joinchat":[]},"product_brand":[],"product_cat":[132],"product_tag":[],"class_list":{"0":"post-17243","1":"product","2":"type-product","3":"status-publish","4":"has-post-thumbnail","6":"product_cat-inseticidas","8":"first","9":"instock","10":"shipping-taxable","11":"purchasable","12":"product-type-simple"},"_links":{"self":[{"href":"https:\/\/www.multicasa.com.br\/inicio\/wp-json\/wp\/v2\/product\/17243","targetHints":{"allow":["GET"]}}],"collection":[{"href":"https:\/\/www.multicasa.com.br\/inicio\/wp-json\/wp\/v2\/product"}],"about":[{"href":"https:\/\/www.multicasa.com.br\/inicio\/wp-json\/wp\/v2\/types\/product"}],"wp:featuredmedia":[{"embeddable":true,"href":"https:\/\/www.multicasa.com.br\/inicio\/wp-json\/wp\/v2\/media\/25297"}],"wp:attachment":[{"href":"https:\/\/www.multicasa.com.br\/inicio\/wp-json\/wp\/v2\/media?parent=17243"}],"wp:term":[{"taxonomy":"product_brand","embeddable":true,"href":"https:\/\/www.multicasa.com.br\/inicio\/wp-json\/wp\/v2\/product_brand?post=17243"},{"taxonomy":"product_cat","embeddable":true,"href":"https:\/\/www.multicasa.com.br\/inicio\/wp-json\/wp\/v2\/product_cat?post=17243"},{"taxonomy":"product_tag","embeddable":true,"href":"https:\/\/www.multicasa.com.br\/inicio\/wp-json\/wp\/v2\/product_tag?post=17243"}],"curies":[{"name":"wp","href":"https:\/\/api.w.org\/{rel}","templated":true}]}}