{"id":17244,"date":"2025-06-20T19:17:31","date_gmt":"2025-06-20T23:17:31","guid":{"rendered":"https:\/\/www.multicasa.com.br\/inicio\/?post_type=product&#038;p=17244"},"modified":"2025-06-23T10:04:45","modified_gmt":"2025-06-23T14:04:45","slug":"engate-flexivel-para-agua-inox-mxf-40cm-deca","status":"publish","type":"product","link":"https:\/\/www.multicasa.com.br\/inicio\/produto\/engate-flexivel-para-agua-inox-mxf-40cm-deca\/","title":{"rendered":"Engate Flex\u00edvel Para \u00c1gua Inox Mxf 40Cm Deca"},"content":{"rendered":"<p>Algumas situa\u00e7\u00f5es pedem uma conex\u00e3o que se movimente para diferentes dire\u00e7\u00f5es. Que n\u00e3o seja fixa como um cano e proporcione movimento. Para tudo isso, o engate flex\u00edvel para \u00e1gua de inox 40cm Deca \u00e9 a melhor op\u00e7\u00e3o.<\/p>\n","protected":false},"excerpt":{"rendered":"<h4 style=\"margin: 0px;padding: 0px 0px 16px;font-family: Lato, sans-serif;font-weight: bold;line-height: 3rem;color: var(--dark-grey3);font-size: 22px;font-style: normal;letter-spacing: normal;text-align: start;text-indent: 0px;text-transform: none\">Informa\u00e7\u00f5es t\u00e9cnicas<\/h4>\n<p><span style=\"margin: 0px;padding: 0px;font-weight: 450;font-size: 14px;line-height: 21px;color: var(--dark-grey2);font-family: Lato, sans-serif;font-style: normal;letter-spacing: normal;text-align: start;text-indent: 0px;text-transform: none\">Produto: ENGATE FLEX\u00cdVEL \u00c1GUA MXF 40CM<br \/>\nMarca: DECA<br \/>\nCor: INOX<\/p>\n<p>ESPECIFICA\u00c7\u00d5ES:<br \/>\n&#8211; Linha: Flex\u00edvel Deca;<br \/>\n&#8211; Dimens\u00f5es(AxLxC): 55mm X 55mm X 400mm;<br \/>\n&#8211; Acabamento: Cromado (4606.C.040);<br \/>\n&#8211; Material: Liga de Cobre (bronze e lat\u00e3o),Pl\u00e1sticos de engenharia, Elast\u00f4meros;<br \/>\n&#8211; Peso l\u00edquido: 0.126;<br \/>\n&#8211; Peso bruto: 0.157;<br \/>\n N\u00famero Norma \/ Decreto: NBR14878;<br \/>\n&#8211; Press\u00e3o m\u00edn\/max: 2 &#8211; 40 MCA;<br \/>\n&#8211; Bitola de entrada de \u00e1gua: 1\/2&#8243;.<\/span><\/p>\n","protected":false},"featured_media":25109,"template":"","meta":{"_joinchat":[]},"product_brand":[],"product_cat":[69],"product_tag":[],"class_list":{"0":"post-17244","1":"product","2":"type-product","3":"status-publish","4":"has-post-thumbnail","6":"product_cat-acessorios-para-banheiro","8":"first","9":"outofstock","10":"shipping-taxable","11":"product-type-simple"},"_links":{"self":[{"href":"https:\/\/www.multicasa.com.br\/inicio\/wp-json\/wp\/v2\/product\/17244","targetHints":{"allow":["GET"]}}],"collection":[{"href":"https:\/\/www.multicasa.com.br\/inicio\/wp-json\/wp\/v2\/product"}],"about":[{"href":"https:\/\/www.multicasa.com.br\/inicio\/wp-json\/wp\/v2\/types\/product"}],"wp:featuredmedia":[{"embeddable":true,"href":"https:\/\/www.multicasa.com.br\/inicio\/wp-json\/wp\/v2\/media\/25109"}],"wp:attachment":[{"href":"https:\/\/www.multicasa.com.br\/inicio\/wp-json\/wp\/v2\/media?parent=17244"}],"wp:term":[{"taxonomy":"product_brand","embeddable":true,"href":"https:\/\/www.multicasa.com.br\/inicio\/wp-json\/wp\/v2\/product_brand?post=17244"},{"taxonomy":"product_cat","embeddable":true,"href":"https:\/\/www.multicasa.com.br\/inicio\/wp-json\/wp\/v2\/product_cat?post=17244"},{"taxonomy":"product_tag","embeddable":true,"href":"https:\/\/www.multicasa.com.br\/inicio\/wp-json\/wp\/v2\/product_tag?post=17244"}],"curies":[{"name":"wp","href":"https:\/\/api.w.org\/{rel}","templated":true}]}}