{"id":17245,"date":"2025-06-20T19:17:31","date_gmt":"2025-06-20T23:17:31","guid":{"rendered":"https:\/\/www.multicasa.com.br\/inicio\/?post_type=product&#038;p=17245"},"modified":"2025-06-23T10:42:47","modified_gmt":"2025-06-23T14:42:47","slug":"tubo-cobre-classe-a-15mm-5m-tm","status":"publish","type":"product","link":"https:\/\/www.multicasa.com.br\/inicio\/produto\/tubo-cobre-classe-a-15mm-5m-tm\/","title":{"rendered":"Tubo Cobre Classe A 15Mm 5M Tm"},"content":{"rendered":"<p>Muito utilizado em instala\u00e7\u00f5es hidr\u00e1ulicas subterr\u00e2neas ou expostas de \u00e1gua quente e fria, redes de combate a inc\u00eandio e de gases em geral, tubos de descarga de \u00e1gua, reservat\u00f3rios, tanques, acumuladores de \u00e1gua quente, interliga\u00e7\u00f5es de \u00e1gua quente, medidores, botij\u00f5es, entre outros. Tubo de cobre n\u00e3o derrete com a a\u00e7\u00e3o da \u00e1gua quente, n\u00e3o pega fogo nem libera gases t\u00f3xicos em caso de inc\u00eandio e resiste a altas temperaturas, \u00e0 press\u00e3o, ao fogo e \u00e0 a\u00e7\u00e3o do tempo. \u00c9 100% recicl\u00e1vel. <\/p>\n","protected":false},"excerpt":{"rendered":"<h4 style=\"margin: 0px;padding: 0px 0px 16px;font-family: Lato, sans-serif;font-weight: bold;line-height: 3rem;color: var(--dark-grey3);font-size: 22px;font-style: normal;letter-spacing: normal;text-align: start;text-indent: 0px;text-transform: none\">Informa\u00e7\u00f5es t\u00e9cnicas<\/h4>\n<p><span style=\"margin: 0px;padding: 0px;font-weight: 450;font-size: 14px;line-height: 21px;color: var(--dark-grey2);font-family: Lato, sans-serif;font-style: normal;letter-spacing: normal;text-align: start;text-indent: 0px;text-transform: none\">Produto: TUBO COBRE CLASSE A 15MM 5M TM<br \/>\nCor: Cobre<\/p>\n<p>Informa\u00e7\u00f5es t\u00e9cnicas:<\/p>\n<p>Fabrica\u00e7\u00e3o: sem costura;<br \/>\nSegue a Norma ABNT: NBR 13.206;<br \/>\nBitola: 15 mm;<br \/>\nTamanho: 5M.<\/p>\n<p><\/span><\/p>\n","protected":false},"featured_media":26167,"template":"","meta":{"_joinchat":[]},"product_brand":[],"product_cat":[73],"product_tag":[],"class_list":{"0":"post-17245","1":"product","2":"type-product","3":"status-publish","4":"has-post-thumbnail","6":"product_cat-tubos-e-conexoes","8":"first","9":"outofstock","10":"shipping-taxable","11":"product-type-simple"},"_links":{"self":[{"href":"https:\/\/www.multicasa.com.br\/inicio\/wp-json\/wp\/v2\/product\/17245","targetHints":{"allow":["GET"]}}],"collection":[{"href":"https:\/\/www.multicasa.com.br\/inicio\/wp-json\/wp\/v2\/product"}],"about":[{"href":"https:\/\/www.multicasa.com.br\/inicio\/wp-json\/wp\/v2\/types\/product"}],"wp:featuredmedia":[{"embeddable":true,"href":"https:\/\/www.multicasa.com.br\/inicio\/wp-json\/wp\/v2\/media\/26167"}],"wp:attachment":[{"href":"https:\/\/www.multicasa.com.br\/inicio\/wp-json\/wp\/v2\/media?parent=17245"}],"wp:term":[{"taxonomy":"product_brand","embeddable":true,"href":"https:\/\/www.multicasa.com.br\/inicio\/wp-json\/wp\/v2\/product_brand?post=17245"},{"taxonomy":"product_cat","embeddable":true,"href":"https:\/\/www.multicasa.com.br\/inicio\/wp-json\/wp\/v2\/product_cat?post=17245"},{"taxonomy":"product_tag","embeddable":true,"href":"https:\/\/www.multicasa.com.br\/inicio\/wp-json\/wp\/v2\/product_tag?post=17245"}],"curies":[{"name":"wp","href":"https:\/\/api.w.org\/{rel}","templated":true}]}}