{"id":17246,"date":"2025-06-20T19:17:31","date_gmt":"2025-06-20T23:17:31","guid":{"rendered":"https:\/\/www.multicasa.com.br\/inicio\/?post_type=product&#038;p=17246"},"modified":"2025-08-16T16:00:54","modified_gmt":"2025-08-16T20:00:54","slug":"cadeira-alum-dobravel-colorida-mor","status":"publish","type":"product","link":"https:\/\/www.multicasa.com.br\/inicio\/produto\/cadeira-alum-dobravel-colorida-mor\/","title":{"rendered":"Cadeira Alum.Dobravel Colorida Mor"},"content":{"rendered":"<p>Dobr\u00e1vel e f\u00e1cil de carregar, a Cadeira Alta Alum\u00ednio \u00e9 ideal para ser levada para praia, pois o alum\u00ednio garante maior durabilidade, mesmo em regi\u00f5es litor\u00e2neas. Por ser mais leve que outros materiais, tamb\u00e9m \u00e9 \u00f3timo nas pescarias ou camping. Al\u00e9m de tudo \u00e9 confort\u00e1vel, perfeita para te acompanhar no final de tarde com os amigos na varanda ou jardim de casa.Muito resistente, tem estrutura fabricada pela Mor em alum\u00ednio de excelente qualidade e pe\u00e7as pl\u00e1sticas em polipropileno, suportando at\u00e9 110 Kg. Para guard\u00e1-la, basta dobrar e colocar em qualquer cantinho da sua casa. Sua tela \u00e9 produzida em 100 % polietileno. Escolha entre as suas cores preferidas e come\u00e7e sua cole\u00e7\u00e3o!<\/p>\n","protected":false},"excerpt":{"rendered":"<h4 style=\"margin: 0px;padding: 0px 0px 16px;font-family: Lato, sans-serif;font-weight: bold;line-height: 3rem;color: var(--dark-grey3);font-size: 22px;font-style: normal;letter-spacing: normal;text-align: start;text-indent: 0px;text-transform: none\">Informa\u00e7\u00f5es t\u00e9cnicas<\/h4>\n<p><span style=\"margin: 0px;padding: 0px;font-weight: 450;font-size: 14px;line-height: 21px;color: var(--dark-grey2);font-family: Lato, sans-serif;font-style: normal;letter-spacing: normal;text-align: start;text-indent: 0px;text-transform: none\">Produto: CADEIRA ALUM.DOBRAVEL COLORIDA MOR<br \/>\nMarca: MOR<br \/>\nCor: Colorida<\/p>\n<p>Especifica\u00e7\u00f5es<br \/>\n&#8211; MATERIAL: Alum\u00ednio<br \/>\n&#8211; CAPACIDADE: 110 kg<br \/>\n&#8211; OBSERVA\u00c7\u00d5ES: objetos que ambientam as imagens n\u00e3o acompanham o produto!<br \/>\n&#8211; GARANTIA: 90 Dias<br \/>\n&#8211; ALTURA: 72,50 Cent\u00edmetros<br \/>\n&#8211; LARGURA: 54,50 Cent\u00edmetros<br \/>\n&#8211; COMPRIMENTO: 53,00 Cent\u00edmetros<br \/>\n&#8211; PESO: 1,26 Kilogramas<\/span><\/p>\n","protected":false},"featured_media":24839,"template":"","meta":{"_joinchat":[]},"product_brand":[],"product_cat":[136],"product_tag":[],"class_list":{"0":"post-17246","1":"product","2":"type-product","3":"status-publish","4":"has-post-thumbnail","6":"product_cat-lazer","8":"first","9":"outofstock","10":"shipping-taxable","11":"product-type-simple"},"_links":{"self":[{"href":"https:\/\/www.multicasa.com.br\/inicio\/wp-json\/wp\/v2\/product\/17246","targetHints":{"allow":["GET"]}}],"collection":[{"href":"https:\/\/www.multicasa.com.br\/inicio\/wp-json\/wp\/v2\/product"}],"about":[{"href":"https:\/\/www.multicasa.com.br\/inicio\/wp-json\/wp\/v2\/types\/product"}],"wp:featuredmedia":[{"embeddable":true,"href":"https:\/\/www.multicasa.com.br\/inicio\/wp-json\/wp\/v2\/media\/24839"}],"wp:attachment":[{"href":"https:\/\/www.multicasa.com.br\/inicio\/wp-json\/wp\/v2\/media?parent=17246"}],"wp:term":[{"taxonomy":"product_brand","embeddable":true,"href":"https:\/\/www.multicasa.com.br\/inicio\/wp-json\/wp\/v2\/product_brand?post=17246"},{"taxonomy":"product_cat","embeddable":true,"href":"https:\/\/www.multicasa.com.br\/inicio\/wp-json\/wp\/v2\/product_cat?post=17246"},{"taxonomy":"product_tag","embeddable":true,"href":"https:\/\/www.multicasa.com.br\/inicio\/wp-json\/wp\/v2\/product_tag?post=17246"}],"curies":[{"name":"wp","href":"https:\/\/api.w.org\/{rel}","templated":true}]}}