{"id":17248,"date":"2025-06-20T19:17:32","date_gmt":"2025-06-20T23:17:32","guid":{"rendered":"https:\/\/www.multicasa.com.br\/inicio\/?post_type=product&#038;p=17248"},"modified":"2026-04-22T06:11:07","modified_gmt":"2026-04-22T10:11:07","slug":"saboneteira-com-reservatorio-800ml-velox-branca","status":"publish","type":"product","link":"https:\/\/www.multicasa.com.br\/inicio\/produto\/saboneteira-com-reservatorio-800ml-velox-branca\/","title":{"rendered":"Saboneteira com reservat\u00f3rio 800ML Velox branca"},"content":{"rendered":"<p>O dispenser para sabonete clean velox foi desenvolvido pensando na sustentabilidade, 50% do dispenser \u00e9 constitu\u00eddo de material recicl\u00e1vel. Constitu\u00eddo de material de alta resist\u00eancia ao impacto, termopl\u00e1stico, facilitando a reciclagem, n\u00e3o agredindo o meio ambiente. Dispon\u00edvel em vers\u00f5es para sabonete l\u00edquido, \u00e1lcool gel, e sabonete espuma. Sistema de fechamento inteligente. Comporta refil premisse 800 ml. Tecla aperte com limite de curso, o qual garante efici\u00eancia na sa\u00edda do sabonete com controle de quantidade. Visor central transparente para facilitar a visibilidade do sabonete, facilitando o abastecimento.<\/p>\n","protected":false},"excerpt":{"rendered":"<h4 style=\"margin: 0px;padding: 0px 0px 16px;font-family: Lato, sans-serif;font-weight: bold;line-height: 3rem;color: var(--dark-grey3);font-size: 22px;font-style: normal;letter-spacing: normal;text-align: start;text-indent: 0px;text-transform: none\">Informa\u00e7\u00f5es t\u00e9cnicas<\/h4>\n<p><span style=\"margin: 0px;padding: 0px;font-weight: 450;font-size: 14px;line-height: 21px;color: var(--dark-grey2);font-family: Lato, sans-serif;font-style: normal;letter-spacing: normal;text-align: start;text-indent: 0px;text-transform: none\">Marca: Velox Premium<br \/>\nCor: Branco<br \/>\nCapacidade: 800ML<br \/>\nAltura unidade: 255 mm<br \/>\nLargura unidade: 105 mm<br \/>\nProfundidade unidade: 110 mm<br \/>\nPeso unidade: 0,29 Kg \u00e0 0,42 Kg (dependendo do acess\u00f3rio)<\/span><\/p>\n","protected":false},"featured_media":25945,"template":"","meta":{"_joinchat":[]},"product_brand":[],"product_cat":[69],"product_tag":[],"class_list":{"0":"post-17248","1":"product","2":"type-product","3":"status-publish","4":"has-post-thumbnail","6":"product_cat-acessorios-para-banheiro","8":"first","9":"instock","10":"shipping-taxable","11":"purchasable","12":"product-type-simple"},"_links":{"self":[{"href":"https:\/\/www.multicasa.com.br\/inicio\/wp-json\/wp\/v2\/product\/17248","targetHints":{"allow":["GET"]}}],"collection":[{"href":"https:\/\/www.multicasa.com.br\/inicio\/wp-json\/wp\/v2\/product"}],"about":[{"href":"https:\/\/www.multicasa.com.br\/inicio\/wp-json\/wp\/v2\/types\/product"}],"wp:featuredmedia":[{"embeddable":true,"href":"https:\/\/www.multicasa.com.br\/inicio\/wp-json\/wp\/v2\/media\/25945"}],"wp:attachment":[{"href":"https:\/\/www.multicasa.com.br\/inicio\/wp-json\/wp\/v2\/media?parent=17248"}],"wp:term":[{"taxonomy":"product_brand","embeddable":true,"href":"https:\/\/www.multicasa.com.br\/inicio\/wp-json\/wp\/v2\/product_brand?post=17248"},{"taxonomy":"product_cat","embeddable":true,"href":"https:\/\/www.multicasa.com.br\/inicio\/wp-json\/wp\/v2\/product_cat?post=17248"},{"taxonomy":"product_tag","embeddable":true,"href":"https:\/\/www.multicasa.com.br\/inicio\/wp-json\/wp\/v2\/product_tag?post=17248"}],"curies":[{"name":"wp","href":"https:\/\/api.w.org\/{rel}","templated":true}]}}