{"id":17250,"date":"2025-06-20T19:17:32","date_gmt":"2025-06-20T23:17:32","guid":{"rendered":"https:\/\/www.multicasa.com.br\/inicio\/?post_type=product&#038;p=17250"},"modified":"2025-08-17T19:10:13","modified_gmt":"2025-08-17T23:10:13","slug":"sifao-tubo-exten-flex-633cm-cr-ast","status":"publish","type":"product","link":"https:\/\/www.multicasa.com.br\/inicio\/produto\/sifao-tubo-exten-flex-633cm-cr-ast\/","title":{"rendered":"Sif\u00e3o Tubo Exten.Flex.63,3Cm Cr Ast"},"content":{"rendered":"<p>Sif\u00f5es Tubos Extensivos Astra s\u00e3o a melhor op\u00e7\u00e3o para quem busca um produto vers\u00e1til e pr\u00e1tico para escoamento de \u00e1guas servidas dos ambientes. Fabricados em pl\u00e1sticos de engenharia, ultrarresistentes que suportam extremas temperaturas da \u00e1gua, com acabamento cromado.<br \/>\nSeu uso correto assegura um ambiente livre dos maus odores do esgoto. <\/p>\n","protected":false},"excerpt":{"rendered":"<h4 style=\"margin: 0px;padding: 0px 0px 16px;font-family: Lato, sans-serif;font-weight: bold;line-height: 3rem;color: var(--dark-grey3);font-size: 22px;font-style: normal;letter-spacing: normal;text-align: start;text-indent: 0px;text-transform: none\">Informa\u00e7\u00f5es t\u00e9cnicas<\/h4>\n<p><span style=\"margin: 0px;padding: 0px;font-weight: 450;font-size: 14px;line-height: 21px;color: var(--dark-grey2);font-family: Lato, sans-serif;font-style: normal;letter-spacing: normal;text-align: start;text-indent: 0px;text-transform: none\">Produto: SIF\u00c3O TUBO EXTEN.FLEX.63,3CM CR AST<br \/>\nMarca: Astra<br \/>\nCor: Cromado<\/p>\n<p>Caracter\u00edsticas T\u00e9cnicas:<br \/>\n&#8211; Resistente ate 90\u00baC;<br \/>\n&#8211; Sistema Universal;<br \/>\n&#8211; F\u00e1cil Instala\u00e7\u00e3o;<br \/>\n&#8211; Resistente a baixas e altas press\u00f5es.<\/span><\/p>\n","protected":false},"featured_media":25973,"template":"","meta":{"_joinchat":[]},"product_brand":[],"product_cat":[74],"product_tag":[],"class_list":{"0":"post-17250","1":"product","2":"type-product","3":"status-publish","4":"has-post-thumbnail","6":"product_cat-reparos-hidraulicos","8":"first","9":"outofstock","10":"shipping-taxable","11":"purchasable","12":"product-type-simple"},"_links":{"self":[{"href":"https:\/\/www.multicasa.com.br\/inicio\/wp-json\/wp\/v2\/product\/17250","targetHints":{"allow":["GET"]}}],"collection":[{"href":"https:\/\/www.multicasa.com.br\/inicio\/wp-json\/wp\/v2\/product"}],"about":[{"href":"https:\/\/www.multicasa.com.br\/inicio\/wp-json\/wp\/v2\/types\/product"}],"wp:featuredmedia":[{"embeddable":true,"href":"https:\/\/www.multicasa.com.br\/inicio\/wp-json\/wp\/v2\/media\/25973"}],"wp:attachment":[{"href":"https:\/\/www.multicasa.com.br\/inicio\/wp-json\/wp\/v2\/media?parent=17250"}],"wp:term":[{"taxonomy":"product_brand","embeddable":true,"href":"https:\/\/www.multicasa.com.br\/inicio\/wp-json\/wp\/v2\/product_brand?post=17250"},{"taxonomy":"product_cat","embeddable":true,"href":"https:\/\/www.multicasa.com.br\/inicio\/wp-json\/wp\/v2\/product_cat?post=17250"},{"taxonomy":"product_tag","embeddable":true,"href":"https:\/\/www.multicasa.com.br\/inicio\/wp-json\/wp\/v2\/product_tag?post=17250"}],"curies":[{"name":"wp","href":"https:\/\/api.w.org\/{rel}","templated":true}]}}