{"id":17252,"date":"2025-06-20T19:17:32","date_gmt":"2025-06-20T23:17:32","guid":{"rendered":"https:\/\/www.multicasa.com.br\/inicio\/?post_type=product&#038;p=17252"},"modified":"2025-08-18T03:14:12","modified_gmt":"2025-08-18T07:14:12","slug":"tomada-pialplus-horizontal-3-pinos-20a-4x2-branco-pial","status":"publish","type":"product","link":"https:\/\/www.multicasa.com.br\/inicio\/produto\/tomada-pialplus-horizontal-3-pinos-20a-4x2-branco-pial\/","title":{"rendered":"Tomada Pialplus Horizontal 3 Pinos 20A 4X2 Branco Pial"},"content":{"rendered":"<p> A PialPlus \u00e9 refer\u00eancia absoluta no mercado porque tem solu\u00e7\u00f5es adequadas a todos os tipos de projetos e ambientes. Seus produtos atendem \u00e0s necessidades de disponibiliza\u00e7\u00e3o de energia, controle de ilumina\u00e7\u00e3o e comunica\u00e7\u00e3o, gerando conforto e seguran\u00e7a com muita beleza e tecnologia. Com grande variedade de fun\u00e7\u00f5es, proporciona conforto e beleza para ambientes residenciais e comerciais.<\/p>\n","protected":false},"excerpt":{"rendered":"<h4 style=\"margin: 0px;padding: 0px 0px 16px;font-family: Lato, sans-serif;font-weight: bold;line-height: 3rem;color: var(--dark-grey3);font-size: 22px;font-style: normal;letter-spacing: normal;text-align: start;text-indent: 0px;text-transform: none\">Informa\u00e7\u00f5es t\u00e9cnicas<\/h4>\n<p><span style=\"margin: 0px;padding: 0px;font-weight: 450;font-size: 14px;line-height: 21px;color: var(--dark-grey2);font-family: Lato, sans-serif;font-style: normal;letter-spacing: normal;text-align: start;text-indent: 0px;text-transform: none\">Produto: TOMADA PIALPLUS HORIZONTAL 3P 20A 4X2<br \/>\nMarca: PIAL<br \/>\nCor: BRANCO<\/p>\n<p>Caracter\u00edsticas T\u00e9cnicas:<br \/>\n&#8211; Pot\u00eancia: 20A;<br \/>\n&#8211; Embalagem: Plastificado;<br \/>\n&#8211; Composi\u00e7\u00e3o: Termopl\u00e1stico e liga de cobre;<br \/>\n&#8211; Formas de Utiliza\u00e7\u00e3o: Pode ser utilizado em todos os ambientes residenciais e comerciais;<br \/>\n&#8211; Benef\u00edcios ao Consumidor: Possui estrutura desenvolvida para diminuir os risco de curto circuito e contato acidental;<br \/>\n&#8211; Cuidados com o Produto: N\u00e3o utilizar palha de a\u00e7o ou produtos abrasivos para limpeza.<\/span><\/p>\n","protected":false},"featured_media":26108,"template":"","meta":{"_joinchat":[]},"product_brand":[],"product_cat":[144],"product_tag":[],"class_list":{"0":"post-17252","1":"product","2":"type-product","3":"status-publish","4":"has-post-thumbnail","6":"product_cat-tomadas-e-cia","8":"first","9":"outofstock","10":"shipping-taxable","11":"purchasable","12":"product-type-simple"},"_links":{"self":[{"href":"https:\/\/www.multicasa.com.br\/inicio\/wp-json\/wp\/v2\/product\/17252","targetHints":{"allow":["GET"]}}],"collection":[{"href":"https:\/\/www.multicasa.com.br\/inicio\/wp-json\/wp\/v2\/product"}],"about":[{"href":"https:\/\/www.multicasa.com.br\/inicio\/wp-json\/wp\/v2\/types\/product"}],"wp:featuredmedia":[{"embeddable":true,"href":"https:\/\/www.multicasa.com.br\/inicio\/wp-json\/wp\/v2\/media\/26108"}],"wp:attachment":[{"href":"https:\/\/www.multicasa.com.br\/inicio\/wp-json\/wp\/v2\/media?parent=17252"}],"wp:term":[{"taxonomy":"product_brand","embeddable":true,"href":"https:\/\/www.multicasa.com.br\/inicio\/wp-json\/wp\/v2\/product_brand?post=17252"},{"taxonomy":"product_cat","embeddable":true,"href":"https:\/\/www.multicasa.com.br\/inicio\/wp-json\/wp\/v2\/product_cat?post=17252"},{"taxonomy":"product_tag","embeddable":true,"href":"https:\/\/www.multicasa.com.br\/inicio\/wp-json\/wp\/v2\/product_tag?post=17252"}],"curies":[{"name":"wp","href":"https:\/\/api.w.org\/{rel}","templated":true}]}}