{"id":17253,"date":"2025-06-20T19:17:38","date_gmt":"2025-06-20T23:17:38","guid":{"rendered":"https:\/\/www.multicasa.com.br\/inicio\/?post_type=product&#038;p=17253"},"modified":"2025-06-23T10:40:44","modified_gmt":"2025-06-23T14:40:44","slug":"tomada-pialplus-4x2-2to-10a-branco-pial","status":"publish","type":"product","link":"https:\/\/www.multicasa.com.br\/inicio\/produto\/tomada-pialplus-4x2-2to-10a-branco-pial\/","title":{"rendered":"Tomada Pialplus 4X2 2To 10A Branco Pial"},"content":{"rendered":"<p>As tomadas de energia 10 A tem plugues com pinos menores (4mm de di\u00e2metro). A capacidade de corrente total dos equipamentos conectados n\u00e3o deve exceder a 10 amperes. Pot\u00eancia m\u00e1xima em 127V \u00e9 de 1270W e para 220V, 2200W.<\/p>\n","protected":false},"excerpt":{"rendered":"<h4 style=\"margin: 0px;padding: 0px 0px 16px;font-family: Lato, sans-serif;font-weight: bold;line-height: 3rem;color: var(--dark-grey3);font-size: 22px;font-style: normal;letter-spacing: normal;text-align: start;text-indent: 0px;text-transform: none\">Informa\u00e7\u00f5es t\u00e9cnicas<\/h4>\n<p><span style=\"margin: 0px;padding: 0px;font-weight: 450;font-size: 14px;line-height: 21px;color: var(--dark-grey2);font-family: Lato, sans-serif;font-style: normal;letter-spacing: normal;text-align: start;text-indent: 0px;text-transform: none\">Produto: TOMADA PIALPLUS 4X2 2TO 10A<br \/>\nMarca: PIAL<br \/>\nCor: branco<\/p>\n<p>Caracter\u00edsticas T\u00e9cnicas:<br \/>\n&#8211; Tipo de Mecanismo: Tomada de Energia<br \/>\n&#8211; Formato da Venda: Conjunto Montado<br \/>\n&#8211; Marca: Pial Legrand<br \/>\n&#8211; Linha: Pial Plus<br \/>\n&#8211; Possui Interruptor: sem Interruptor<br \/>\n&#8211; Possui Tomada: com Tomada<br \/>\n&#8211; Tipo de Tomada: Energia<br \/>\n&#8211; Corrente El\u00e9trica (Amp\u00e8re): 10 A<br \/>\n&#8211; Corrente de Carga: 2+Terra<br \/>\n&#8211; Tens\u00e3o El\u00e9trica: 220V<br \/>\n&#8211; Cor: Branco<br \/>\n&#8211; Tonalidade: Branco<br \/>\n&#8211; Acompanha Placa: Sim<br \/>\n&#8211; Tipo da Placa: 4&#215;2<br \/>\n&#8211; Tipo de Instala\u00e7\u00e3o: Embutir<br \/>\n&#8211; \u00c1reas Indicadas: Externas com Cobertura e Internas<br \/>\n&#8211; Tipo de \u00c1reas Indicadas: Secas<\/span><\/p>\n","protected":false},"featured_media":26107,"template":"","meta":{"_joinchat":[]},"product_brand":[],"product_cat":[144],"product_tag":[],"class_list":{"0":"post-17253","1":"product","2":"type-product","3":"status-publish","4":"has-post-thumbnail","6":"product_cat-tomadas-e-cia","8":"first","9":"outofstock","10":"shipping-taxable","11":"product-type-simple"},"_links":{"self":[{"href":"https:\/\/www.multicasa.com.br\/inicio\/wp-json\/wp\/v2\/product\/17253","targetHints":{"allow":["GET"]}}],"collection":[{"href":"https:\/\/www.multicasa.com.br\/inicio\/wp-json\/wp\/v2\/product"}],"about":[{"href":"https:\/\/www.multicasa.com.br\/inicio\/wp-json\/wp\/v2\/types\/product"}],"wp:featuredmedia":[{"embeddable":true,"href":"https:\/\/www.multicasa.com.br\/inicio\/wp-json\/wp\/v2\/media\/26107"}],"wp:attachment":[{"href":"https:\/\/www.multicasa.com.br\/inicio\/wp-json\/wp\/v2\/media?parent=17253"}],"wp:term":[{"taxonomy":"product_brand","embeddable":true,"href":"https:\/\/www.multicasa.com.br\/inicio\/wp-json\/wp\/v2\/product_brand?post=17253"},{"taxonomy":"product_cat","embeddable":true,"href":"https:\/\/www.multicasa.com.br\/inicio\/wp-json\/wp\/v2\/product_cat?post=17253"},{"taxonomy":"product_tag","embeddable":true,"href":"https:\/\/www.multicasa.com.br\/inicio\/wp-json\/wp\/v2\/product_tag?post=17253"}],"curies":[{"name":"wp","href":"https:\/\/api.w.org\/{rel}","templated":true}]}}