{"id":17256,"date":"2025-06-20T19:17:39","date_gmt":"2025-06-20T23:17:39","guid":{"rendered":"https:\/\/www.multicasa.com.br\/inicio\/?post_type=product&#038;p=17256"},"modified":"2026-04-19T10:50:11","modified_gmt":"2026-04-19T14:50:11","slug":"tomada-thesi-1to-3p-10a-4x2-branco-pial","status":"publish","type":"product","link":"https:\/\/www.multicasa.com.br\/inicio\/produto\/tomada-thesi-1to-3p-10a-4x2-branco-pial\/","title":{"rendered":"Tomada Thesi 1To 3P 10A 4X2 Branco Pial"},"content":{"rendered":"<p>As tomadas de energia 10 A tem plugues com pinos menores (4mm de di\u00e2metro). A capacidade de corrente total dos equipamentos conectados n\u00e3o deve exceder a 10 amperes. Pot\u00eancia m\u00e1xima em 127V \u00e9 de 1270W e para 220V, 2200W.<\/p>\n","protected":false},"excerpt":{"rendered":"<h4 style=\"margin: 0px;padding: 0px 0px 16px;font-family: Lato, sans-serif;font-weight: bold;line-height: 3rem;color: var(--dark-grey3);font-size: 22px;font-style: normal;letter-spacing: normal;text-align: start;text-indent: 0px;text-transform: none\">Informa\u00e7\u00f5es t\u00e9cnicas<\/h4>\n<p><span style=\"margin: 0px;padding: 0px;font-weight: 450;font-size: 14px;line-height: 21px;color: var(--dark-grey2);font-family: Lato, sans-serif;font-style: normal;letter-spacing: normal;text-align: start;text-indent: 0px;text-transform: none\">Produto: TOMADA THESI 1TO 3P 10A 4X2<br \/>\nMarca: PIAL<br \/>\nCor: branco<\/p>\n<p>&#8211; Tipo de Mecanismo: Tomada de Energia;<br \/>\n&#8211; Marca: Pial Legrand;<br \/>\n&#8211; Linha: Thesi;<br \/>\n&#8211; Possui Interruptor: sem Interruptor;<br \/>\n&#8211; Possui Tomada: com Tomada;<br \/>\n&#8211; Tipo de Tomada: Energia;<br \/>\n&#8211; Quantidade de Tomadas: 1 tomada(s);<br \/>\n&#8211; Quantidade de P\u00f3los: 3 p\u00f3lo(s);<br \/>\n&#8211; Tipos de P\u00f3los: 2+Terra;<br \/>\n&#8211; Corrente El\u00e9trica (Amp\u00e8re): 10 A;<br \/>\n&#8211; Tens\u00e3o El\u00e9trica: 127V;<br \/>\n&#8211; Cor: Branco;<br \/>\n&#8211; Material: pl\u00e1stico;<br \/>\n&#8211; Tipo de Material: Pl\u00e1stico Anti Chama;<br \/>\n&#8211; Acompanha Placa: Sim;<br \/>\n&#8211; \u00c1reas Indicadas: Externas com Cobertura e Internas;<br \/>\n&#8211; Tipo de \u00c1reas Indicadas: Secas.<\/span><\/p>\n","protected":false},"featured_media":26111,"template":"","meta":{"_joinchat":[]},"product_brand":[],"product_cat":[144],"product_tag":[],"class_list":{"0":"post-17256","1":"product","2":"type-product","3":"status-publish","4":"has-post-thumbnail","6":"product_cat-tomadas-e-cia","8":"first","9":"instock","10":"shipping-taxable","11":"purchasable","12":"product-type-simple"},"_links":{"self":[{"href":"https:\/\/www.multicasa.com.br\/inicio\/wp-json\/wp\/v2\/product\/17256","targetHints":{"allow":["GET"]}}],"collection":[{"href":"https:\/\/www.multicasa.com.br\/inicio\/wp-json\/wp\/v2\/product"}],"about":[{"href":"https:\/\/www.multicasa.com.br\/inicio\/wp-json\/wp\/v2\/types\/product"}],"wp:featuredmedia":[{"embeddable":true,"href":"https:\/\/www.multicasa.com.br\/inicio\/wp-json\/wp\/v2\/media\/26111"}],"wp:attachment":[{"href":"https:\/\/www.multicasa.com.br\/inicio\/wp-json\/wp\/v2\/media?parent=17256"}],"wp:term":[{"taxonomy":"product_brand","embeddable":true,"href":"https:\/\/www.multicasa.com.br\/inicio\/wp-json\/wp\/v2\/product_brand?post=17256"},{"taxonomy":"product_cat","embeddable":true,"href":"https:\/\/www.multicasa.com.br\/inicio\/wp-json\/wp\/v2\/product_cat?post=17256"},{"taxonomy":"product_tag","embeddable":true,"href":"https:\/\/www.multicasa.com.br\/inicio\/wp-json\/wp\/v2\/product_tag?post=17256"}],"curies":[{"name":"wp","href":"https:\/\/api.w.org\/{rel}","templated":true}]}}