{"id":17259,"date":"2025-06-20T19:17:39","date_gmt":"2025-06-20T23:17:39","guid":{"rendered":"https:\/\/www.multicasa.com.br\/inicio\/?post_type=product&#038;p=17259"},"modified":"2026-04-25T13:50:27","modified_gmt":"2026-04-25T17:50:27","slug":"tomada-silentoq-s-p-1to3p-20a-pial","status":"publish","type":"product","link":"https:\/\/www.multicasa.com.br\/inicio\/produto\/tomada-silentoq-s-p-1to3p-20a-pial\/","title":{"rendered":"Tomada Silentoq.S\/P 1To3P 20A Pial"},"content":{"rendered":"<p>O PIAL-SILENT S\/ PLAC 1 TOMADA 20A CONDULETE 054353 faz parte da linha Silentoque da Pial Legrand. Pioneira no pa\u00eds, a linha Silentoque \u00e9 a mais conhecida e utilizada no Brasil. Seu desenho simples, a praticidade de instala\u00e7\u00e3o e a qualidade dos materiais utilizados em sua fabrica\u00e7\u00e3o fazem o sucesso da linha permanecer at\u00e9 hoje. Imagens meramente Ilustrativas.<\/p>\n","protected":false},"excerpt":{"rendered":"<h4 style=\"margin: 0px;padding: 0px 0px 16px;font-family: Lato, sans-serif;font-weight: bold;line-height: 3rem;color: var(--dark-grey3);font-size: 22px;font-style: normal;letter-spacing: normal;text-align: start;text-indent: 0px;text-transform: none\">Informa\u00e7\u00f5es t\u00e9cnicas<\/h4>\n<p><span style=\"margin: 0px;padding: 0px;font-weight: 450;font-size: 14px;line-height: 21px;color: var(--dark-grey2);font-family: Lato, sans-serif;font-style: normal;letter-spacing: normal;text-align: start;text-indent: 0px;text-transform: none\">Produto: TOMADA SILENTOQ.S\/P 1TO3P 20A PIAL<br \/>\nMarca: PIAL<br \/>\nCor: branco<\/p>\n<p>&#8211; 2 Polos +terra<br \/>\n&#8211; Tomada em conformidade com a norma ABNT NBR 14136<br \/>\n&#8211; 20A &#8211; 250V pinos cil\u00edndricos \u00d8 4,8 mm<br \/>\n&#8211; Sem placa <\/span><\/p>\n","protected":false},"featured_media":26109,"template":"","meta":{"_joinchat":[]},"product_brand":[],"product_cat":[144],"product_tag":[],"class_list":{"0":"post-17259","1":"product","2":"type-product","3":"status-publish","4":"has-post-thumbnail","6":"product_cat-tomadas-e-cia","8":"first","9":"instock","10":"shipping-taxable","11":"purchasable","12":"product-type-simple"},"_links":{"self":[{"href":"https:\/\/www.multicasa.com.br\/inicio\/wp-json\/wp\/v2\/product\/17259","targetHints":{"allow":["GET"]}}],"collection":[{"href":"https:\/\/www.multicasa.com.br\/inicio\/wp-json\/wp\/v2\/product"}],"about":[{"href":"https:\/\/www.multicasa.com.br\/inicio\/wp-json\/wp\/v2\/types\/product"}],"wp:featuredmedia":[{"embeddable":true,"href":"https:\/\/www.multicasa.com.br\/inicio\/wp-json\/wp\/v2\/media\/26109"}],"wp:attachment":[{"href":"https:\/\/www.multicasa.com.br\/inicio\/wp-json\/wp\/v2\/media?parent=17259"}],"wp:term":[{"taxonomy":"product_brand","embeddable":true,"href":"https:\/\/www.multicasa.com.br\/inicio\/wp-json\/wp\/v2\/product_brand?post=17259"},{"taxonomy":"product_cat","embeddable":true,"href":"https:\/\/www.multicasa.com.br\/inicio\/wp-json\/wp\/v2\/product_cat?post=17259"},{"taxonomy":"product_tag","embeddable":true,"href":"https:\/\/www.multicasa.com.br\/inicio\/wp-json\/wp\/v2\/product_tag?post=17259"}],"curies":[{"name":"wp","href":"https:\/\/api.w.org\/{rel}","templated":true}]}}