{"id":17263,"date":"2025-06-20T19:17:40","date_gmt":"2025-06-20T23:17:40","guid":{"rendered":"https:\/\/www.multicasa.com.br\/inicio\/?post_type=product&#038;p=17263"},"modified":"2026-04-23T08:30:24","modified_gmt":"2026-04-23T12:30:24","slug":"fechadura-int-c-90-c-botao-hdl","status":"publish","type":"product","link":"https:\/\/www.multicasa.com.br\/inicio\/produto\/fechadura-int-c-90-c-botao-hdl\/","title":{"rendered":"Fechadura Int.C-90 C\/Botao Hdl"},"content":{"rendered":"<p>Fechadura el\u00e9trica de sobrepor para portas e port\u00f5es de metal ou madeira. Especificamente indicadas para port\u00f5es fechados (n\u00e3o vazados) em ambientes com grande circula\u00e7\u00e3o , possuindo bot\u00e3o para abertura pelo lado interno, sendo compat\u00edveis com todos os Porteiros Eletr\u00f4nicos e Video Porteiros HDL.<\/p>\n","protected":false},"excerpt":{"rendered":"<h4 style=\"margin: 0px;padding: 0px 0px 16px;font-family: Lato, sans-serif;font-weight: bold;line-height: 3rem;color: var(--dark-grey3);font-size: 22px;font-style: normal;letter-spacing: normal;text-align: start;text-indent: 0px;text-transform: none\">Informa\u00e7\u00f5es t\u00e9cnicas<\/h4>\n<p><span style=\"margin: 0px;padding: 0px;font-weight: 450;font-size: 14px;line-height: 21px;color: var(--dark-grey2);font-family: Lato, sans-serif;font-style: normal;letter-spacing: normal;text-align: start;text-indent: 0px;text-transform: none\">Produto: FECHADURA INT.C-90 C\/BOTAO HDL<br \/>\nMarca: HDL<\/p>\n<p>Especifica\u00e7\u00f5es:<br \/>\n&#8211; Modelo Fechadura C-90 Dupla Cinza c\/ Bot\u00e3o;<br \/>\n&#8211; Cor Cinza;<br \/>\n&#8211; Aplica\u00e7\u00e3o Portas com abertura para dentro, de metal ou madeira, n\u00e3o vazadas<br \/>\nInstala\u00e7\u00e3o Sobreposta na porta com parafusos (acompanha gabarito com medidas);<br \/>\n&#8211;  Acionamento Manual;<br \/>\n&#8211; 3 Chaves para abertura atrav\u00e9s do cilindro externo bot\u00e3o para abertura pelo lado interno;<br \/>\n&#8211; Cilindro ajust\u00e1vel De 30 E 70mm De Comprimento;<br \/>\n&#8211; Material A\u00e7o pl\u00e1stico ABS e lat\u00e3o;<br \/>\n&#8211; Itens inclusos Manual, certificado de garantia, 3 chaves, Gabarito, bocal e suporte com rolete;<br \/>\n&#8211; Ajustes Na press\u00e3o da mola;<br \/>\n&#8211; Frequ\u00eancia 50\/60 Hz;<br \/>\n&#8211; Alimenta\u00e7\u00e3o 12V (TRA-400 ou sistema HDL compat\u00edvel);<br \/>\n&#8211; Consumo 15W;<br \/>\n&#8211; Peso l,60 Kg;<br \/>\n1 ANO DE GARANTIA ATRAV\u00c9S DA F\u00c1BRICA<br \/>\n<\/span><\/p>\n","protected":false},"featured_media":25178,"template":"","meta":{"_joinchat":[]},"product_brand":[],"product_cat":[141],"product_tag":[],"class_list":{"0":"post-17263","1":"product","2":"type-product","3":"status-publish","4":"has-post-thumbnail","6":"product_cat-marcenaria","8":"first","9":"outofstock","10":"shipping-taxable","11":"purchasable","12":"product-type-simple"},"_links":{"self":[{"href":"https:\/\/www.multicasa.com.br\/inicio\/wp-json\/wp\/v2\/product\/17263","targetHints":{"allow":["GET"]}}],"collection":[{"href":"https:\/\/www.multicasa.com.br\/inicio\/wp-json\/wp\/v2\/product"}],"about":[{"href":"https:\/\/www.multicasa.com.br\/inicio\/wp-json\/wp\/v2\/types\/product"}],"wp:featuredmedia":[{"embeddable":true,"href":"https:\/\/www.multicasa.com.br\/inicio\/wp-json\/wp\/v2\/media\/25178"}],"wp:attachment":[{"href":"https:\/\/www.multicasa.com.br\/inicio\/wp-json\/wp\/v2\/media?parent=17263"}],"wp:term":[{"taxonomy":"product_brand","embeddable":true,"href":"https:\/\/www.multicasa.com.br\/inicio\/wp-json\/wp\/v2\/product_brand?post=17263"},{"taxonomy":"product_cat","embeddable":true,"href":"https:\/\/www.multicasa.com.br\/inicio\/wp-json\/wp\/v2\/product_cat?post=17263"},{"taxonomy":"product_tag","embeddable":true,"href":"https:\/\/www.multicasa.com.br\/inicio\/wp-json\/wp\/v2\/product_tag?post=17263"}],"curies":[{"name":"wp","href":"https:\/\/api.w.org\/{rel}","templated":true}]}}