{"id":17266,"date":"2025-06-20T19:17:40","date_gmt":"2025-06-20T23:17:40","guid":{"rendered":"https:\/\/www.multicasa.com.br\/inicio\/?post_type=product&#038;p=17266"},"modified":"2025-12-22T09:20:13","modified_gmt":"2025-12-22T13:20:13","slug":"ventilador-3-pas-new-light-127v-branco-venti-delta","status":"publish","type":"product","link":"https:\/\/www.multicasa.com.br\/inicio\/produto\/ventilador-3-pas-new-light-127v-branco-venti-delta\/","title":{"rendered":"Ventilador 3 P\u00e1s New Light 127V Branco Venti-Delta"},"content":{"rendered":"<p> A mais incr\u00edvel linha de ventiladores de teto com ilumina\u00e7\u00e3o de LED. Ilumina\u00e7\u00e3o perfeita com Design moderno e maior economia. Eleg\u00e2ncia e sofistica\u00e7\u00e3o para todos os ambientes. Com ilumina\u00e7\u00e3o LED j\u00e1 inclusa em todos os modelos.<\/p>\n","protected":false},"excerpt":{"rendered":"<h4 style=\"margin: 0px;padding: 0px 0px 16px;font-family: Lato, sans-serif;font-weight: bold;line-height: 3rem;color: var(--dark-grey3);font-size: 22px;font-style: normal;letter-spacing: normal;text-align: start;text-indent: 0px;text-transform: none\">Informa\u00e7\u00f5es t\u00e9cnicas<\/h4>\n<p><span style=\"margin: 0px;padding: 0px;font-weight: 450;font-size: 14px;line-height: 21px;color: var(--dark-grey2);font-family: Lato, sans-serif;font-style: normal;letter-spacing: normal;text-align: start;text-indent: 0px;text-transform: none\">Produto: VENTILADOR 3 P\u00c1S NEW LIGHT 127V<br \/>\nMarca: VENTI-DELTA<\/p>\n<p>Caracteristicas:<br \/>\n&#8211; Pot\u00eancia: 130W<br \/>\n&#8211; Rota\u00e7\u00e3o M\u00e1xima: 180 a 460 rpm;<br \/>\n&#8211; P\u00e1s: 3 p\u00e1s laqueadas<br \/>\n&#8211; Ilumina\u00e7\u00e3o: Lumin\u00e1ria Led com 12W ? j\u00e1 incluso cor 6.000k branca;<br \/>\n&#8211; \u00c1rea de Ventila\u00e7\u00e3o: 20m\u00b2;<br \/>\n&#8211; Voltagem: 127v ou 220v;<br \/>\n&#8211; Controle de Velocidade: c3v (exaust\u00e3o e ventila\u00e7\u00e3o com controle de velocidade m\u00ednimo, m\u00e9dio e m\u00e1ximo);<br \/>\n&#8211; Garantia: 12 Meses;<br \/>\n&#8211; Cores: Branco gelo<br \/>\n&#8211; Dimens\u00f5es da Embalagem: (C x L x A): 40,5 x 24 x 16 cm;<br \/>\n&#8211; Peso Bruto: 3,095 Kg;<br \/>\n&#8211; Peso Liquido: 2,727 Kg;<br \/>\n&#8211; Dimens\u00e3o do produto montado: (Altura \/ Di\u00e2metro) 54 x 93 cm.<\/span><\/p>\n","protected":false},"featured_media":17283,"template":"","meta":{"_joinchat":[]},"product_brand":[],"product_cat":[160],"product_tag":[],"class_list":{"0":"post-17266","1":"product","2":"type-product","3":"status-publish","4":"has-post-thumbnail","6":"product_cat-ventiladores-decorativos","8":"first","9":"outofstock","10":"shipping-taxable","11":"purchasable","12":"product-type-simple"},"_links":{"self":[{"href":"https:\/\/www.multicasa.com.br\/inicio\/wp-json\/wp\/v2\/product\/17266","targetHints":{"allow":["GET"]}}],"collection":[{"href":"https:\/\/www.multicasa.com.br\/inicio\/wp-json\/wp\/v2\/product"}],"about":[{"href":"https:\/\/www.multicasa.com.br\/inicio\/wp-json\/wp\/v2\/types\/product"}],"wp:featuredmedia":[{"embeddable":true,"href":"https:\/\/www.multicasa.com.br\/inicio\/wp-json\/wp\/v2\/media\/17283"}],"wp:attachment":[{"href":"https:\/\/www.multicasa.com.br\/inicio\/wp-json\/wp\/v2\/media?parent=17266"}],"wp:term":[{"taxonomy":"product_brand","embeddable":true,"href":"https:\/\/www.multicasa.com.br\/inicio\/wp-json\/wp\/v2\/product_brand?post=17266"},{"taxonomy":"product_cat","embeddable":true,"href":"https:\/\/www.multicasa.com.br\/inicio\/wp-json\/wp\/v2\/product_cat?post=17266"},{"taxonomy":"product_tag","embeddable":true,"href":"https:\/\/www.multicasa.com.br\/inicio\/wp-json\/wp\/v2\/product_tag?post=17266"}],"curies":[{"name":"wp","href":"https:\/\/api.w.org\/{rel}","templated":true}]}}