{"id":17268,"date":"2025-06-20T19:17:40","date_gmt":"2025-06-20T23:17:40","guid":{"rendered":"https:\/\/www.multicasa.com.br\/inicio\/?post_type=product&#038;p=17268"},"modified":"2025-07-01T13:59:34","modified_gmt":"2025-07-01T17:59:34","slug":"tinta-acrilica-18l-branco-gelo-maxvinil","status":"publish","type":"product","link":"https:\/\/www.multicasa.com.br\/inicio\/produto\/tinta-acrilica-18l-branco-gelo-maxvinil\/","title":{"rendered":"Tinta Acr\u00edlica 18L Branco Gelo Maxvinil"},"content":{"rendered":"<p>Tinta acr\u00edlica standard, indicada aos que querem renovar as cores dos ambientes com um produto de qualidade e gastando pouco. Sua f\u00f3rmula garante \u00f3tima cobertura, acabamento de qualidade e excelente custo-benef\u00edcio. \u00c9 a tinta preferida dos pintores!<\/p>\n","protected":false},"excerpt":{"rendered":"<h4 style=\"margin: 0px;padding: 0px 0px 16px;font-family: Lato, sans-serif;font-weight: bold;line-height: 3rem;color: var(--dark-grey3);font-size: 22px;font-style: normal;letter-spacing: normal;text-align: start;text-indent: 0px;text-transform: none\">Informa\u00e7\u00f5es t\u00e9cnicas<\/h4>\n<p><span style=\"margin: 0px;padding: 0px;font-weight: 450;font-size: 14px;line-height: 21px;color: var(--dark-grey2);font-family: Lato, sans-serif;font-style: normal;letter-spacing: normal;text-align: start;text-indent: 0px;text-transform: none\">Produto: TINTA ACR\u00cdLICA<br \/>\nMarca: MAXVINIL<\/p>\n<p>Caracter\u00edsticas:<br \/>\n18 litros;<br \/>\nBranco gelo;<\/p>\n<p>Secagem:<br \/>\nAo toque: 1hrs<br \/>\nEntre dem\u00e3os: 4hrs<br \/>\nFinal: 12hrs<br \/>\n<\/span><\/p>\n","protected":false},"featured_media":27507,"template":"","meta":{"_joinchat":[]},"product_brand":[],"product_cat":[143],"product_tag":[],"class_list":{"0":"post-17268","1":"product","2":"type-product","3":"status-publish","4":"has-post-thumbnail","6":"product_cat-tintas-e-cia","8":"first","9":"outofstock","10":"shipping-taxable","11":"product-type-simple"},"_links":{"self":[{"href":"https:\/\/www.multicasa.com.br\/inicio\/wp-json\/wp\/v2\/product\/17268","targetHints":{"allow":["GET"]}}],"collection":[{"href":"https:\/\/www.multicasa.com.br\/inicio\/wp-json\/wp\/v2\/product"}],"about":[{"href":"https:\/\/www.multicasa.com.br\/inicio\/wp-json\/wp\/v2\/types\/product"}],"wp:featuredmedia":[{"embeddable":true,"href":"https:\/\/www.multicasa.com.br\/inicio\/wp-json\/wp\/v2\/media\/27507"}],"wp:attachment":[{"href":"https:\/\/www.multicasa.com.br\/inicio\/wp-json\/wp\/v2\/media?parent=17268"}],"wp:term":[{"taxonomy":"product_brand","embeddable":true,"href":"https:\/\/www.multicasa.com.br\/inicio\/wp-json\/wp\/v2\/product_brand?post=17268"},{"taxonomy":"product_cat","embeddable":true,"href":"https:\/\/www.multicasa.com.br\/inicio\/wp-json\/wp\/v2\/product_cat?post=17268"},{"taxonomy":"product_tag","embeddable":true,"href":"https:\/\/www.multicasa.com.br\/inicio\/wp-json\/wp\/v2\/product_tag?post=17268"}],"curies":[{"name":"wp","href":"https:\/\/api.w.org\/{rel}","templated":true}]}}