{"id":17275,"date":"2025-06-20T19:17:41","date_gmt":"2025-06-20T23:17:41","guid":{"rendered":"https:\/\/www.multicasa.com.br\/inicio\/?post_type=product&#038;p=17275"},"modified":"2026-04-13T09:20:26","modified_gmt":"2026-04-13T13:20:26","slug":"placa-4x4-de-piso-2to-inox-olivo","status":"publish","type":"product","link":"https:\/\/www.multicasa.com.br\/inicio\/produto\/placa-4x4-de-piso-2to-inox-olivo\/","title":{"rendered":"Placa 4X4 De Piso 2To Inox Olivo"},"content":{"rendered":"<p>Com \u00f3timo acabamento est\u00e9tico, s\u00e3o adequadas para pisos de salas comerciais, escrit\u00f3rios, lojas, ag\u00eancias banc\u00e1rias, sal\u00f5es, etc.<\/p>\n","protected":false},"excerpt":{"rendered":"<h4 style=\"margin: 0px;padding: 0px 0px 16px;font-family: Lato, sans-serif;font-weight: bold;line-height: 3rem;color: var(--dark-grey3);font-size: 22px;font-style: normal;letter-spacing: normal;text-align: start;text-indent: 0px;text-transform: none\">Informa\u00e7\u00f5es t\u00e9cnicas<\/h4>\n<p><span style=\"margin: 0px;padding: 0px;font-weight: 450;font-size: 14px;line-height: 21px;color: var(--dark-grey2);font-family: Lato, sans-serif;font-style: normal;letter-spacing: normal;text-align: start;text-indent: 0px;text-transform: none\">PRODUTO: PLACA 4X4 DE PISO 2TO INOX<br \/>\nMARCA: OLIVIO<br \/>\nCARACTER\u00cdSTICAS:<br \/>\n\u0095 Material de inox alto brilho. Mola e eixo em a\u00e7o inox. Acompanham parafusos de a\u00e7o zincado bi cromatizados para fixa\u00e7\u00e3o;<br \/>\n\u0095 Embaladas individualmente. Medidas: 110mm X 110mm;<br \/>\n\u0095 4&#215;4<br \/>\n<\/span><\/p>\n","protected":false},"featured_media":25720,"template":"","meta":{"_joinchat":[]},"product_brand":[],"product_cat":[144],"product_tag":[],"class_list":{"0":"post-17275","1":"product","2":"type-product","3":"status-publish","4":"has-post-thumbnail","6":"product_cat-tomadas-e-cia","8":"first","9":"instock","10":"shipping-taxable","11":"purchasable","12":"product-type-simple"},"_links":{"self":[{"href":"https:\/\/www.multicasa.com.br\/inicio\/wp-json\/wp\/v2\/product\/17275","targetHints":{"allow":["GET"]}}],"collection":[{"href":"https:\/\/www.multicasa.com.br\/inicio\/wp-json\/wp\/v2\/product"}],"about":[{"href":"https:\/\/www.multicasa.com.br\/inicio\/wp-json\/wp\/v2\/types\/product"}],"wp:featuredmedia":[{"embeddable":true,"href":"https:\/\/www.multicasa.com.br\/inicio\/wp-json\/wp\/v2\/media\/25720"}],"wp:attachment":[{"href":"https:\/\/www.multicasa.com.br\/inicio\/wp-json\/wp\/v2\/media?parent=17275"}],"wp:term":[{"taxonomy":"product_brand","embeddable":true,"href":"https:\/\/www.multicasa.com.br\/inicio\/wp-json\/wp\/v2\/product_brand?post=17275"},{"taxonomy":"product_cat","embeddable":true,"href":"https:\/\/www.multicasa.com.br\/inicio\/wp-json\/wp\/v2\/product_cat?post=17275"},{"taxonomy":"product_tag","embeddable":true,"href":"https:\/\/www.multicasa.com.br\/inicio\/wp-json\/wp\/v2\/product_tag?post=17275"}],"curies":[{"name":"wp","href":"https:\/\/api.w.org\/{rel}","templated":true}]}}