{"id":17276,"date":"2025-06-20T19:17:41","date_gmt":"2025-06-20T23:17:41","guid":{"rendered":"https:\/\/www.multicasa.com.br\/inicio\/?post_type=product&#038;p=17276"},"modified":"2025-08-18T03:44:20","modified_gmt":"2025-08-18T07:44:20","slug":"curva-45-longa-pvc-para-esgoto-100mm-tigre","status":"publish","type":"product","link":"https:\/\/www.multicasa.com.br\/inicio\/produto\/curva-45-longa-pvc-para-esgoto-100mm-tigre\/","title":{"rendered":"Curva 45\u00b0 Longa Pvc Para Esgoto 100Mm Tigre"},"content":{"rendered":"<p>A conex\u00e3o curva 45\u00b0 Longa PVC da Marca Tigre com bitola de 4&#8243; 100mm \u00e9 a pe\u00e7a que voc\u00ea procura para o seu projeto hidr\u00e1ulico de esgoto. Aproveite!<\/p>\n","protected":false},"excerpt":{"rendered":"<h4 style=\"margin: 0px;padding: 0px 0px 16px;font-family: Lato, sans-serif;font-weight: bold;line-height: 3rem;color: var(--dark-grey3);font-size: 22px;font-style: normal;letter-spacing: normal;text-align: start;text-indent: 0px;text-transform: none\">Informa\u00e7\u00f5es t\u00e9cnicas<\/h4>\n<p><span style=\"margin: 0px;padding: 0px;font-weight: 450;font-size: 14px;line-height: 21px;color: var(--dark-grey2);font-family: Lato, sans-serif;font-style: normal;letter-spacing: normal;text-align: start;text-indent: 0px;text-transform: none\">Produto: CURVA 45 PVC ESG.100MM LONGA TIGRE<br \/>\nMarca: TIGRE<\/p>\n<p>&#8211; Uso Indicado: Esgoto;<br \/>\n&#8211; Bitola em Polegadas: 4 &#8220;;<br \/>\n&#8211; Bitola em Mil\u00edmetros: 100 mm;<br \/>\n&#8211; Produto: Curva 45\u00b0 Longa;<br \/>\n&#8211; Material: Pl\u00e1stico;<br \/>\n&#8211; Tipo de Material: PVC;<br \/>\n&#8211; Marca: Tigre.<\/p>\n<p><\/span><\/p>\n","protected":false},"featured_media":25046,"template":"","meta":{"_joinchat":[]},"product_brand":[],"product_cat":[73],"product_tag":[],"class_list":{"0":"post-17276","1":"product","2":"type-product","3":"status-publish","4":"has-post-thumbnail","6":"product_cat-tubos-e-conexoes","8":"first","9":"instock","10":"shipping-taxable","11":"purchasable","12":"product-type-simple"},"_links":{"self":[{"href":"https:\/\/www.multicasa.com.br\/inicio\/wp-json\/wp\/v2\/product\/17276","targetHints":{"allow":["GET"]}}],"collection":[{"href":"https:\/\/www.multicasa.com.br\/inicio\/wp-json\/wp\/v2\/product"}],"about":[{"href":"https:\/\/www.multicasa.com.br\/inicio\/wp-json\/wp\/v2\/types\/product"}],"wp:featuredmedia":[{"embeddable":true,"href":"https:\/\/www.multicasa.com.br\/inicio\/wp-json\/wp\/v2\/media\/25046"}],"wp:attachment":[{"href":"https:\/\/www.multicasa.com.br\/inicio\/wp-json\/wp\/v2\/media?parent=17276"}],"wp:term":[{"taxonomy":"product_brand","embeddable":true,"href":"https:\/\/www.multicasa.com.br\/inicio\/wp-json\/wp\/v2\/product_brand?post=17276"},{"taxonomy":"product_cat","embeddable":true,"href":"https:\/\/www.multicasa.com.br\/inicio\/wp-json\/wp\/v2\/product_cat?post=17276"},{"taxonomy":"product_tag","embeddable":true,"href":"https:\/\/www.multicasa.com.br\/inicio\/wp-json\/wp\/v2\/product_tag?post=17276"}],"curies":[{"name":"wp","href":"https:\/\/api.w.org\/{rel}","templated":true}]}}