{"id":17277,"date":"2025-06-20T19:17:41","date_gmt":"2025-06-20T23:17:41","guid":{"rendered":"https:\/\/www.multicasa.com.br\/inicio\/?post_type=product&#038;p=17277"},"modified":"2025-08-16T17:45:36","modified_gmt":"2025-08-16T21:45:36","slug":"argamassa-graute-250-25kg-sika","status":"publish","type":"product","link":"https:\/\/www.multicasa.com.br\/inicio\/produto\/argamassa-graute-250-25kg-sika\/","title":{"rendered":"Argamassa Graute 250 25Kg Sika"},"content":{"rendered":"<p>SikaGrout 250 \u00e9 um graute pr\u00e9-dosado composto de cimento Portland, areia de quartzo de granulometria selecionada e aditivos especiais convenientemente dosados. \u00c9 fornecido pronto para o uso, bastando a adi\u00e7\u00e3o de \u00e1gua na propor\u00e7\u00e3o recomendada para se obter a consist\u00eancia e resist\u00eancia mec\u00e2nica indicada.<\/p>\n","protected":false},"excerpt":{"rendered":"<h4 style=\"margin: 0px;padding: 0px 0px 16px;font-family: Lato, sans-serif;font-weight: bold;line-height: 3rem;color: var(--dark-grey3);font-size: 22px;font-style: normal;letter-spacing: normal;text-align: start;text-indent: 0px;text-transform: none\">Informa\u00e7\u00f5es t\u00e9cnicas<\/h4>\n<p><span style=\"margin: 0px;padding: 0px;font-weight: 450;font-size: 14px;line-height: 21px;color: var(--dark-grey2);font-family: Lato, sans-serif;font-style: normal;letter-spacing: normal;text-align: start;text-indent: 0px;text-transform: none\">Produto: ARGAMASSA GRAUTE 250 25KG SIKA<br \/>\nMarca: SIKA<\/p>\n<p>SikaGrout 250 \u00e9 indicado para o grauteamento de m\u00e1quinas e equipamentos de pequeno porte n\u00e3o sujeitos a vibra\u00e7\u00e3o, refor\u00e7o de funda\u00e7\u00f5es, colunas e vigas de pontes, alvenaria estrutural, pr\u00e9-moldados, placas de apoio, reparos de estruturas de concreto em geral, para grauteamento de espessuras de 10 a 50 mm por camada (espessuras maiores podem ser admitidas preparando-se um microconcreto com adi\u00e7\u00e3o de at\u00e9 30% de brita 0 em peso \u0093pedrisco\u0094 (lavado e peneirado)), para grauteamento e nivelamento de bases de equipamentos sujeitos a vibra\u00e7\u00e3o, a Sika recomenda a utiliza\u00e7\u00e3o do Sikadur 42.<\/p>\n<p>Vantagens:<br \/>\nSikaGrout 250 possui excelente ader\u00eancia e trabalhabilidade mantida durante um per\u00edodo de 30 minutos (a 20\u00b0C) ap\u00f3s a adi\u00e7\u00e3o de \u00e1gua ao produto, n\u00e3o cont\u00e9m adi\u00e7\u00e3o de cloretos, excelente resist\u00eancia \u00e0 carbonata\u00e7\u00e3o, elevadas resist\u00eancias mec\u00e2nicas \u00e0 compress\u00e3o (inicias e finais) com r\u00e1pida desforma e libera\u00e7\u00e3o, consist\u00eancia fluida, devendo ser aplicado em espa\u00e7os confinados, versatilidade de uso devido ao alto desempenho.<br \/>\n<\/span><\/p>\n","protected":false},"featured_media":24621,"template":"","meta":{"_joinchat":[]},"product_brand":[],"product_cat":[147],"product_tag":[],"class_list":{"0":"post-17277","1":"product","2":"type-product","3":"status-publish","4":"has-post-thumbnail","6":"product_cat-basicos","8":"first","9":"outofstock","10":"shipping-taxable","11":"product-type-simple"},"_links":{"self":[{"href":"https:\/\/www.multicasa.com.br\/inicio\/wp-json\/wp\/v2\/product\/17277","targetHints":{"allow":["GET"]}}],"collection":[{"href":"https:\/\/www.multicasa.com.br\/inicio\/wp-json\/wp\/v2\/product"}],"about":[{"href":"https:\/\/www.multicasa.com.br\/inicio\/wp-json\/wp\/v2\/types\/product"}],"wp:featuredmedia":[{"embeddable":true,"href":"https:\/\/www.multicasa.com.br\/inicio\/wp-json\/wp\/v2\/media\/24621"}],"wp:attachment":[{"href":"https:\/\/www.multicasa.com.br\/inicio\/wp-json\/wp\/v2\/media?parent=17277"}],"wp:term":[{"taxonomy":"product_brand","embeddable":true,"href":"https:\/\/www.multicasa.com.br\/inicio\/wp-json\/wp\/v2\/product_brand?post=17277"},{"taxonomy":"product_cat","embeddable":true,"href":"https:\/\/www.multicasa.com.br\/inicio\/wp-json\/wp\/v2\/product_cat?post=17277"},{"taxonomy":"product_tag","embeddable":true,"href":"https:\/\/www.multicasa.com.br\/inicio\/wp-json\/wp\/v2\/product_tag?post=17277"}],"curies":[{"name":"wp","href":"https:\/\/api.w.org\/{rel}","templated":true}]}}