{"id":17279,"date":"2025-06-20T19:17:42","date_gmt":"2025-06-20T23:17:42","guid":{"rendered":"https:\/\/www.multicasa.com.br\/inicio\/?post_type=product&#038;p=17279"},"modified":"2026-03-17T15:31:12","modified_gmt":"2026-03-17T19:31:12","slug":"luva-simples-p-esgoto-pvc-150mm-tigre","status":"publish","type":"product","link":"https:\/\/www.multicasa.com.br\/inicio\/produto\/luva-simples-p-esgoto-pvc-150mm-tigre\/","title":{"rendered":"Luva Simples P\/ Esgoto Pvc 150Mm Tigre"},"content":{"rendered":"<p>A conex\u00e3o Luva Simples PVC da Marca Tigre com bitola de 6&#8243; 150mm \u00e9 a pe\u00e7a que voc\u00ea procura para o seu projeto hidr\u00e1ulico de esgoto. Aproveite!<\/p>\n","protected":false},"excerpt":{"rendered":"<h4 style=\"margin: 0px;padding: 0px 0px 16px;font-family: Lato, sans-serif;font-weight: bold;line-height: 3rem;color: var(--dark-grey3);font-size: 22px;font-style: normal;letter-spacing: normal;text-align: start;text-indent: 0px;text-transform: none\">Informa\u00e7\u00f5es t\u00e9cnicas<\/h4>\n<p><span style=\"margin: 0px;padding: 0px;font-weight: 450;font-size: 14px;line-height: 21px;color: var(--dark-grey2);font-family: Lato, sans-serif;font-style: normal;letter-spacing: normal;text-align: start;text-indent: 0px;text-transform: none\">Produto: LUVA SIMPLES PVC ESGOTO 150MM TIGRE<br \/>\nMarca: TIGRE<\/p>\n<p>&#8211; Uso Indicado: Esgoto;<br \/>\n&#8211; Bitola em Polegadas: 6 &#8220;;<br \/>\n&#8211; Bitola em Mil\u00edmetros: 150 mm;<br \/>\n&#8211; Produto Luva Simples;<br \/>\n&#8211; Material: Pl\u00e1stico;<br \/>\n&#8211; Tipo de Material: PVC;<br \/>\n&#8211; Marca: Tigre;<\/span><\/p>\n","protected":false},"featured_media":25504,"template":"","meta":{"_joinchat":[]},"product_brand":[],"product_cat":[73],"product_tag":[],"class_list":{"0":"post-17279","1":"product","2":"type-product","3":"status-publish","4":"has-post-thumbnail","6":"product_cat-tubos-e-conexoes","8":"first","9":"instock","10":"shipping-taxable","11":"purchasable","12":"product-type-simple"},"_links":{"self":[{"href":"https:\/\/www.multicasa.com.br\/inicio\/wp-json\/wp\/v2\/product\/17279","targetHints":{"allow":["GET"]}}],"collection":[{"href":"https:\/\/www.multicasa.com.br\/inicio\/wp-json\/wp\/v2\/product"}],"about":[{"href":"https:\/\/www.multicasa.com.br\/inicio\/wp-json\/wp\/v2\/types\/product"}],"wp:featuredmedia":[{"embeddable":true,"href":"https:\/\/www.multicasa.com.br\/inicio\/wp-json\/wp\/v2\/media\/25504"}],"wp:attachment":[{"href":"https:\/\/www.multicasa.com.br\/inicio\/wp-json\/wp\/v2\/media?parent=17279"}],"wp:term":[{"taxonomy":"product_brand","embeddable":true,"href":"https:\/\/www.multicasa.com.br\/inicio\/wp-json\/wp\/v2\/product_brand?post=17279"},{"taxonomy":"product_cat","embeddable":true,"href":"https:\/\/www.multicasa.com.br\/inicio\/wp-json\/wp\/v2\/product_cat?post=17279"},{"taxonomy":"product_tag","embeddable":true,"href":"https:\/\/www.multicasa.com.br\/inicio\/wp-json\/wp\/v2\/product_tag?post=17279"}],"curies":[{"name":"wp","href":"https:\/\/api.w.org\/{rel}","templated":true}]}}