{"id":17282,"date":"2025-06-20T19:17:42","date_gmt":"2025-06-20T23:17:42","guid":{"rendered":"https:\/\/www.multicasa.com.br\/inicio\/?post_type=product&#038;p=17282"},"modified":"2025-08-18T03:53:29","modified_gmt":"2025-08-18T07:53:29","slug":"caixa-dagua-polietileno-1000l-bakof","status":"publish","type":"product","link":"https:\/\/www.multicasa.com.br\/inicio\/produto\/caixa-dagua-polietileno-1000l-bakof\/","title":{"rendered":"Caixa D\u00c1gua Polietileno 1000L Bakof"},"content":{"rendered":"<p>As caixas d\u0092\u00e1gua Bakof Tec 1000 litros s\u00e3o produzidas em polietileno. S\u00e3o leves de f\u00e1cil transporte e instala\u00e7\u00e3o possuindo alta resist\u00eancia as a\u00e7\u00f5es do tempo.<\/p>\n","protected":false},"excerpt":{"rendered":"<h4 style=\"margin: 0px;padding: 0px 0px 16px;font-family: Lato, sans-serif;font-weight: bold;line-height: 3rem;color: var(--dark-grey3);font-size: 22px;font-style: normal;letter-spacing: normal;text-align: start;text-indent: 0px;text-transform: none\">Informa\u00e7\u00f5es t\u00e9cnicas<\/h4>\n<p><span style=\"margin: 0px;padding: 0px;font-weight: 450;font-size: 14px;line-height: 21px;color: var(--dark-grey2);font-family: Lato, sans-serif;font-style: normal;letter-spacing: normal;text-align: start;text-indent: 0px;text-transform: none\">Produto: CAIXA DAGUA POLIETIL.1000L BAKOF<br \/>\nMarca: BAKOF TEC<\/p>\n<p>&#8211; Tipo da Tampa: Simples;<br \/>\n&#8211; Produto: Caixa D\u00c1gua;<br \/>\n&#8211; Tipo de Material: Polietileno;<br \/>\n&#8211; Cor: Azul;<br \/>\n&#8211; Tamanho: \u00danico;<br \/>\n&#8211; Marca: Bakof Tec;<br \/>\n&#8211; Garantia do Fabricante: 12 mes(es).<br \/>\n<\/span><\/p>\n","protected":false},"featured_media":24845,"template":"","meta":{"_joinchat":[]},"product_brand":[],"product_cat":[73],"product_tag":[],"class_list":{"0":"post-17282","1":"product","2":"type-product","3":"status-publish","4":"has-post-thumbnail","6":"product_cat-tubos-e-conexoes","8":"first","9":"outofstock","10":"shipping-taxable","11":"purchasable","12":"product-type-simple"},"_links":{"self":[{"href":"https:\/\/www.multicasa.com.br\/inicio\/wp-json\/wp\/v2\/product\/17282","targetHints":{"allow":["GET"]}}],"collection":[{"href":"https:\/\/www.multicasa.com.br\/inicio\/wp-json\/wp\/v2\/product"}],"about":[{"href":"https:\/\/www.multicasa.com.br\/inicio\/wp-json\/wp\/v2\/types\/product"}],"wp:featuredmedia":[{"embeddable":true,"href":"https:\/\/www.multicasa.com.br\/inicio\/wp-json\/wp\/v2\/media\/24845"}],"wp:attachment":[{"href":"https:\/\/www.multicasa.com.br\/inicio\/wp-json\/wp\/v2\/media?parent=17282"}],"wp:term":[{"taxonomy":"product_brand","embeddable":true,"href":"https:\/\/www.multicasa.com.br\/inicio\/wp-json\/wp\/v2\/product_brand?post=17282"},{"taxonomy":"product_cat","embeddable":true,"href":"https:\/\/www.multicasa.com.br\/inicio\/wp-json\/wp\/v2\/product_cat?post=17282"},{"taxonomy":"product_tag","embeddable":true,"href":"https:\/\/www.multicasa.com.br\/inicio\/wp-json\/wp\/v2\/product_tag?post=17282"}],"curies":[{"name":"wp","href":"https:\/\/api.w.org\/{rel}","templated":true}]}}