{"id":17286,"date":"2025-06-20T19:17:51","date_gmt":"2025-06-20T23:17:51","guid":{"rendered":"https:\/\/www.multicasa.com.br\/inicio\/?post_type=product&#038;p=17286"},"modified":"2025-08-17T19:13:37","modified_gmt":"2025-08-17T23:13:37","slug":"ventilador-3p-w-light-130w-127v-bc","status":"publish","type":"product","link":"https:\/\/www.multicasa.com.br\/inicio\/produto\/ventilador-3p-w-light-130w-127v-bc\/","title":{"rendered":"Ventilador 3P W.Light 130W 127V Bc"},"content":{"rendered":"<p>Se voc\u00ea deseja um ambiente mais refrescante, bonito e agrad\u00e1vel, o ventilador de teto Ventisol Wind Light \u00e9 ideal. Acompanha chave de controle de velocidade, revers\u00e3o e ilumina\u00e7\u00e3o. As p\u00e1s s\u00e3o em pl\u00e1stico de engenharia, al\u00e9m de bonitas, s\u00e3o leves e aumentam a vida \u00fatil do motor. O lustre com acabamento fosco em formato de tulipa para uma l\u00e2mpada.<\/p>\n","protected":false},"excerpt":{"rendered":"<h4 style=\"margin: 0px;padding: 0px 0px 16px;font-family: Lato, sans-serif;font-weight: bold;line-height: 3rem;color: var(--dark-grey3);font-size: 22px;font-style: normal;letter-spacing: normal;text-align: start;text-indent: 0px;text-transform: none\">Informa\u00e7\u00f5es t\u00e9cnicas<\/h4>\n<p><span style=\"margin: 0px;padding: 0px;font-weight: 450;font-size: 14px;line-height: 21px;color: var(--dark-grey2);font-family: Lato, sans-serif;font-style: normal;letter-spacing: normal;text-align: start;text-indent: 0px;text-transform: none\">Produto: VENTILADOR 3P W.LIGHT 130W 127V BC<br \/>\nMarca: VENTISOL<\/p>\n<p>Marca: Ventisol<br \/>\nInforma\u00e7\u00f5es t\u00e9cnicas: Modelo Wind Light<br \/>\n&#8211; Tipo: Teto<br \/>\n&#8211; Velocidades: 3<br \/>\n&#8211; Pot\u00eancia: 130W.<br \/>\n&#8211; Fun\u00e7\u00f5es: Exaust\u00e3o<br \/>\n&#8211; Quantidade de p\u00e1s: 3<br \/>\n&#8211; Lumin\u00e1ria: Sim, Para uma l\u00e2mpada.<br \/>\n&#8211; Voltagem: 110 Volts<br \/>\n&#8211; Consumo aproximado de energia: 2,76 kWh\/m\u00eas.<br \/>\n&#8211; Cor: Branco<\/p>\n<p>Material:<br \/>\n&#8211; P\u00e1s: pl\u00e1stico de engenharia<br \/>\n&#8211; Motor e haste: A\u00e7o tratado.<br \/>\n&#8211; Rota\u00e7\u00e3o 430 RPM.<br \/>\n&#8211; Peso aproximado &#8211; Peso do produto: 2,825 Kg.<br \/>\n&#8211; Peso aproximado &#8211; Peso do produto com embalagem: 2,600 Kg.<br \/>\n&#8211; Dimens\u00f5es do produto com embalagem &#8211; Largura: 43 cm.<br \/>\n&#8211; Dimens\u00f5es do produto com embalagem &#8211; Altura: 21 cm.<br \/>\n&#8211; Dimens\u00f5es do produto com embalagem &#8211; Profundidade: 16 cm.<br \/>\n&#8211; Garantia: Prazo de garantia 01 ano (3 meses de garantia legal e mais 9 meses de garantia especial concedida pelo fabricante).<\/p>\n<p>Conte\u00fado da embalagem<br \/>\n&#8211; 01 Ventilador de teto.<\/span><\/p>\n","protected":false},"featured_media":26272,"template":"","meta":{"_joinchat":[]},"product_brand":[],"product_cat":[149],"product_tag":[],"class_list":{"0":"post-17286","1":"product","2":"type-product","3":"status-publish","4":"has-post-thumbnail","6":"product_cat-ventiladores-comerciais","8":"first","9":"outofstock","10":"shipping-taxable","11":"purchasable","12":"product-type-simple"},"_links":{"self":[{"href":"https:\/\/www.multicasa.com.br\/inicio\/wp-json\/wp\/v2\/product\/17286","targetHints":{"allow":["GET"]}}],"collection":[{"href":"https:\/\/www.multicasa.com.br\/inicio\/wp-json\/wp\/v2\/product"}],"about":[{"href":"https:\/\/www.multicasa.com.br\/inicio\/wp-json\/wp\/v2\/types\/product"}],"wp:featuredmedia":[{"embeddable":true,"href":"https:\/\/www.multicasa.com.br\/inicio\/wp-json\/wp\/v2\/media\/26272"}],"wp:attachment":[{"href":"https:\/\/www.multicasa.com.br\/inicio\/wp-json\/wp\/v2\/media?parent=17286"}],"wp:term":[{"taxonomy":"product_brand","embeddable":true,"href":"https:\/\/www.multicasa.com.br\/inicio\/wp-json\/wp\/v2\/product_brand?post=17286"},{"taxonomy":"product_cat","embeddable":true,"href":"https:\/\/www.multicasa.com.br\/inicio\/wp-json\/wp\/v2\/product_cat?post=17286"},{"taxonomy":"product_tag","embeddable":true,"href":"https:\/\/www.multicasa.com.br\/inicio\/wp-json\/wp\/v2\/product_tag?post=17286"}],"curies":[{"name":"wp","href":"https:\/\/api.w.org\/{rel}","templated":true}]}}