{"id":17288,"date":"2025-06-20T19:17:51","date_gmt":"2025-06-20T23:17:51","guid":{"rendered":"https:\/\/www.multicasa.com.br\/inicio\/?post_type=product&#038;p=17288"},"modified":"2025-08-17T19:13:38","modified_gmt":"2025-08-17T23:13:38","slug":"engate-flexivel-tranc-60cm-cr-loren","status":"publish","type":"product","link":"https:\/\/www.multicasa.com.br\/inicio\/produto\/engate-flexivel-tranc-60cm-cr-loren\/","title":{"rendered":"Engate Flexivel Tranc.60Cm Cr Loren"},"content":{"rendered":"<p>O Engate Flex\u00edvel 60cm C18 Lorenzetti \u00e9 vers\u00e1til para usar e foi feito para durar assim como todos os produtos Lorenzetti. Pode ser usado nos lavat\u00f3rios, pias e bid\u00eas para a condu\u00e7\u00e3o de \u00e1gua fria ou quente. \u00c9 fabricado em material resistente e tem um acabamento diferenciado na cor cromado, al\u00e9m da flexibilidade que garante a sua f\u00e1cil instala\u00e7\u00e3o.<\/p>\n","protected":false},"excerpt":{"rendered":"<h4 style=\"margin: 0px;padding: 0px 0px 16px;font-family: Lato, sans-serif;font-weight: bold;line-height: 3rem;color: var(--dark-grey3);font-size: 22px;font-style: normal;letter-spacing: normal;text-align: start;text-indent: 0px;text-transform: none\">Informa\u00e7\u00f5es t\u00e9cnicas<\/h4>\n<p><span style=\"margin: 0px;padding: 0px;font-weight: 450;font-size: 14px;line-height: 21px;color: var(--dark-grey2);font-family: Lato, sans-serif;font-style: normal;letter-spacing: normal;text-align: start;text-indent: 0px;text-transform: none\">Produto: ENGATE FLEXIVEL TRANC.60CM CR LOREN<br \/>\nMarca: LORENZETTI<\/p>\n<p>&#8211; Material\tMalha Em A\u00e7o;<br \/>\n&#8211; Recomenda\u00e7\u00f5es De Uso\/Manuten\u00e7\u00e3o E Limpeza: Pano Levemente Umedecido Com Sab\u00e3o neutro;<br \/>\n&#8211; Temperatura M\u00e1xima Da \u00c1gua: 90\u00b0C;<br \/>\n<\/span><\/p>\n","protected":false},"featured_media":25110,"template":"","meta":{"_joinchat":[]},"product_brand":[],"product_cat":[69],"product_tag":[],"class_list":{"0":"post-17288","1":"product","2":"type-product","3":"status-publish","4":"has-post-thumbnail","6":"product_cat-acessorios-para-banheiro","8":"first","9":"outofstock","10":"shipping-taxable","11":"purchasable","12":"product-type-simple"},"_links":{"self":[{"href":"https:\/\/www.multicasa.com.br\/inicio\/wp-json\/wp\/v2\/product\/17288","targetHints":{"allow":["GET"]}}],"collection":[{"href":"https:\/\/www.multicasa.com.br\/inicio\/wp-json\/wp\/v2\/product"}],"about":[{"href":"https:\/\/www.multicasa.com.br\/inicio\/wp-json\/wp\/v2\/types\/product"}],"wp:featuredmedia":[{"embeddable":true,"href":"https:\/\/www.multicasa.com.br\/inicio\/wp-json\/wp\/v2\/media\/25110"}],"wp:attachment":[{"href":"https:\/\/www.multicasa.com.br\/inicio\/wp-json\/wp\/v2\/media?parent=17288"}],"wp:term":[{"taxonomy":"product_brand","embeddable":true,"href":"https:\/\/www.multicasa.com.br\/inicio\/wp-json\/wp\/v2\/product_brand?post=17288"},{"taxonomy":"product_cat","embeddable":true,"href":"https:\/\/www.multicasa.com.br\/inicio\/wp-json\/wp\/v2\/product_cat?post=17288"},{"taxonomy":"product_tag","embeddable":true,"href":"https:\/\/www.multicasa.com.br\/inicio\/wp-json\/wp\/v2\/product_tag?post=17288"}],"curies":[{"name":"wp","href":"https:\/\/api.w.org\/{rel}","templated":true}]}}