{"id":17289,"date":"2025-06-20T19:17:51","date_gmt":"2025-06-20T23:17:51","guid":{"rendered":"https:\/\/www.multicasa.com.br\/inicio\/?post_type=product&#038;p=17289"},"modified":"2025-06-23T10:25:17","modified_gmt":"2025-06-23T14:25:17","slug":"pendente-estanc-tr-billi-3lp-madelu","status":"publish","type":"product","link":"https:\/\/www.multicasa.com.br\/inicio\/produto\/pendente-estanc-tr-billi-3lp-madelu\/","title":{"rendered":"Pendente Estanc.Tr.Billi.3Lp Madelu"},"content":{"rendered":"<p>Os pendentes s\u00e3o tend\u00eancia em projetos de ilumina\u00e7\u00e3o decorativa em todo o pa\u00eds. \u00c9 por isso que o design industrial, r\u00fastico do Pendente Est\u00e2ncia Trilho Billiar Retangular Triplo 120x29cm Madeira e Metal Oxidado &#8211; Madelustre 418 foi pensado para compor a decora\u00e7\u00e3o de qualquer ambiente, seja ele residencial, comercial ou empresarial. Outro benef\u00edcio do modelo \u00e9 sua funcionalidade, que proporciona uma ilumina\u00e7\u00e3o bem distribu\u00edda por todo o espa\u00e7o, garantindo comodidade e praticidade. Sua estrutura comporta tens\u00e3o Bivolt, utilizando 3x Filamento (n\u00e3o inclusas) e soquete E27. Sendo pendente para cozinha, pendente para sala e pendente para quarto, geralmente as cores mais utilizadas para estes tipos de produtos s\u00e3o: pendente branco, pendente preto, pendente dourado e pendente cobre (combinado com alguns elementos como globo transparente, globo fosco e globo \u00e2mbar). Especialmente, essa op\u00e7\u00e3o \u00e9 entregue na cor Oxidado. O pendente conta com material: Madeira e Metal, por\u00e9m \u00e9 possivelmente encontrar dentro desse segmento, pendente alum\u00ednio (metal), pendente cristal, pendente madeira (ou MDF) ou mesmo pendente vidro (o famoso pendente bola \/ pendente globo de vidro). O seu formato Retangular permite aplica\u00e7\u00e3o em v\u00e1rios tipos de ambientes e encaixa facilmente em qualquer decora\u00e7\u00e3o. O produto \u00e9 perfeito para compor a decora\u00e7\u00e3o de cozinha, sala, sala de jantar, hall, varanda. As dimens\u00f5es do produto s\u00e3o importantes para que voc\u00ea possa planejar a disposi\u00e7\u00e3o do objeto no espa\u00e7o. Este modelo da Madelustre conta com dimens\u00f5es de: 120x29cm. A Inspire Home indica que a infraestrutura para a instala\u00e7\u00e3o seja organizada j\u00e1 com o produto em m\u00e3os, evitando problemas de fura\u00e7\u00e3o e recortes, por exemplo. O 418 conta com 3 meses de garantia da loja e 12 meses de garantia diretamente com o fabricante. Veja mais detalhes em nossas Condi\u00e7\u00f5es e Regulamentos. Fa\u00e7a a escolha certa com os pendentes da Madelustre. <\/p>\n","protected":false},"excerpt":{"rendered":"<h4 style=\"margin: 0px;padding: 0px 0px 16px;font-family: Lato, sans-serif;font-weight: bold;line-height: 3rem;color: var(--dark-grey3);font-size: 22px;font-style: normal;letter-spacing: normal;text-align: start;text-indent: 0px;text-transform: none\">Informa\u00e7\u00f5es t\u00e9cnicas<\/h4>\n<p><span style=\"margin: 0px;padding: 0px;font-weight: 450;font-size: 14px;line-height: 21px;color: var(--dark-grey2);font-family: Lato, sans-serif;font-style: normal;letter-spacing: normal;text-align: start;text-indent: 0px;text-transform: none\">Produto: PENDENTE ESTANC.TR.BILLI.3LP MADELU<br \/>\nMarca: MADELUSTRE<\/p>\n<p>&#8211; Fabricante: Madelustre;<br \/>\n&#8211; Modelo: 418;<br \/>\n&#8211; Tempo Despacho\/Produ\u00e7\u00e3o: Em at\u00e9 15 dias \u00fateis;<br \/>\n&#8211; Tens\u00e3o: Bivolt;<br \/>\n&#8211; Formato: Retangular;<br \/>\n&#8211; Material: Metal, Madeira \/ MDF;<br \/>\n&#8211; Tipo de L\u00e2mpada: Filamento;<br \/>\n&#8211; Soquete: E27;<br \/>\n&#8211; Quantidade de L\u00e2mpadas: 3x Filamento;<br \/>\n&#8211; Ambientes Indicados: Cozinha, Sala de Jantar, Hall, Varanda, Sala;<br \/>\n&#8211; Estilo: R\u00fastico, Industrial;<br \/>\n&#8211; Comprimento (cm): 120;<br \/>\n&#8211; Largura (cm): 29;<br \/>\n&#8211; Cont\u00eam na Embalagem: Pendente;<br \/>\n&#8211; Itens n\u00e3o inclusos &#8211; L\u00e2mpadas n\u00e3o inclusas;<br \/>\n&#8211; Garantia do Fabricante: 12 meses;<br \/>\n&#8211; Garantia Loja: 3 meses;<br \/>\n&#8211; Cor Predominante: Marrom.<\/span><\/p>\n","protected":false},"featured_media":25701,"template":"","meta":{"_joinchat":[]},"product_brand":[],"product_cat":[79],"product_tag":[],"class_list":{"0":"post-17289","1":"product","2":"type-product","3":"status-publish","4":"has-post-thumbnail","6":"product_cat-iluminacao-decorativa","8":"first","9":"outofstock","10":"shipping-taxable","11":"product-type-simple"},"_links":{"self":[{"href":"https:\/\/www.multicasa.com.br\/inicio\/wp-json\/wp\/v2\/product\/17289","targetHints":{"allow":["GET"]}}],"collection":[{"href":"https:\/\/www.multicasa.com.br\/inicio\/wp-json\/wp\/v2\/product"}],"about":[{"href":"https:\/\/www.multicasa.com.br\/inicio\/wp-json\/wp\/v2\/types\/product"}],"wp:featuredmedia":[{"embeddable":true,"href":"https:\/\/www.multicasa.com.br\/inicio\/wp-json\/wp\/v2\/media\/25701"}],"wp:attachment":[{"href":"https:\/\/www.multicasa.com.br\/inicio\/wp-json\/wp\/v2\/media?parent=17289"}],"wp:term":[{"taxonomy":"product_brand","embeddable":true,"href":"https:\/\/www.multicasa.com.br\/inicio\/wp-json\/wp\/v2\/product_brand?post=17289"},{"taxonomy":"product_cat","embeddable":true,"href":"https:\/\/www.multicasa.com.br\/inicio\/wp-json\/wp\/v2\/product_cat?post=17289"},{"taxonomy":"product_tag","embeddable":true,"href":"https:\/\/www.multicasa.com.br\/inicio\/wp-json\/wp\/v2\/product_tag?post=17289"}],"curies":[{"name":"wp","href":"https:\/\/api.w.org\/{rel}","templated":true}]}}