{"id":17291,"date":"2025-06-20T19:17:52","date_gmt":"2025-06-20T23:17:52","guid":{"rendered":"https:\/\/www.multicasa.com.br\/inicio\/?post_type=product&#038;p=17291"},"modified":"2025-08-17T19:13:43","modified_gmt":"2025-08-17T23:13:43","slug":"refil-p-filtro-ab200-c-rosc-acquabi","status":"publish","type":"product","link":"https:\/\/www.multicasa.com.br\/inicio\/produto\/refil-p-filtro-ab200-c-rosc-acquabi\/","title":{"rendered":"Refil P\/Filtro Ab200 C\/Rosc.Acquabi"},"content":{"rendered":"<p>Sua \u00e1gua livre de impurezas! Produtos qu\u00edmicos podem estar presentes no abastecimento de \u00e1gua, assim como tubula\u00e7\u00f5es e tanques de \u00e1gua corro\u00eddos ou sujos podem trazer contamina\u00e7\u00f5es na \u00e1gua e prejudicar a sua sa\u00fade. A Linha de Ponto de Uso da Acquabios \u00e9 muito pr\u00e1tica, com modelos diferentes para diversas aplica\u00e7\u00f5es. Esta linha tem op\u00e7\u00f5es de filtros para instala\u00e7\u00f5es diretamente no ponto de \u00e1gua, sob bancada da pia ou outros. Inicialmente a \u00e1gua \u00e9 pressionada a passar por uma barreira de polipropileno Melt Blown na primeira etapa, onde deixar\u00e1 as part\u00edculas de sujeiras suspensas. Por segundo ao entrar em contato com o carv\u00e3o ativado, este por sua vez ret\u00e9m os odores, mau gosto e excesso de cloro presente na \u00e1gua. Para concluir o processo, a \u00e1gua novamente passar\u00e1 por uma ultima camada de polipropileno Melt Blown, onde deixar\u00e1 qualquer res\u00edduo de carv\u00e3o que possa conter e sedimentos particulados se ainda estiverem presentes. O Sistema de blindagem do refil e o carv\u00e3o ativado impregnado de prata coloidal impedem a contamina\u00e7\u00e3o da \u00e1gua filtrada pela \u00e1gua suja que ainda pode estar presente no equipamento e a prolifera\u00e7\u00e3o de bact\u00e9rias. Voc\u00ea sabia?<\/p>\n","protected":false},"excerpt":{"rendered":"<h4 style=\"margin: 0px;padding: 0px 0px 16px;font-family: Lato, sans-serif;font-weight: bold;line-height: 3rem;color: var(--dark-grey3);font-size: 22px;font-style: normal;letter-spacing: normal;text-align: start;text-indent: 0px;text-transform: none\">Informa\u00e7\u00f5es t\u00e9cnicas<\/h4>\n<p><span style=\"margin: 0px;padding: 0px;font-weight: 450;font-size: 14px;line-height: 21px;color: var(--dark-grey2);font-family: Lato, sans-serif;font-style: normal;letter-spacing: normal;text-align: start;text-indent: 0px;text-transform: none\">Produto: REFIL P\/FILTRO AB200 C\/ROSC.ACQUABI<br \/>\nMarca: ACQUABIOS<\/p>\n<p>&#8211; Marca: Acquabios;<br \/>\n&#8211; Efici\u00eancia Bacteriol\u00f3gica: N\u00e3o se aplica;<br \/>\n&#8211; A\u00e7\u00e3o: Bacteriost\u00e1tico;<br \/>\n&#8211; Classifica\u00e7\u00e3o da Redu\u00e7\u00e3o de Cloro Livre: Com redu\u00e7\u00e3o de cloro livre;<br \/>\n&#8211; Classifica\u00e7\u00e3o da Reten\u00e7\u00e3o de Part\u00edculas: Classe D &#8211; Ret\u00e9m entre 15 a 30 \u00b5 de part\u00edculas;<br \/>\n&#8211; Vida \u00datil: 1.500 litros ou at\u00e9 6 meses;<br \/>\n&#8211; Tamanho: Ap200.<br \/>\n<\/span><\/p>\n","protected":false},"featured_media":25893,"template":"","meta":{"_joinchat":[]},"product_brand":[],"product_cat":[67],"product_tag":[],"class_list":{"0":"post-17291","1":"product","2":"type-product","3":"status-publish","4":"has-post-thumbnail","6":"product_cat-torneiras-e-cia","8":"first","9":"outofstock","10":"shipping-taxable","11":"purchasable","12":"product-type-simple"},"_links":{"self":[{"href":"https:\/\/www.multicasa.com.br\/inicio\/wp-json\/wp\/v2\/product\/17291","targetHints":{"allow":["GET"]}}],"collection":[{"href":"https:\/\/www.multicasa.com.br\/inicio\/wp-json\/wp\/v2\/product"}],"about":[{"href":"https:\/\/www.multicasa.com.br\/inicio\/wp-json\/wp\/v2\/types\/product"}],"wp:featuredmedia":[{"embeddable":true,"href":"https:\/\/www.multicasa.com.br\/inicio\/wp-json\/wp\/v2\/media\/25893"}],"wp:attachment":[{"href":"https:\/\/www.multicasa.com.br\/inicio\/wp-json\/wp\/v2\/media?parent=17291"}],"wp:term":[{"taxonomy":"product_brand","embeddable":true,"href":"https:\/\/www.multicasa.com.br\/inicio\/wp-json\/wp\/v2\/product_brand?post=17291"},{"taxonomy":"product_cat","embeddable":true,"href":"https:\/\/www.multicasa.com.br\/inicio\/wp-json\/wp\/v2\/product_cat?post=17291"},{"taxonomy":"product_tag","embeddable":true,"href":"https:\/\/www.multicasa.com.br\/inicio\/wp-json\/wp\/v2\/product_tag?post=17291"}],"curies":[{"name":"wp","href":"https:\/\/api.w.org\/{rel}","templated":true}]}}