{"id":17295,"date":"2025-06-20T19:17:52","date_gmt":"2025-06-20T23:17:52","guid":{"rendered":"https:\/\/www.multicasa.com.br\/inicio\/?post_type=product&#038;p=17295"},"modified":"2025-06-23T10:34:10","modified_gmt":"2025-06-23T14:34:10","slug":"renovador-ar-aquarela-c80-biv-westa","status":"publish","type":"product","link":"https:\/\/www.multicasa.com.br\/inicio\/produto\/renovador-ar-aquarela-c80-biv-westa\/","title":{"rendered":"Renovador Ar Aquarela C80 Biv.Westa"},"content":{"rendered":"<p>Os renovadores de ar Ventokit fazem parte de uma gama completa de solu\u00e7\u00f5es para a renova\u00e7\u00e3o e ventila\u00e7\u00e3o, que contam ainda com uma variada linha de Grades de Ventila\u00e7\u00e3o, que foram especialmente projetadas para atender e manter os padr\u00f5es de qualidade do ar em ambientes com pouca ou nenhuma ventila\u00e7\u00e3o. Nesta modalidade a troca de ar \u00e9 acionada por renovadores Ventokit, assim como o Ventokit Completo 80A Biv.Aquarela 3005500034 Westaflex que quando em funcionamento, realiza a troca de ar saturado do ambiente interno para que seja retirado para o externo. Eficiente, econ\u00f4mico e silencioso pode ser instalado no teto ou na parede, nos mais diversos ambientes residenciais ou comerciais. A garantia de 3 anos proporciona mais seguran\u00e7a e durabilidade do produto. Informa\u00e7\u00f5es t\u00e9cnicas: &#8211; Adapt\u00e1vel a tubos de \u00d8100mm &#8211; Capacidade de renova\u00e7\u00e3o nominal: 3 80 m \/h &#8211; Intensidade de corrente el\u00e9trica: 127 volts &#8211; Consumo: 0,19 A 220 volts &#8211; Material ABS com anti-UV Possui propriedade antiest\u00e1tica: repele a poeira &#8211; Pot\u00eancia nominal do aparelho: 20W &#8211; Pot\u00eancia sonora (\u00e0 1 metro): &lt;56.8 dB(A) &#8211; Recomendado para ambientes de at\u00e9* 5 m2 &#8211; Tens\u00e3o Bivolt: 127V \/ 220V.<\/p>\n","protected":false},"excerpt":{"rendered":"<h4 style=\"margin: 0px;padding: 0px 0px 16px;font-family: Lato, sans-serif;font-weight: bold;line-height: 3rem;color: var(--dark-grey3);font-size: 22px;font-style: normal;letter-spacing: normal;text-align: start;text-indent: 0px;text-transform: none\">Informa\u00e7\u00f5es t\u00e9cnicas<\/h4>\n<p><span style=\"margin: 0px;padding: 0px;font-weight: 450;font-size: 14px;line-height: 21px;color: var(--dark-grey2);font-family: Lato, sans-serif;font-style: normal;letter-spacing: normal;text-align: start;text-indent: 0px;text-transform: none\">Produto: RENOVADOR AR AQUARELA C80 BIV.WESTA<br \/>\nMarca: WESTAFLEX<\/p>\n<p>Caracteristicas:<br \/>\n&#8211; Cole\u00e7\u00e3o\/Linha: Aquarella;<br \/>\n&#8211; Cor: Multicor;<br \/>\n&#8211; Ideal Para Ambientes At\u00e9: 5 M\u00b2;<br \/>\n&#8211; Material:\tAbs;<br \/>\n&#8211; Pot\u00eancia: 20 Watts;<br \/>\n&#8211; Recomenda\u00e7\u00f5es De Uso\/Manuten\u00e7\u00e3o E Limpeza: Pano Levemente &#8211; Umedecido Com Sab\u00e3o Neutro. Possui Propriedade Antiest\u00e1tica Que Repele A &#8211; Poeira;<br \/>\n&#8211; Voltagem: Bivo.<\/span><\/p>\n","protected":false},"featured_media":25922,"template":"","meta":{"_joinchat":[]},"product_brand":[],"product_cat":[69],"product_tag":[],"class_list":{"0":"post-17295","1":"product","2":"type-product","3":"status-publish","4":"has-post-thumbnail","6":"product_cat-acessorios-para-banheiro","8":"first","9":"outofstock","10":"shipping-taxable","11":"product-type-simple"},"_links":{"self":[{"href":"https:\/\/www.multicasa.com.br\/inicio\/wp-json\/wp\/v2\/product\/17295","targetHints":{"allow":["GET"]}}],"collection":[{"href":"https:\/\/www.multicasa.com.br\/inicio\/wp-json\/wp\/v2\/product"}],"about":[{"href":"https:\/\/www.multicasa.com.br\/inicio\/wp-json\/wp\/v2\/types\/product"}],"wp:featuredmedia":[{"embeddable":true,"href":"https:\/\/www.multicasa.com.br\/inicio\/wp-json\/wp\/v2\/media\/25922"}],"wp:attachment":[{"href":"https:\/\/www.multicasa.com.br\/inicio\/wp-json\/wp\/v2\/media?parent=17295"}],"wp:term":[{"taxonomy":"product_brand","embeddable":true,"href":"https:\/\/www.multicasa.com.br\/inicio\/wp-json\/wp\/v2\/product_brand?post=17295"},{"taxonomy":"product_cat","embeddable":true,"href":"https:\/\/www.multicasa.com.br\/inicio\/wp-json\/wp\/v2\/product_cat?post=17295"},{"taxonomy":"product_tag","embeddable":true,"href":"https:\/\/www.multicasa.com.br\/inicio\/wp-json\/wp\/v2\/product_tag?post=17295"}],"curies":[{"name":"wp","href":"https:\/\/api.w.org\/{rel}","templated":true}]}}