{"id":17296,"date":"2025-06-20T19:17:52","date_gmt":"2025-06-20T23:17:52","guid":{"rendered":"https:\/\/www.multicasa.com.br\/inicio\/?post_type=product&#038;p=17296"},"modified":"2026-02-25T13:00:42","modified_gmt":"2026-02-25T17:00:42","slug":"viaplus-7000-fibras-cx-18kg-cz-viap","status":"publish","type":"product","link":"https:\/\/www.multicasa.com.br\/inicio\/produto\/viaplus-7000-fibras-cx-18kg-cz-viap\/","title":{"rendered":"Viaplus 7000 Fibras Cx 18Kg Cz Viap"},"content":{"rendered":"<p>Este produto torna mais pr\u00e1tica e eficiente a prote\u00e7\u00e3o de superf\u00edcies contra umidade e traz maior conforto e seguran\u00e7a. A Argamassa Polim\u00e9rica Viaplus 7000 Fibras 18 kg Viapol pode ser empregada no piso e em paredes de \u00e1reas frias, como cozinha, banheiro, lavabo; piscinas enterradas de concreto, caixas d\u00b4\u00e1gua, sacadas, varandas gourmet e terra\u00e7os.<\/p>\n","protected":false},"excerpt":{"rendered":"<h4 style=\"margin: 0px;padding: 0px 0px 16px;font-family: Lato, sans-serif;font-weight: bold;line-height: 3rem;color: var(--dark-grey3);font-size: 22px;font-style: normal;letter-spacing: normal;text-align: start;text-indent: 0px;text-transform: none\">Informa\u00e7\u00f5es t\u00e9cnicas<\/h4>\n<p><span style=\"margin: 0px;padding: 0px;font-weight: 450;font-size: 14px;line-height: 21px;color: var(--dark-grey2);font-family: Lato, sans-serif;font-style: normal;letter-spacing: normal;text-align: start;text-indent: 0px;text-transform: none\">Produto: VIAPLUS 7000 FIBRAS CX 18KG CZ VIAP<br \/>\nMarca: VIAPOL<\/p>\n<p>Caracteristicas:<br \/>\n&#8211; \u00c9 um produto tem excelente desempenho de flexibilidade;<br \/>\n&#8211; Tem f\u00e1cil aplica\u00e7\u00e3o;<br \/>\n&#8211; Ela n\u00e3o altera a potabilidade da \u00e1gua;<br \/>\n&#8211; Resiste a altas press\u00f5es hidrost\u00e1ticas;<br \/>\n&#8211; Argamassa Polim\u00e9rica Viaplus 7000 Fibras 18 kg Viapol \u00e9 um produto que n\u00e3o tem cheiro;<br \/>\n&#8211; Este produto \u00e9 at\u00f3xico;<br \/>\n&#8211; Pode ser utilizado em diversas superf\u00edcies como concreto, alvenaria, argamassa e gesso acartonado;<br \/>\n&#8211; Contribui para preserva\u00e7\u00e3o do im\u00f3vel;<br \/>\n&#8211; Em \u00e1reas como banheiro, cozinhas e lavanderia possibilita o assentamento direto de revestimentos sem a necessidade de prote\u00e7\u00e3o mec\u00e2nica;<br \/>\n&#8211; Como cont\u00e9m fibras sint\u00e9ticas, o uso de tela de poli\u00e9ster \u00e9 necess\u00e1rio apenas em \u00e1reas que requeiram refor\u00e7o.<\/span><\/p>\n","protected":false},"featured_media":26285,"template":"","meta":{"_joinchat":[]},"product_brand":[],"product_cat":[155],"product_tag":[],"class_list":{"0":"post-17296","1":"product","2":"type-product","3":"status-publish","4":"has-post-thumbnail","6":"product_cat-impermeabilizantes-e-cia","8":"first","9":"outofstock","10":"shipping-taxable","11":"purchasable","12":"product-type-simple"},"_links":{"self":[{"href":"https:\/\/www.multicasa.com.br\/inicio\/wp-json\/wp\/v2\/product\/17296","targetHints":{"allow":["GET"]}}],"collection":[{"href":"https:\/\/www.multicasa.com.br\/inicio\/wp-json\/wp\/v2\/product"}],"about":[{"href":"https:\/\/www.multicasa.com.br\/inicio\/wp-json\/wp\/v2\/types\/product"}],"wp:featuredmedia":[{"embeddable":true,"href":"https:\/\/www.multicasa.com.br\/inicio\/wp-json\/wp\/v2\/media\/26285"}],"wp:attachment":[{"href":"https:\/\/www.multicasa.com.br\/inicio\/wp-json\/wp\/v2\/media?parent=17296"}],"wp:term":[{"taxonomy":"product_brand","embeddable":true,"href":"https:\/\/www.multicasa.com.br\/inicio\/wp-json\/wp\/v2\/product_brand?post=17296"},{"taxonomy":"product_cat","embeddable":true,"href":"https:\/\/www.multicasa.com.br\/inicio\/wp-json\/wp\/v2\/product_cat?post=17296"},{"taxonomy":"product_tag","embeddable":true,"href":"https:\/\/www.multicasa.com.br\/inicio\/wp-json\/wp\/v2\/product_tag?post=17296"}],"curies":[{"name":"wp","href":"https:\/\/api.w.org\/{rel}","templated":true}]}}