{"id":17300,"date":"2025-06-20T19:17:53","date_gmt":"2025-06-20T23:17:53","guid":{"rendered":"https:\/\/www.multicasa.com.br\/inicio\/?post_type=product&#038;p=17300"},"modified":"2025-12-24T10:50:39","modified_gmt":"2025-12-24T14:50:39","slug":"torneira-eletrica-4800w-127v-branca-lorenzetti","status":"publish","type":"product","link":"https:\/\/www.multicasa.com.br\/inicio\/produto\/torneira-eletrica-4800w-127v-branca-lorenzetti\/","title":{"rendered":"Torneira El\u00e9trica 4800W 127V Branca Lorenzetti"},"content":{"rendered":"<p>A Torneira indispens\u00e1vel no dia a dia. Possui 4 temperaturas. Pr\u00e1tica de usar e econ\u00f4mica, reduz substancialmente o uso de \u00e1gua e detergente para eliminar a gordura e lavar a lou\u00e7a, tornando a tarefa muito mais f\u00e1cil e r\u00e1pida. Registro 1\/4 de volta com pastilha cer\u00e2mica. Seguran\u00e7a e facilidade no manuseio.<\/p>\n","protected":false},"excerpt":{"rendered":"<h4 style=\"margin: 0px;padding: 0px 0px 16px;font-family: Lato, sans-serif;font-weight: bold;line-height: 3rem;color: var(--dark-grey3);font-size: 22px;font-style: normal;letter-spacing: normal;text-align: start;text-indent: 0px;text-transform: none\">Informa\u00e7\u00f5es t\u00e9cnicas<\/h4>\n<p><span style=\"margin: 0px;padding: 0px;font-weight: 450;font-size: 14px;line-height: 21px;color: var(--dark-grey2);font-family: Lato, sans-serif;font-style: normal;letter-spacing: normal;text-align: start;text-indent: 0px;text-transform: none\">Produto: Torneira el\u00e9trica<br \/>\nMarca: Lorenzetti<br \/>\nCor: Branca<br \/>\nCaracter\u00edsticas:<br \/>\n&#8211; 4800W<br \/>\n&#8211; 127V<br \/>\n&#8211; 4 temperaturas<br \/>\n&#8211; 1\/4 de volta<\/span><\/p>\n","protected":false},"featured_media":26131,"template":"","meta":{"_joinchat":[]},"product_brand":[],"product_cat":[67],"product_tag":[],"class_list":{"0":"post-17300","1":"product","2":"type-product","3":"status-publish","4":"has-post-thumbnail","6":"product_cat-torneiras-e-cia","8":"first","9":"instock","10":"shipping-taxable","11":"purchasable","12":"product-type-simple"},"_links":{"self":[{"href":"https:\/\/www.multicasa.com.br\/inicio\/wp-json\/wp\/v2\/product\/17300","targetHints":{"allow":["GET"]}}],"collection":[{"href":"https:\/\/www.multicasa.com.br\/inicio\/wp-json\/wp\/v2\/product"}],"about":[{"href":"https:\/\/www.multicasa.com.br\/inicio\/wp-json\/wp\/v2\/types\/product"}],"wp:featuredmedia":[{"embeddable":true,"href":"https:\/\/www.multicasa.com.br\/inicio\/wp-json\/wp\/v2\/media\/26131"}],"wp:attachment":[{"href":"https:\/\/www.multicasa.com.br\/inicio\/wp-json\/wp\/v2\/media?parent=17300"}],"wp:term":[{"taxonomy":"product_brand","embeddable":true,"href":"https:\/\/www.multicasa.com.br\/inicio\/wp-json\/wp\/v2\/product_brand?post=17300"},{"taxonomy":"product_cat","embeddable":true,"href":"https:\/\/www.multicasa.com.br\/inicio\/wp-json\/wp\/v2\/product_cat?post=17300"},{"taxonomy":"product_tag","embeddable":true,"href":"https:\/\/www.multicasa.com.br\/inicio\/wp-json\/wp\/v2\/product_tag?post=17300"}],"curies":[{"name":"wp","href":"https:\/\/api.w.org\/{rel}","templated":true}]}}